{"id":10,"date":"2018-09-04T13:47:19","date_gmt":"2018-09-04T11:47:19","guid":{"rendered":"http:\/\/bavarian-bondage.mysupr.de\/agb\/"},"modified":"2025-07-20T08:34:26","modified_gmt":"2025-07-20T06:34:26","slug":"generelle-vilkar-og-betingelser","status":"publish","type":"page","link":"https:\/\/bavarian-bondage.de\/da\/agb\/","title":{"rendered":"Vilk\u00e5r og betingelser"},"content":{"rendered":"<div data-elementor-type=\"wp-post\" data-elementor-id=\"10\" class=\"elementor elementor-10\" data-elementor-post-type=\"page\">\n\t\t\t\t<div class=\"elementor-element elementor-element-664daa6 e-con-full e-flex e-con e-parent\" data-id=\"664daa6\" data-element_type=\"container\" data-e-type=\"container\">\n\t\t\t\t<div class=\"elementor-element elementor-element-3db340b elementor-widget elementor-widget-text-editor\" data-id=\"3db340b\" data-element_type=\"widget\" data-e-type=\"widget\" data-widget_type=\"text-editor.default\">\n\t\t\t\t\t\t\t\t\t<p><strong>Generelle vilk\u00e5r og betingelser og kundeoplysninger<\/strong><br \/><br \/><strong>I. Generelle vilk\u00e5r og betingelser<\/strong><br \/><br \/><strong>\u00a7 1 Grundl\u00e6ggende bestemmelser<\/strong><br \/><br \/><strong>(1)<\/strong>\u00a0F\u00f8lgende vilk\u00e5r og betingelser g\u00e6lder for kontrakter, som du indg\u00e5r med os som udbyder\u00a0<strong>(Andreas Venus)<\/strong>\u00a0via hjemmesiden www.bavarian-bondage.de. Medmindre andet er aftalt, g\u00f8res der indsigelse mod medtagelsen af eventuelle vilk\u00e5r og betingelser, du m\u00e5tte have brugt.<br \/><br \/><strong>(2)<\/strong>\u00a0En forbruger i betydningen af f\u00f8lgende regler er enhver fysisk person, der indg\u00e5r en juridisk transaktion med form\u00e5l, der ikke overvejende kan henf\u00f8res til hverken deres kommercielle eller selvst\u00e6ndige erhvervsm\u00e6ssige aktivitet. En iv\u00e6rks\u00e6tter er enhver fysisk eller juridisk person eller et partnerskab med retlig handleevne, der, n\u00e5r de indg\u00e5r en juridisk transaktion, handler i ud\u00f8velsen af deres selvst\u00e6ndige professionelle eller kommercielle aktivitet.<br \/><br \/><strong>\u00a7 2 Kontraktindg\u00e5else<\/strong><br \/><br \/><strong>(1)<\/strong>\u00a0Genstanden for kontrakten er salg af varer.<br \/><br \/><strong>(2)<\/strong>\u00a0N\u00e5r du placerer det p\u00e5g\u00e6ldende produkt p\u00e5 vores hjemmeside, giver vi dig et bindende tilbud om at indg\u00e5 en kontrakt via online indk\u00f8bskurvsystemet under de betingelser, der er angivet i varebeskrivelsen.\u00a0<br \/><br \/><strong>(3)<\/strong>\u00a0Kontrakten indg\u00e5s via online indk\u00f8bskurvsystemet som f\u00f8lger:<br \/>De varer, der skal k\u00f8bes, l\u00e6gges i &quot;indk\u00f8bskurven&quot;. Du kan bruge den tilsvarende knap i navigationslinjen for at f\u00e5 adgang til &quot;indk\u00f8bskurven&quot; og til enhver tid foretage \u00e6ndringer der.<br \/>N\u00e5r du har klikket p\u00e5 knappen &quot;Checkout&quot; eller &quot;Forts\u00e6t med at bestille&quot; (eller lignende navn) og indtastet dine personlige data samt betalings- og forsendelsesbetingelserne, vil ordreoplysningerne blive vist for dig som en ordreoversigt.<br \/><br \/>Hvis du bruger et \u00f8jeblikkeligt betalingssystem (f.eks. PayPal (Express\/Plus\/Checkout), Amazon Pay, Sofort) som betalingsmetode, bliver du enten f\u00f8rt til ordreoversigtssiden i vores onlinebutik eller omdirigeret til udbyderens hjemmeside for \u00f8jeblikkeligt betalingssystemet.<br \/>Hvis du videresendes til det respektive \u00f8jeblikkelige betalingssystem, skal du foretage det relevante valg eller indtaste dine data der. Til sidst vil ordredataene blive vist som en ordreoversigt p\u00e5 hjemmesiden for udbyderen af det \u00f8jeblikkelige betalingssystem eller efter at du er blevet omdirigeret tilbage til vores online shop.<br \/><br \/>Inden du sender ordren, har du mulighed for at tjekke oplysningerne i ordreoversigten igen, \u00e6ndre dem (ogs\u00e5 ved hj\u00e6lp af &quot;tilbage&quot;-funktionen i internetbrowseren) eller annullere ordren.<\/p><div>Ved at afgive ordren ved hj\u00e6lp af den tilsvarende knap (&quot;bestil med betaling&quot;, &quot;k\u00f8b&quot; \/ &quot;k\u00f8b nu&quot;, &quot;bestil med betaling&quot;, &quot;betal&quot; \/ &quot;betal nu&quot; eller lignende udtryk) erkl\u00e6rer du din juridisk bindende accept af tilbud, hvorved kontrakten tr\u00e6der i kraft.<\/div><div>\u00a0<\/div><p><strong>(4)<\/strong>\u00a0Dine anmodninger om at oprette et tilbud er ikke bindende for dig. Vi giver dig et bindende tilbud i tekstform (f.eks. via e-mail), som du kan acceptere inden for 5 dage (medmindre en anden frist er angivet i det respektive tilbud).<br \/><br \/><strong>(5)<\/strong>\u00a0Behandlingen af ordren og transmissionen af alle n\u00f8dvendige oplysninger i forbindelse med indg\u00e5elsen af kontrakten er delvist automatiseret via e-mail. Du skal derfor sikre dig, at den e-mailadresse, du oplyser til os, er korrekt, at modtagelsen af e-mails er teknisk sikret og i s\u00e6rdeleshed, at den ikke forhindres af SPAM-filtre.<br \/><br \/><strong>\u00a7 3<\/strong>\u00a0<strong>Individuelt designede varer<\/strong><br \/><br \/><strong>(1)\u00a0<\/strong>Du giver os de relevante oplysninger, tekster eller filer, der kr\u00e6ves til den individuelle udformning af varerne via online-bestillingssystemet eller via e-mail senest umiddelbart efter indg\u00e5else af kontrakten. Vores eventuelle specifikationer vedr\u00f8rende filformater skal overholdes.<br \/>\u00a0<br \/><strong>(2)<\/strong>\u00a0Du forpligter dig til ikke at overf\u00f8re data, hvis indhold kr\u00e6nker tredjeparters rettigheder (is\u00e6r ophavsrettigheder, navnerettigheder, varem\u00e6rkerettigheder) eller overtr\u00e6der eksisterende love. Du fritager os udtrykkeligt fra alle tredjepartskrav fremsat i denne sammenh\u00e6ng. Dette g\u00e6lder ogs\u00e5 omkostningerne til den advokatbistand, der kr\u00e6ves i denne sammenh\u00e6ng.<br \/>\u00a0<br \/><strong>(3)<\/strong>\u00a0Vi kontrollerer ikke de overf\u00f8rte data for n\u00f8jagtighed og p\u00e5tager os derfor intet ansvar for fejl.<br \/><br \/><strong>\u00a7 4 Indg\u00e5else af kontrakt for kurser<\/strong><br \/><br \/><strong>(1)<\/strong>\u00a0Kontraktens emne er gennemf\u00f8relse af kurser.<br \/><br \/>Vores tilbud p\u00e5 internettet er ikke bindende og udg\u00f8r ikke et bindende tilbud om indg\u00e5else af en kontrakt.<br \/><br \/><strong>(2)<\/strong>\u00a0Dine anmodninger om at oprette et tilbud er ikke bindende for dig. Vi giver dig et bindende tilbud i tekstform (f.eks. via e-mail), som du kan acceptere inden for 5 dage (medmindre en anden frist er angivet i det respektive tilbud).<br \/><br \/><strong>(3)<\/strong>\u00a0Behandlingen af ordren og transmissionen af alle n\u00f8dvendige oplysninger i forbindelse med indg\u00e5elsen af kontrakten er delvist automatiseret via e-mail. Du skal derfor sikre dig, at den e-mailadresse, du oplyser til os, er korrekt, at modtagelsen af e-mails er teknisk sikret og i s\u00e6rdeleshed, at den ikke forhindres af SPAM-filtre.<br \/><br \/><strong>\u00a7 5 Ydelse af ydelser til kurser<\/strong><br \/><br \/><strong>(1)<\/strong>\u00a0Kurserne vil blive gennemf\u00f8rt i den form, der er beskrevet i de respektive tilbud p\u00e5 de aftalte datoer.<br \/><br \/><strong>(2)<\/strong>\u00a0S\u00e5fremt gennemf\u00f8relsen af kurserne afh\u00e6nger af deltagerantallet, er minimum antal deltagere fastsat af det respektive tilbud.<br \/>Hvis minimumsantallet af deltagere ikke n\u00e5s, informerer vi dig i tekstform (f.eks. p\u00e5 mail) mindst 7 dage f\u00f8r kursusstart, at det bookede kursus ikke finder sted. I dette tilf\u00e6lde vil alle allerede leverede tjenester blive refunderet med det samme.<br \/><br \/><strong>(3)<\/strong>\u00a0Hvis et enkelt arrangement aflyses p\u00e5 grund af kortvarigt frav\u00e6r af kursuslederen p\u00e5 grund af sygdom eller anden v\u00e6sentlig \u00e5rsag, refunderes allerede leverede ydelser omg\u00e5ende.<br \/>Ved arrangementer, der best\u00e5r af flere arrangementsdatoer, aflyses en tid p\u00e5 grund af, at kursusinstrukt\u00f8ren er forhindret i at m\u00f8de op med kort varsel p\u00e5 grund af sygdom eller anden v\u00e6sentlig \u00e5rsag, tages den aflyste tid p\u00e5 en alternativ dato.<br \/><br \/><strong>(4)<\/strong>\u00a0I forbindelse med brug af kursuslokaler og genstande skal du overholde de lokale husorden. Du skal f\u00f8lge vores anvisninger eller kursusinstrukt\u00f8rens anvisninger.<br \/><br \/><strong>\u00a7 6 Fortrydelse \/ Annullering<\/strong><br \/><br \/><strong>(1)<\/strong>\u00a0Du kan fortryde kontrakten gratis op til 7 dage f\u00f8r kursusstart. Fortrydelse skal ske i tekstform (f.eks. e-mail). Det relevante tidspunkt for at overholde fristen er, hvorn\u00e5r vi modtager fortrydelseserkl\u00e6ringen.<br \/>Det er ikke l\u00e6ngere muligt at fortryde mindre end 7 dage f\u00f8r kursusstart.<br \/><br \/><strong>(2)<\/strong>\u00a0Ved manglende eller delvis deltagelse p\u00e5 det bookede kursus er der ikke mulighed for tilbagebetaling af kursusgebyrer.<br \/><br \/><strong>(3)<\/strong>\u00a0Den lovbestemte fortrydelsesret p\u00e5virkes ikke af dette, uanset om denne yderligere fortrydelsesret eksisterer eller ikke eksisterer.<br \/><br \/><strong>\u00a7 7 Erstatningsdeltagere<\/strong><br \/><br \/>Du kan til enhver tid inden kursusstart navngive en erstatningsdeltager. Du vil ikke p\u00e5drage dig nogen omkostninger for denne ombooking.<br \/><br \/><strong>\u00a7 8 S\u00e6rlige aftaler om udbudte betalingsformer<\/strong><br \/><br \/><strong>(1) Betaling via Klarna<\/strong><br \/>I samarbejde med betalingstjenesteudbyderen Klarna Bank AB (publ) (Sveav\u00e4gen 46, 111 34 Stockholm, Sverige; &quot;Klarna&quot;) tilbyder vi f\u00f8lgende betalingsmuligheder. Betaling sker til Klarna:<\/p><ul><li><strong>Direkte debitering\u00a0<\/strong>(&quot;Betal nu&quot;)<\/li><\/ul><ul><li><strong>\u00d8jeblikkelig overf\u00f8rsel\u00a0<\/strong>(&quot;Betal nu&quot;)<\/li><\/ul><p>Brugen af betalingsmetoderne faktura og\/eller ratek\u00f8b og\/eller direkte debitering kr\u00e6ver en positiv kreditkontrol. I den forbindelse videregiver vi som en del af k\u00f8bsinitieringen og behandlingen af k\u00f8bskontrakten dine data til Klarna med henblik p\u00e5 adresse- og kreditv\u00e6rdighedskontrol. Forst\u00e5 venligst, at vi kun kan tilbyde dig de betalingsmetoder, der er tilladt baseret p\u00e5 resultaterne af kredittjekket.<br \/><br \/>Yderligere information om Klarna og Klarnas brugsbetingelser for Tyskland kan findes p\u00e5\u00a0<a href=\"https:\/\/cdn.klarna.com\/1.0\/shared\/content\/legal\/terms\/0\/de_de\/user\" target=\"_blank\" rel=\"noopener\">https:\/\/cdn.klarna.com\/1.0\/shared\/content\/legal\/terms\/0\/de_de\/user<\/a>\u00a0og\u00a0<a href=\"https:\/\/www.klarna.com\/de\/\" target=\"_blank\" rel=\"noopener\">https:\/\/www.klarna.com\/de\/<\/a>.<br \/><br \/><strong>(2)\u00a0<\/strong><strong>Betaling via &quot;PayPal&quot; \/ &quot;PayPal Checkout&quot;<\/strong><br \/>Hvis du v\u00e6lger en betalingsmetode, der tilbydes via &quot;PayPal&quot; \/ &quot;PayPal Checkout&quot;, behandles betalingen via betalingstjenesteudbyderen PayPal (Europe) S.\u00e0.rl et Cie, SCA (22-24 Boulevard Royal L-2449, Luxembourg; &quot;PayPal&quot;). De individuelle betalingsmetoder via &quot;PayPal&quot; vises for dig under en tilsvarende m\u00e6rket knap p\u00e5 vores hjemmeside og i online bestillingsprocessen. &quot;PayPal&quot; kan bruge andre betalingstjenester til betalingsbehandling; Hvis s\u00e6rlige betalingsbetingelser g\u00f8r sig g\u00e6ldende, vil du blive informeret om disse s\u00e6rskilt. Yderligere information om &quot;PayPal&quot; kan findes p\u00e5\u00a0<a href=\"https:\/\/www.paypal.com\/de\/webapps\/mpp\/ua\/legalhub-full\" target=\"_blank\" rel=\"noopener\">https:\/\/www.paypal.com\/de\/webapps\/mpp\/ua\/legalhub-full<\/a>.<br \/><br \/><strong>\u00a7 9 Tilbageholdelsesret<\/strong><strong>, ejendomsforbehold<\/strong><br \/><br \/><strong>(1)<\/strong>\u00a0Du kan kun ud\u00f8ve en tilbageholdelsesret, hvis det drejer sig om krav fra samme kontraktforhold.<br \/><br \/><strong>(2)<\/strong>\u00a0Varerne forbliver vores ejendom, indtil k\u00f8besummen er betalt fuldt ud.<br \/><br \/><strong>(3)<\/strong>\u00a0Er du iv\u00e6rks\u00e6tter, g\u00e6lder f\u00f8lgende ogs\u00e5:<br \/><br \/>a) Vi forbeholder os ejendomsretten til varerne, indtil alle krav fra det igangv\u00e6rende forretningsforhold er fuldt ud afgjort. Pants\u00e6tning eller overdragelse af sikkerhed er ikke tilladt, f\u00f8r ejendomsretten til de forbeholdte varer er overdraget.<br \/><br \/>b) Du kan videres\u00e6lge varerne i den almindelige virksomhed. I dette tilf\u00e6lde overdrager du os alle krav til et bel\u00f8b svarende til fakturabel\u00f8bet, der opst\u00e5r ved videresalget, og vi accepterer overdragelsen. Du har stadig ret til at inddrive kravet. Men hvis du ikke opfylder dine betalingsforpligtelser korrekt, forbeholder vi os retten til selv at inddrive kravet.<br \/><br \/>c) Hvis de reserverede varer kombineres eller blandes, erhverver vi medejerskab af den nye vare i forholdet mellem fakturav\u00e6rdien af de reserverede varer og de \u00f8vrige forarbejdede varer p\u00e5 forarbejdningstidspunktet.<br \/><br \/>d) Vi forpligter os til at frigive de v\u00e6rdipapirer, som vi er berettiget til p\u00e5 din anmodning, i det omfang realisationsv\u00e6rdien af vores v\u00e6rdipapirer overstiger det krav, der skal sikres med mere end 10%. Vi er ansvarlige for at udv\u00e6lge de v\u00e6rdipapirer, der skal frigives.<br \/><br \/><strong>\u00a7 10 Garanti<\/strong><br \/><br \/><strong>(1)\u00a0<\/strong>De lovbestemte ansvarsrettigheder for mangler g\u00e6lder.<br \/><br \/><strong>(2)<\/strong>\u00a0Som forbruger bedes du straks ved leveringen kontrollere varerne for fuldst\u00e6ndighed, \u00e5benlyse mangler og transportskader samt hurtigst muligt at indberette eventuelle reklamationer til os og spedit\u00f8ren. Hvis du ikke overholder dette, har dette ingen indflydelse p\u00e5 dine lovpligtige garantikrav.<br \/><br \/><strong>(3)\u00a0<\/strong>Hvis et tr\u00e6k ved varen afviger fra de objektive krav, anses afvigelsen kun for at v\u00e6re aftalt, hvis du blev informeret om det samme, f\u00f8r vi afgav kontrakterkl\u00e6ringen, og afvigelsen var udtrykkeligt og s\u00e6rskilt aftalt mellem de kontraherende parter.<br \/><br \/><strong>(4)<\/strong>\u00a0Hvis du er iv\u00e6rks\u00e6tter, g\u00e6lder f\u00f8lgende garantibestemmelser:<br \/><br \/><strong>en)\u00a0\u00a0<\/strong>Kun vores egne oplysninger og producentens produktbeskrivelse anses for at v\u00e6re aftalt med hensyn til varens kvalitet, men ikke anden reklame, offentlig ros og udtalelser fra producenten.<br \/><br \/><strong>b)\u00a0\u00a0<\/strong>I tilf\u00e6lde af defekter vil vi efter vores sk\u00f8n yde garanti gennem reparation eller efterf\u00f8lgende levering. Hvis manglen ikke kan afhj\u00e6lpes, kan du enten anmode om afslag i prisen eller fortryde kontrakten. Afhj\u00e6lpningen af manglen anses for mislykket efter et mislykket andet fors\u00f8g, medmindre varens art eller manglen eller andre omst\u00e6ndigheder indikerer andet. I tilf\u00e6lde af reparation skal vi ikke afholde de \u00f8gede omkostninger, der opst\u00e5r ved at flytte varen til et andet sted end udf\u00f8relsesstedet, hvis leveringen ikke svarer til varens p\u00e5t\u00e6nkte anvendelse.<br \/><br \/><strong>c) \u00a0<\/strong>Garantiperioden er et \u00e5r fra levering af varerne. Forkortelsen af fristen g\u00e6lder ikke:<br \/><br \/>\u2013 for skyldigt for\u00e5rsagede skader, der kan tilskrives os, som f\u00f8lge af skader p\u00e5 liv, krop eller helbred og andre skader for\u00e5rsaget fors\u00e6tligt eller ved grov uagtsomhed;<br \/>\u2013 hvis vi svigagtigt skjulte manglen eller p\u00e5tog os en garanti for varens kvalitet;<br \/>\u2013 for genstande, der blev brugt til en bygning i overensstemmelse med deres normale brug og for\u00e5rsagede dens mangler;<br \/>\u2013 i tilf\u00e6lde af retskrav, som du har mod os i forbindelse med mangelsrettigheder.<br \/><br \/><strong>\u00a7 11 Lovvalg<\/strong><br \/><br \/><strong>(1)<\/strong>\u00a0Tysk lov g\u00e6lder. For forbrugere g\u00e6lder dette lovvalg kun i det omfang, beskyttelsen, der er givet ved ufravigelige bestemmelser i loven i forbrugerens s\u00e6dvanlige opholdsland, ikke tr\u00e6kkes tilbage (begunstigelsesprincippet).<br \/><br \/><strong>(2)<\/strong>\u00a0Bestemmelserne i FN-konventionen om kontrakter om internationale k\u00f8b af varer g\u00e6lder udtrykkeligt ikke.<br \/><br \/><br \/><\/p><hr \/><p><br \/><br \/><strong>II. Kundeoplysninger<\/strong><br \/><br \/><strong>1. S\u00e6lgers identitet<\/strong><br \/><br \/>Andreas Venus<br \/>Haidberg 2<br \/>94379 Sankt Englmar<br \/>Tyskland<br \/>Telefon: 016091594448<br \/>E-mail: info@bavarian-bondage.de<br \/><br \/><br \/>Vi er villige, men ikke forpligtede, til at deltage i tvistbil\u00e6ggelsessager for forbrugervoldgiftsn\u00e6vn.<br \/><br \/><strong>2. Oplysninger om indg\u00e5else af kontrakten<\/strong><br \/><br \/>De tekniske trin til indg\u00e5else af kontrakten, indg\u00e5elsen af selve kontrakten og rettelsesmulighederne udf\u00f8res i overensstemmelse med bestemmelserne &quot;Kontraktindg\u00e5else&quot; i vores generelle vilk\u00e5r og betingelser (Del I.).<br \/><br \/><strong>3. Kontraktsprog, kontrakttekstlagring<\/strong><br \/><br \/>3.1. Kontraktsproget er tysk.<br \/><br \/>3.2. Vi gemmer ikke hele kontraktteksten. Inden afsendelse af ordren via online indk\u00f8bskurvsystemet, kan kontraktdata udskrives eller gemmes elektronisk ved hj\u00e6lp af browserens printfunktion. Efter at vi har modtaget ordren, vil ordredataene, de lovpligtige oplysninger til fjernsalgsaftaler og de generelle vilk\u00e5r og betingelser blive sendt til dig igen via e-mail.<br \/><br \/>3.3. Hvis du anmoder om et tilbud uden for online-indk\u00f8bsvognssystemet, modtager du alle kontraktdata som en del af et bindende tilbud i tekstform, fx p\u00e5 mail, som du kan printe ud eller gemme elektronisk.<br \/><br \/><strong>4. Adf\u00e6rdskodekser<\/strong><br \/><br \/>4.1. Vi har underkastet os k\u00f8berseglingskvalitetskriterierne fra Merchant Association Management AG, som kan ses p\u00e5:\u00a0<a href=\"https:\/\/www.haendlerbund.de\/de\/downloads\/kaeufersiegel\/kaeufersiegel-zertifizierungskriterien.pdf\" target=\"_blank\" rel=\"noopener\" data-saferedirecturl=\"https:\/\/www.google.com\/url?q=https:\/\/www.haendlerbund.de\/de\/downloads\/kaeufersiegel\/kaeufersiegel-zertifizierungskriterien.pdf&amp;source=gmail&amp;ust=1595571225131000&amp;usg=AFQjCNFe5mk3H_qoqXPKQq9eTI32jhhuHg\">https:\/\/www.haendlerbund.de\/de\/downloads\/kaeufersiegel\/kaeufersiegel-zertifizierungskriterien.pdf<\/a>.<br \/><br \/><strong>5. V\u00e6sentlige egenskaber ved varerne eller tjenesteydelserne<\/strong><br \/><br \/>De v\u00e6sentlige egenskaber ved varerne og\/eller tjenesteydelserne kan findes i det respektive tilbud.<br \/><br \/><strong>6. Priser og betalingsmetoder<\/strong><br \/><br \/>6.1. Priserne angivet i de respektive tilbud samt forsendelsesomkostningerne repr\u00e6senterer de samlede priser. De inkluderer alle priskomponenter inklusive alle g\u00e6ldende afgifter.<br \/><br \/>6.2. De p\u00e5l\u00f8bne fragtomkostninger er ikke inkluderet i k\u00f8bsprisen. De kan tilg\u00e5s via en tilsvarende m\u00e6rket knap p\u00e5 vores hjemmeside eller i det respektive tilbud, vises separat under bestillingsprocessen og afholdes yderligere af dig, medmindre der er garanteret gratis fragt.<br \/><br \/>6.3. Eventuelle omkostninger ved overf\u00f8rsel af penge (overf\u00f8rsels- eller valutakursgebyrer fra kreditinstitutter) skal afholdes af dig i tilf\u00e6lde, hvor leveringen sker til et EU-medlemsland, men betalingen er foretaget uden for EU.<br \/><br \/>6.4. De tilg\u00e6ngelige betalingsmetoder vises under en tilsvarende m\u00e6rket knap p\u00e5 vores hjemmeside eller i det respektive tilbud.<br \/><br \/>6.5. Medmindre andet er angivet for de enkelte betalingsformer, forfalder betalingskravene, der udspringer af den indg\u00e5ede kontrakt, straks til betaling.<br \/><br \/>6.6. Medmindre andet er aftalt, skal der ved reservation af kurser betales p\u00e5 stedet senest p\u00e5 kursusdatoen inden kursusstart, ellers er der ikke ret til deltagelse.<br \/><br \/><strong>7. Leveringsbetingelser<\/strong><br \/><br \/>7.1. Leveringsbetingelserne, leveringsdatoen og eventuelle eksisterende leveringsbegr\u00e6nsninger kan findes under en tilsvarende m\u00e6rket knap p\u00e5 vores hjemmeside eller i det respektive tilbud.<br \/><br \/>7.2. Hvis du er forbruger, er det reguleret ved lov, at risikoen for h\u00e6ndeligt tab og h\u00e6ndelig forringelse af den solgte vare under forsendelsen f\u00f8rst overg\u00e5r til dig, n\u00e5r varerne udleveres til dig, uanset om forsendelsen er forsikret eller uforsikret. Dette g\u00e6lder ikke, hvis du selvst\u00e6ndigt har bestilt et transportfirma, der ikke er navngivet af iv\u00e6rks\u00e6tteren eller en anden person, der er udpeget til at udf\u00f8re forsendelsen.<br \/><br \/>Hvis du er iv\u00e6rks\u00e6tter, er levering og forsendelse p\u00e5 din risiko.<br \/><br \/><strong>8. Lovbestemt ansvarslov for mangler<\/strong><br \/><br \/>Ansvar for defekter er baseret p\u00e5 &quot;Garanti&quot;-forordningen i vores generelle vilk\u00e5r og betingelser (del I).<br \/><br \/>Disse generelle forretningsbetingelser og kundeoplysninger er udarbejdet af forhandlerforeningens advokater, der er specialiseret i IT-ret og l\u00f8bende kontrolleres for lovoverholdelse. Merchant Association Management AG garanterer teksternes retssikkerhed og er ansvarlig i tilf\u00e6lde af advarsler. Yderligere information kan findes p\u00e5:\u00a0<a href=\"https:\/\/www.haendlerbund.de\/de\/leistungen\/rechtssicherheit\/agb-service\" target=\"_blank\" rel=\"noopener\" data-saferedirecturl=\"https:\/\/www.google.com\/url?q=https:\/\/www.haendlerbund.de\/de\/leistungen\/rechtssicherheit\/agb-service&amp;source=gmail&amp;ust=1595571225131000&amp;usg=AFQjCNFRXstfsBqXtZxEv0RC9XDgevh1EQ\">https:\/\/www.haendlerbund.de\/de\/leistungen\/rechtssicherheit\/agb-service<\/a>.<br \/><br \/>sidst opdateret: 22. oktober 2024<br \/><br \/><\/p>\t\t\t\t\t\t\t\t<\/div>\n\t\t\t\t<\/div>\n\t\t\t\t<\/div>","protected":false},"excerpt":{"rendered":"<p>Allgemeine Gesch\u00e4ftsbedingungen und Kundeninformationen I. Allgemeine Gesch\u00e4ftsbedingungen \u00a7 1 Grundlegende Bestimmungen (1)\u00a0Die nachstehenden Gesch\u00e4ftsbedingungen gelten f\u00fcr Vertr\u00e4ge, die Sie mit uns als Anbieter\u00a0(Andreas Venus)\u00a0\u00fcber die Internetseite www.bavarian-bondage.de schlie\u00dfen. Soweit nicht anders vereinbart, wird der Einbeziehung gegebenenfalls von Ihnen verwendeter eigener Bedingungen widersprochen. (2)\u00a0Verbraucher im Sinne der nachstehenden Regelungen ist jede nat\u00fcrliche Person, die ein Rechtsgesch\u00e4ft [&hellip;]<\/p>\n","protected":false},"author":3,"featured_media":0,"parent":0,"menu_order":0,"comment_status":"closed","ping_status":"closed","template":"","meta":{"footnotes":""},"class_list":["post-10","page","type-page","status-publish","hentry"],"_links":{"self":[{"href":"https:\/\/bavarian-bondage.de\/da\/wp-json\/wp\/v2\/pages\/10","targetHints":{"allow":["GET"]}}],"collection":[{"href":"https:\/\/bavarian-bondage.de\/da\/wp-json\/wp\/v2\/pages"}],"about":[{"href":"https:\/\/bavarian-bondage.de\/da\/wp-json\/wp\/v2\/types\/page"}],"author":[{"embeddable":true,"href":"https:\/\/bavarian-bondage.de\/da\/wp-json\/wp\/v2\/users\/3"}],"replies":[{"embeddable":true,"href":"https:\/\/bavarian-bondage.de\/da\/wp-json\/wp\/v2\/comments?post=10"}],"version-history":[{"count":5,"href":"https:\/\/bavarian-bondage.de\/da\/wp-json\/wp\/v2\/pages\/10\/revisions"}],"predecessor-version":[{"id":15411,"href":"https:\/\/bavarian-bondage.de\/da\/wp-json\/wp\/v2\/pages\/10\/revisions\/15411"}],"wp:attachment":[{"href":"https:\/\/bavarian-bondage.de\/da\/wp-json\/wp\/v2\/media?parent=10"}],"curies":[{"name":"wp","href":"https:\/\/api.w.org\/{rel}","templated":true}]}}