{"id":1104,"date":"2016-01-23T21:24:14","date_gmt":"2016-01-23T20:24:14","guid":{"rendered":"https:\/\/bavarian-bondage.mysupr.de\/bondageseile\/"},"modified":"2024-09-01T19:18:28","modified_gmt":"2024-09-01T17:18:28","slug":"bondage-reb","status":"publish","type":"page","link":"https:\/\/bavarian-bondage.de\/da\/bondageseile\/","title":{"rendered":"Bondage reb"},"content":{"rendered":"<div data-elementor-type=\"wp-post\" data-elementor-id=\"1104\" class=\"elementor elementor-1104\" data-elementor-post-type=\"page\">\n\t\t\t\t<div class=\"elementor-element elementor-element-245a058 e-flex e-con-boxed e-con e-parent\" data-id=\"245a058\" data-element_type=\"container\" data-e-type=\"container\" data-settings=\"{&quot;background_background&quot;:&quot;classic&quot;}\">\n\t\t\t\t\t<div class=\"e-con-inner\">\n\t\t<div class=\"elementor-element elementor-element-da084e0 e-con-full e-flex e-con e-child\" data-id=\"da084e0\" data-element_type=\"container\" data-e-type=\"container\" data-settings=\"{&quot;background_background&quot;:&quot;classic&quot;}\">\n\t\t\t\t<div class=\"elementor-element elementor-element-ea1dfa2 elementor-widget elementor-widget-spacer\" data-id=\"ea1dfa2\" data-element_type=\"widget\" data-e-type=\"widget\" data-widget_type=\"spacer.default\">\n\t\t\t\t\t\t\t<div class=\"elementor-spacer\">\n\t\t\t<div class=\"elementor-spacer-inner\"><\/div>\n\t\t<\/div>\n\t\t\t\t\t\t<\/div>\n\t\t\t\t<div class=\"elementor-element elementor-element-f005b98 elementor-widget elementor-widget-heading\" data-id=\"f005b98\" data-element_type=\"widget\" data-e-type=\"widget\" data-widget_type=\"heading.default\">\n\t\t\t\t\t<h2 class=\"elementor-heading-title elementor-size-default\">Hamp og jute reb, s\u00e5 ens og alligevel forskellige!<\/h2>\t\t\t\t<\/div>\n\t\t\t\t<div class=\"elementor-element elementor-element-4af304a elementor-widget elementor-widget-spacer\" data-id=\"4af304a\" data-element_type=\"widget\" data-e-type=\"widget\" data-widget_type=\"spacer.default\">\n\t\t\t\t\t\t\t<div class=\"elementor-spacer\">\n\t\t\t<div class=\"elementor-spacer-inner\"><\/div>\n\t\t<\/div>\n\t\t\t\t\t\t<\/div>\n\t\t\t\t<\/div>\n\t\t\t\t\t<\/div>\n\t\t\t\t<\/div>\n\t\t<div class=\"elementor-element elementor-element-00244d7 e-flex e-con-boxed e-con e-parent\" data-id=\"00244d7\" data-element_type=\"container\" data-e-type=\"container\">\n\t\t\t\t\t<div class=\"e-con-inner\">\n\t\t<div class=\"elementor-element elementor-element-b9932de e-con-full e-flex e-con e-child\" data-id=\"b9932de\" data-element_type=\"container\" data-e-type=\"container\" data-settings=\"{&quot;background_background&quot;:&quot;classic&quot;}\">\n\t\t<div class=\"elementor-element elementor-element-bc3dac0 e-con-full e-flex e-con e-child\" data-id=\"bc3dac0\" data-element_type=\"container\" data-e-type=\"container\">\n\t\t<div class=\"elementor-element elementor-element-6fdd22d e-con-full e-flex e-con e-child\" data-id=\"6fdd22d\" data-element_type=\"container\" data-e-type=\"container\">\n\t\t\t\t<div class=\"elementor-element elementor-element-3c38ffd elementor-widget elementor-widget-image\" data-id=\"3c38ffd\" data-element_type=\"widget\" data-e-type=\"widget\" data-widget_type=\"image.default\">\n\t\t\t\t\t\t\t\t\t\t\t\t\t\t\t<img fetchpriority=\"high\" decoding=\"async\" width=\"800\" height=\"800\" src=\"https:\/\/bavarian-bondage.de\/wp-content\/uploads\/2020\/10\/Seilsta\u0308rke-1024x1024.png\" class=\"attachment-large size-large wp-image-3480\" alt=\"\" srcset=\"https:\/\/bavarian-bondage.de\/wp-content\/uploads\/2020\/10\/Seilsta\u0308rke-1024x1024.png 1024w, https:\/\/bavarian-bondage.de\/wp-content\/uploads\/2020\/10\/Seilsta\u0308rke-400x400.png 400w, https:\/\/bavarian-bondage.de\/wp-content\/uploads\/2020\/10\/Seilsta\u0308rke-150x150.png 150w, https:\/\/bavarian-bondage.de\/wp-content\/uploads\/2020\/10\/Seilsta\u0308rke-768x768.png 768w, https:\/\/bavarian-bondage.de\/wp-content\/uploads\/2020\/10\/Seilsta\u0308rke-300x300.png 300w, https:\/\/bavarian-bondage.de\/wp-content\/uploads\/2020\/10\/Seilsta\u0308rke-600x600.png 600w, https:\/\/bavarian-bondage.de\/wp-content\/uploads\/2020\/10\/Seilsta\u0308rke-100x100.png 100w, https:\/\/bavarian-bondage.de\/wp-content\/uploads\/2020\/10\/Seilsta\u0308rke.png 1200w\" sizes=\"(max-width: 800px) 100vw, 800px\" title=\"\">\t\t\t\t\t\t\t\t\t\t\t\t\t\t\t<\/div>\n\t\t\t\t<\/div>\n\t\t<div class=\"elementor-element elementor-element-9450ef8 e-con-full e-flex e-con e-child\" data-id=\"9450ef8\" data-element_type=\"container\" data-e-type=\"container\">\n\t\t\t\t<div class=\"elementor-element elementor-element-84ec8a5 elementor-widget elementor-widget-heading\" data-id=\"84ec8a5\" data-element_type=\"widget\" data-e-type=\"widget\" data-widget_type=\"heading.default\">\n\t\t\t\t\t<h2 class=\"elementor-heading-title elementor-size-default\">Forskellige rebtykkelser fra venstre mod h\u00f8jre<\/h2>\t\t\t\t<\/div>\n\t\t\t\t<div class=\"elementor-element elementor-element-fcc603d elementor-widget elementor-widget-text-editor\" data-id=\"fcc603d\" data-element_type=\"widget\" data-e-type=\"widget\" data-widget_type=\"text-editor.default\">\n\t\t\t\t\t\t\t\t\t<p>Hamp reb 4mm<\/p><p>Hamp reb 5 mm<\/p><p>Hamp reb 6mm<\/p><p>Jute h\u00f8j klasse 4mm<\/p><p>Jute h\u00f8j klasse 5,5 mm<\/p><p>Jute h\u00f8j klasse 6mm<\/p><p>Jute standard 6 mm<\/p>\t\t\t\t\t\t\t\t<\/div>\n\t\t\t\t<\/div>\n\t\t\t\t<\/div>\n\t\t\t\t<\/div>\n\t\t\t\t\t<\/div>\n\t\t\t\t<\/div>\n\t\t<div class=\"elementor-element elementor-element-d613ff5 e-flex e-con-boxed e-con e-parent\" data-id=\"d613ff5\" data-element_type=\"container\" data-e-type=\"container\">\n\t\t\t\t\t<div class=\"e-con-inner\">\n\t\t<div class=\"elementor-element elementor-element-0f1d844 e-con-full e-flex e-con e-child\" data-id=\"0f1d844\" data-element_type=\"container\" data-e-type=\"container\">\n\t\t\t\t<div class=\"elementor-element elementor-element-823da4b elementor-widget elementor-widget-text-editor\" data-id=\"823da4b\" data-element_type=\"widget\" data-e-type=\"widget\" data-widget_type=\"text-editor.default\">\n\t\t\t\t\t\t\t\t\t<p style=\"text-align: center\">Diametrene kan tydeligt ses p\u00e5 billedet. Desv\u00e6rre er disse oplysninger aldrig helt korrekte og kan variere lidt.<\/p><p style=\"text-align: center\">For at forklare det hele kort:<\/p><p style=\"text-align: center\">Nu skal jeg bare bruge Jute High Class 5mm. Rebet best\u00e5r af 3 tr\u00e5de og hver af dem best\u00e5r af 10 tr\u00e5de garn. S\u00e5 snart de 30 tr\u00e5de afviger fra m\u00e5lingen med endda 0,1 mm, kan det allerede p\u00e5virke det fremtidige reb. Hvis rebet s\u00e5 er snoet eller sl\u00e5et, skal man igen beregne, om det skal v\u00e6re l\u00f8sere eller strammere og i givet fald. Juster m\u00e6ngden af tr\u00e5de. Generelt kan man sige, at hvert reb, der forlader rebfabrikken, er en lille smule anderledes.<\/p><p style=\"text-align: center\">I sidste ende bliver det s\u00e5 raffineret. Afh\u00e6ngigt af bearbejdningstypen kan diameteren ogs\u00e5 her \u00e6ndre sig lidt.<\/p><p style=\"text-align: center\"><strong>S\u00e5 fokuser venligst ikke for meget p\u00e5 den angivne diameter!<\/strong><\/p>\t\t\t\t\t\t\t\t<\/div>\n\t\t\t\t<div class=\"elementor-element elementor-element-130a1f3 elementor-widget-divider--view-line elementor-widget elementor-widget-divider\" data-id=\"130a1f3\" data-element_type=\"widget\" data-e-type=\"widget\" data-widget_type=\"divider.default\">\n\t\t\t\t\t\t\t<div class=\"elementor-divider\">\n\t\t\t<span class=\"elementor-divider-separator\">\n\t\t\t\t\t\t<\/span>\n\t\t<\/div>\n\t\t\t\t\t\t<\/div>\n\t\t\t\t<div class=\"elementor-element elementor-element-634ebfe elementor-widget elementor-widget-spacer\" data-id=\"634ebfe\" data-element_type=\"widget\" data-e-type=\"widget\" data-widget_type=\"spacer.default\">\n\t\t\t\t\t\t\t<div class=\"elementor-spacer\">\n\t\t\t<div class=\"elementor-spacer-inner\"><\/div>\n\t\t<\/div>\n\t\t\t\t\t\t<\/div>\n\t\t\t\t<div class=\"elementor-element elementor-element-7853421 elementor-widget elementor-widget-heading\" data-id=\"7853421\" data-element_type=\"widget\" data-e-type=\"widget\" data-widget_type=\"heading.default\">\n\t\t\t\t\t<h2 class=\"elementor-heading-title elementor-size-default\">De CLASSIC og EXCLUSIVE versioner<\/h2>\t\t\t\t<\/div>\n\t\t\t\t<div class=\"elementor-element elementor-element-6a6bdd7 elementor-widget elementor-widget-image\" data-id=\"6a6bdd7\" data-element_type=\"widget\" data-e-type=\"widget\" data-widget_type=\"image.default\">\n\t\t\t\t\t\t\t\t\t\t\t\t\t\t\t<img decoding=\"async\" src=\"https:\/\/bavarian-bondage.de\/wp-content\/uploads\/elementor\/thumbs\/20171109_125925-p0twqvj2bbpqr1ov1bcxtjkb8cmi0gghrdec5dwwy8.png\" title=\"20171109_125925\" alt=\"20171109_125925\" loading=\"lazy\" \/>\t\t\t\t\t\t\t\t\t\t\t\t\t\t\t<\/div>\n\t\t\t\t<\/div>\n\t\t\t\t\t<\/div>\n\t\t\t\t<\/div>\n\t\t<div class=\"elementor-element elementor-element-2f28d84 e-flex e-con-boxed e-con e-parent\" data-id=\"2f28d84\" data-element_type=\"container\" data-e-type=\"container\">\n\t\t\t\t\t<div class=\"e-con-inner\">\n\t\t<div class=\"elementor-element elementor-element-2bdfe0d e-con-full e-flex e-con e-child\" data-id=\"2bdfe0d\" data-element_type=\"container\" data-e-type=\"container\">\n\t\t<div class=\"elementor-element elementor-element-548ac8a e-con-full e-flex e-con e-child\" data-id=\"548ac8a\" data-element_type=\"container\" data-e-type=\"container\">\n\t\t<div class=\"elementor-element elementor-element-dfa78b4 e-con-full e-flex e-con e-child\" data-id=\"dfa78b4\" data-element_type=\"container\" data-e-type=\"container\" data-settings=\"{&quot;background_background&quot;:&quot;classic&quot;}\">\n\t\t\t\t<div class=\"elementor-element elementor-element-764989f elementor-widget elementor-widget-heading\" data-id=\"764989f\" data-element_type=\"widget\" data-e-type=\"widget\" data-widget_type=\"heading.default\">\n\t\t\t\t\t<h2 class=\"elementor-heading-title elementor-size-default\">KLASSISK<\/h2>\t\t\t\t<\/div>\n\t\t\t\t<div class=\"elementor-element elementor-element-b0bc603 elementor-widget elementor-widget-text-editor\" data-id=\"b0bc603\" data-element_type=\"widget\" data-e-type=\"widget\" data-widget_type=\"text-editor.default\">\n\t\t\t\t\t\t\t\t\t<p style=\"text-align: center\">Rebene har en simpel overh\u00e5ndsknob i enderne og er naturligvis klar til at blive bundet.<\/p><p style=\"text-align: center\">De blev renset, kn\u00e6kket, flammet, vasket og derefter behandlet med olie for at forberede rebet til fremtidig brug.<\/p>\t\t\t\t\t\t\t\t<\/div>\n\t\t\t\t<\/div>\n\t\t<div class=\"elementor-element elementor-element-b6bed8e elementor-hidden-phone e-con-full e-flex e-con e-child\" data-id=\"b6bed8e\" data-element_type=\"container\" data-e-type=\"container\">\n\t\t\t\t<\/div>\n\t\t<div class=\"elementor-element elementor-element-a1ebfb4 e-con-full e-flex e-con e-child\" data-id=\"a1ebfb4\" data-element_type=\"container\" data-e-type=\"container\" data-settings=\"{&quot;background_background&quot;:&quot;classic&quot;}\">\n\t\t\t\t<div class=\"elementor-element elementor-element-67a50ee elementor-widget elementor-widget-heading\" data-id=\"67a50ee\" data-element_type=\"widget\" data-e-type=\"widget\" data-widget_type=\"heading.default\">\n\t\t\t\t\t<h2 class=\"elementor-heading-title elementor-size-default\">EKSKLUSIV<\/h2>\t\t\t\t<\/div>\n\t\t\t\t<div class=\"elementor-element elementor-element-4cac751 elementor-widget elementor-widget-text-editor\" data-id=\"4cac751\" data-element_type=\"widget\" data-e-type=\"widget\" data-widget_type=\"text-editor.default\">\n\t\t\t\t\t\t\t\t\t<p style=\"text-align: center\">Disse reb er naturligvis ogs\u00e5 behandlet klar til bondage. De imponerer med den lille, stramme og komplekse trisk-knude i enderne af rebet, som giver flere fordele ved binding.\u00a0<\/p><p style=\"text-align: center\">Ydermere er tovene flammet og olieret flere gange.<\/p>\t\t\t\t\t\t\t\t<\/div>\n\t\t\t\t<\/div>\n\t\t\t\t<\/div>\n\t\t\t\t<div class=\"elementor-element elementor-element-9832fd6 elementor-widget elementor-widget-spacer\" data-id=\"9832fd6\" data-element_type=\"widget\" data-e-type=\"widget\" data-widget_type=\"spacer.default\">\n\t\t\t\t\t\t\t<div class=\"elementor-spacer\">\n\t\t\t<div class=\"elementor-spacer-inner\"><\/div>\n\t\t<\/div>\n\t\t\t\t\t\t<\/div>\n\t\t\t\t<div class=\"elementor-element elementor-element-16398b8 elementor-widget-divider--view-line elementor-widget elementor-widget-divider\" data-id=\"16398b8\" data-element_type=\"widget\" data-e-type=\"widget\" data-widget_type=\"divider.default\">\n\t\t\t\t\t\t\t<div class=\"elementor-divider\">\n\t\t\t<span class=\"elementor-divider-separator\">\n\t\t\t\t\t\t<\/span>\n\t\t<\/div>\n\t\t\t\t\t\t<\/div>\n\t\t\t\t<div class=\"elementor-element elementor-element-ef0302c elementor-widget elementor-widget-spacer\" data-id=\"ef0302c\" data-element_type=\"widget\" data-e-type=\"widget\" data-widget_type=\"spacer.default\">\n\t\t\t\t\t\t\t<div class=\"elementor-spacer\">\n\t\t\t<div class=\"elementor-spacer-inner\"><\/div>\n\t\t<\/div>\n\t\t\t\t\t\t<\/div>\n\t\t\t\t<div class=\"elementor-element elementor-element-4626777 elementor-widget elementor-widget-heading\" data-id=\"4626777\" data-element_type=\"widget\" data-e-type=\"widget\" data-widget_type=\"heading.default\">\n\t\t\t\t\t<h2 class=\"elementor-heading-title elementor-size-default\">Bavarian Bondages reb<\/h2>\t\t\t\t<\/div>\n\t\t\t\t<div class=\"elementor-element elementor-element-7823d1a elementor-widget elementor-widget-text-editor\" data-id=\"7823d1a\" data-element_type=\"widget\" data-e-type=\"widget\" data-widget_type=\"text-editor.default\">\n\t\t\t\t\t\t\t\t\t<p style=\"text-align: center\">N\u00e5, reb er en skilling et dusin, men de fleste af dem har ikke kvaliteten til at blive et bondage-reb. Jeg m\u00e5tte ogs\u00e5 s\u00f8ge og fors\u00f8ge i lang tid for at finde en rebfabrik, der kunne opfylde mine behov.\u00a0\u00a0<\/p>\t\t\t\t\t\t\t\t<\/div>\n\t\t<div class=\"elementor-element elementor-element-d93b01c e-con-full e-flex e-con e-child\" data-id=\"d93b01c\" data-element_type=\"container\" data-e-type=\"container\" data-settings=\"{&quot;background_background&quot;:&quot;classic&quot;}\">\n\t\t<div class=\"elementor-element elementor-element-50d71de e-con-full e-flex e-con e-child\" data-id=\"50d71de\" data-element_type=\"container\" data-e-type=\"container\">\n\t\t\t\t<div class=\"elementor-element elementor-element-52eb6db elementor-widget elementor-widget-heading\" data-id=\"52eb6db\" data-element_type=\"widget\" data-e-type=\"widget\" data-widget_type=\"heading.default\">\n\t\t\t\t\t<h2 class=\"elementor-heading-title elementor-size-default\">Oprindelse:<\/h2>\t\t\t\t<\/div>\n\t\t\t\t<\/div>\n\t\t<div class=\"elementor-element elementor-element-b2bbe36 e-con-full e-flex e-con e-child\" data-id=\"b2bbe36\" data-element_type=\"container\" data-e-type=\"container\">\n\t\t\t\t<div class=\"elementor-element elementor-element-6647510 elementor-widget elementor-widget-text-editor\" data-id=\"6647510\" data-element_type=\"widget\" data-e-type=\"widget\" data-widget_type=\"text-editor.default\">\n\t\t\t\t\t\t\t\t\t<p>Mine hamperove, S-Editionen og standard jute reb er lavet p\u00e5 en tysk rebfabrik efter mine \u00f8nsker og krav. Det, der er s\u00e6rligt vigtigt for mig, er personlig kontakt og forst\u00e5else for brugen af rebene.\u00a0<\/p><p>Juten af h\u00f8j klasse bliver derimod produceret p\u00e5 flere rebfabrikker rundt om i verden. Virksomhedens hovedkvarter er dog i Tyskland. Rigtig gode reb produceres med ambition og erfaring.<\/p>\t\t\t\t\t\t\t\t<\/div>\n\t\t\t\t<\/div>\n\t\t\t\t<\/div>\n\t\t<div class=\"elementor-element elementor-element-6a144d7 e-con-full e-flex e-con e-child\" data-id=\"6a144d7\" data-element_type=\"container\" data-e-type=\"container\">\n\t\t<div class=\"elementor-element elementor-element-f04479f e-con-full e-flex e-con e-child\" data-id=\"f04479f\" data-element_type=\"container\" data-e-type=\"container\">\n\t\t\t\t<div class=\"elementor-element elementor-element-9196e41 elementor-widget elementor-widget-heading\" data-id=\"9196e41\" data-element_type=\"widget\" data-e-type=\"widget\" data-widget_type=\"heading.default\">\n\t\t\t\t\t<h2 class=\"elementor-heading-title elementor-size-default\">Node:<\/h2>\t\t\t\t<\/div>\n\t\t\t\t<\/div>\n\t\t<div class=\"elementor-element elementor-element-fdbb473 e-con-full e-flex e-con e-child\" data-id=\"fdbb473\" data-element_type=\"container\" data-e-type=\"container\">\n\t\t\t\t<div class=\"elementor-element elementor-element-8d844bc elementor-widget elementor-widget-text-editor\" data-id=\"8d844bc\" data-element_type=\"widget\" data-e-type=\"widget\" data-widget_type=\"text-editor.default\">\n\t\t\t\t\t\t\t\t\t<p>Der er ingen hamp-reb eller jute-reb at k\u00f8be fra en rebbutik, der ikke har nogen knaster. Knuderne refererer til de enkelte tr\u00e5de, der er snoet til et reb. Disse forl\u00e6nges gentagne gange eller bindes sammen og skrues i det v\u00e6sentlige ind i rebet. I gode reb er knuderne sm\u00e5, stramme, har korte ender og er skruet fast i rebet. Dette er et meget vigtigt krav for et godt bondage reb.<\/p>\t\t\t\t\t\t\t\t<\/div>\n\t\t\t\t<\/div>\n\t\t\t\t<\/div>\n\t\t<div class=\"elementor-element elementor-element-2f21b8b e-con-full e-flex e-con e-child\" data-id=\"2f21b8b\" data-element_type=\"container\" data-e-type=\"container\" data-settings=\"{&quot;background_background&quot;:&quot;classic&quot;}\">\n\t\t<div class=\"elementor-element elementor-element-ebf10e9 e-con-full e-flex e-con e-child\" data-id=\"ebf10e9\" data-element_type=\"container\" data-e-type=\"container\">\n\t\t\t\t<div class=\"elementor-element elementor-element-b5708ae elementor-widget elementor-widget-heading\" data-id=\"b5708ae\" data-element_type=\"widget\" data-e-type=\"widget\" data-widget_type=\"heading.default\">\n\t\t\t\t\t<h2 class=\"elementor-heading-title elementor-size-default\">Lugt:<\/h2>\t\t\t\t<\/div>\n\t\t\t\t<\/div>\n\t\t<div class=\"elementor-element elementor-element-e7428f7 e-con-full e-flex e-con e-child\" data-id=\"e7428f7\" data-element_type=\"container\" data-e-type=\"container\">\n\t\t\t\t<div class=\"elementor-element elementor-element-8459eba elementor-widget elementor-widget-text-editor\" data-id=\"8459eba\" data-element_type=\"widget\" data-e-type=\"widget\" data-widget_type=\"text-editor.default\">\n\t\t\t\t\t\t\t\t\t<p>Et meget vigtigt punkt er lugten. Hvis du pakker dine reb ud, og en ubehagelig lugt rammer din n\u00e6se, kan tr\u00e6ldomsaftenen hurtigt ende. Jeg l\u00e6gger stor v\u00e6gt p\u00e5, at reb har en subtil lugt og f\u00f8rst bem\u00e6rkes, n\u00e5r man virkelig snuser til dem. De naturlige hampereb p\u00e5 tilbud dufter lidt af h\u00f8 og behandlingsolien, de farvede er n\u00e6sten lugtfri. N\u00e5r det kommer til jute reb, er den h\u00f8je klasse helt fremme. Disse har en meget behagelig, lidt s\u00f8d duft. De farvede reb er de samme som hamperovene disse er ogs\u00e5 n\u00e6sten lugtfri. Standardjuten dufter derimod lidt mere karakteristisk, fordi den blev behandlet med Baching-olie under produktionen, hvilket ikke er tilf\u00e6ldet med de h\u00f8jklasses.<\/p>\t\t\t\t\t\t\t\t<\/div>\n\t\t\t\t<\/div>\n\t\t\t\t<\/div>\n\t\t<div class=\"elementor-element elementor-element-a418d78 e-con-full e-flex e-con e-child\" data-id=\"a418d78\" data-element_type=\"container\" data-e-type=\"container\">\n\t\t<div class=\"elementor-element elementor-element-d58ab9e e-con-full e-flex e-con e-child\" data-id=\"d58ab9e\" data-element_type=\"container\" data-e-type=\"container\">\n\t\t\t\t<div class=\"elementor-element elementor-element-0660b0e elementor-widget elementor-widget-heading\" data-id=\"0660b0e\" data-element_type=\"widget\" data-e-type=\"widget\" data-widget_type=\"heading.default\">\n\t\t\t\t\t<h2 class=\"elementor-heading-title elementor-size-default\">Klar til tr\u00e6ldom:<\/h2>\t\t\t\t<\/div>\n\t\t\t\t<\/div>\n\t\t<div class=\"elementor-element elementor-element-655af96 e-con-full e-flex e-con e-child\" data-id=\"655af96\" data-element_type=\"container\" data-e-type=\"container\">\n\t\t\t\t<div class=\"elementor-element elementor-element-de90d97 elementor-widget elementor-widget-text-editor\" data-id=\"de90d97\" data-element_type=\"widget\" data-e-type=\"widget\" data-widget_type=\"text-editor.default\">\n\t\t\t\t\t\t\t\t\t<p>Alle reb, som du kan k\u00f8be hos mig, er behandlet klar til bondage. Lidt forskellig afh\u00e6ngig af rebet. Men generelt set skal du pakke ud og komme i gang. Hamstreb f\u00f8les nu lidt h\u00e5rde og faste. Dette skyldes, at rebene vaskes inden oliering. Ved t\u00f8rring ligner det et h\u00e5ndkl\u00e6de p\u00e5 t\u00f8rrestativet, da du ikke flytter det, h\u00e6rder fibrene. N\u00e5r du bruger dine reb, bliver de hurtigt behageligt bl\u00f8de igen.\u00a0<\/p><p>Jute reb har problemet med \u00f8get fnug og b\u00f8r genflammes lejlighedsvis og behandles regelm\u00e6ssigt med olie eller voks. Jo l\u00e6ngere jute reb er i brug, jo bedre bliver fnug. Du kan finde tips om efterpleje og pleje under Nyttig information.<\/p>\t\t\t\t\t\t\t\t<\/div>\n\t\t\t\t<\/div>\n\t\t\t\t<\/div>\n\t\t\t\t<div class=\"elementor-element elementor-element-2bfcaf2 elementor-widget-divider--view-line elementor-widget elementor-widget-divider\" data-id=\"2bfcaf2\" data-element_type=\"widget\" data-e-type=\"widget\" data-widget_type=\"divider.default\">\n\t\t\t\t\t\t\t<div class=\"elementor-divider\">\n\t\t\t<span class=\"elementor-divider-separator\">\n\t\t\t\t\t\t<\/span>\n\t\t<\/div>\n\t\t\t\t\t\t<\/div>\n\t\t\t\t<div class=\"elementor-element elementor-element-4001d36 elementor-widget elementor-widget-spacer\" data-id=\"4001d36\" data-element_type=\"widget\" data-e-type=\"widget\" data-widget_type=\"spacer.default\">\n\t\t\t\t\t\t\t<div class=\"elementor-spacer\">\n\t\t\t<div class=\"elementor-spacer-inner\"><\/div>\n\t\t<\/div>\n\t\t\t\t\t\t<\/div>\n\t\t\t\t<div class=\"elementor-element elementor-element-b9e297a elementor-widget elementor-widget-heading\" data-id=\"b9e297a\" data-element_type=\"widget\" data-e-type=\"widget\" data-widget_type=\"heading.default\">\n\t\t\t\t\t<h2 class=\"elementor-heading-title elementor-size-default\">Stadig \u00e5bne sp\u00f8rgsm\u00e5l?<\/h2>\t\t\t\t<\/div>\n\t\t\t\t<div class=\"elementor-element elementor-element-6daeef2 elementor-widget elementor-widget-text-editor\" data-id=\"6daeef2\" data-element_type=\"widget\" data-e-type=\"widget\" data-widget_type=\"text-editor.default\">\n\t\t\t\t\t\t\t\t\t<p style=\"text-align: center\">Jeg vil komme n\u00e6rmere ind p\u00e5 de enkelte typer reb p\u00e5 de respektive oversigtssider.\u00a0<\/p><p style=\"text-align: center\">Hvis du har yderligere sp\u00f8rgsm\u00e5l, leder efter noget specifikt eller har individuelle produktions\u00f8nsker, er du velkommen til at kontakte mig!<\/p>\t\t\t\t\t\t\t\t<\/div>\n\t\t\t\t<div class=\"elementor-element elementor-element-104483b premium-lq__none elementor-widget elementor-widget-premium-addon-button\" data-id=\"104483b\" data-element_type=\"widget\" data-e-type=\"widget\" data-widget_type=\"premium-addon-button.default\">\n\t\t\t\t\t\n\n\t\t<a class=\"premium-button premium-button-none premium-btn-md premium-button-none\" href=\"https:\/\/bavarian-bondage.de\/da\/kontaktformular\/\">\n\t\t\t<div class=\"premium-button-text-icon-wrapper\">\n\t\t\t\t\n\t\t\t\t\t\t\t\t\t<span >\n\t\t\t\t\t\tKontaktformular\t\t\t\t\t<\/span>\n\t\t\t\t\t\t\t<\/div>\n\n\t\t\t\n\t\t\t\n\t\t\t\n\t\t<\/a>\n\n\n\t\t\t\t\t\t<\/div>\n\t\t\t\t<\/div>\n\t\t\t\t\t<\/div>\n\t\t\t\t<\/div>\n\t\t\t\t<\/div>","protected":false},"excerpt":{"rendered":"<p>Hanf- und Juteseile, so \u00e4hnlich und doch verschieden! Unterschiedlichen Seilst\u00e4rken von links nach rechts Hanfseil 4mm Hanfseil 5mm Hanfseil 6mm Jute High Class 4mm Jute High Class 5,5mm Jute High Class 6mm Jute standard 6mm Die Durchmesser sind auf dem Bild sehr gut zu erkennen. Leider sind diese Angaben nie exakt richtig und k\u00f6nnen etwas [&hellip;]<\/p>\n","protected":false},"author":3,"featured_media":0,"parent":0,"menu_order":0,"comment_status":"closed","ping_status":"closed","template":"elementor_header_footer","meta":{"footnotes":""},"class_list":["post-1104","page","type-page","status-publish","hentry"],"_links":{"self":[{"href":"https:\/\/bavarian-bondage.de\/da\/wp-json\/wp\/v2\/pages\/1104","targetHints":{"allow":["GET"]}}],"collection":[{"href":"https:\/\/bavarian-bondage.de\/da\/wp-json\/wp\/v2\/pages"}],"about":[{"href":"https:\/\/bavarian-bondage.de\/da\/wp-json\/wp\/v2\/types\/page"}],"author":[{"embeddable":true,"href":"https:\/\/bavarian-bondage.de\/da\/wp-json\/wp\/v2\/users\/3"}],"replies":[{"embeddable":true,"href":"https:\/\/bavarian-bondage.de\/da\/wp-json\/wp\/v2\/comments?post=1104"}],"version-history":[{"count":39,"href":"https:\/\/bavarian-bondage.de\/da\/wp-json\/wp\/v2\/pages\/1104\/revisions"}],"predecessor-version":[{"id":12975,"href":"https:\/\/bavarian-bondage.de\/da\/wp-json\/wp\/v2\/pages\/1104\/revisions\/12975"}],"wp:attachment":[{"href":"https:\/\/bavarian-bondage.de\/da\/wp-json\/wp\/v2\/media?parent=1104"}],"curies":[{"name":"wp","href":"https:\/\/api.w.org\/{rel}","templated":true}]}}