{"id":1107,"date":"2016-01-25T16:51:09","date_gmt":"2016-01-25T15:51:09","guid":{"rendered":"https:\/\/bavarian-bondage.mysupr.de\/das-seil\/"},"modified":"2023-02-02T13:41:16","modified_gmt":"2023-02-02T12:41:16","slug":"rebet","status":"publish","type":"page","link":"https:\/\/bavarian-bondage.de\/da\/das-seil\/","title":{"rendered":"Rebet"},"content":{"rendered":"<div data-elementor-type=\"wp-post\" data-elementor-id=\"1107\" class=\"elementor elementor-1107\" data-elementor-post-type=\"page\">\n\t\t\t\t\t\t<section class=\"elementor-section elementor-top-section elementor-element elementor-element-e3497ca elementor-section-boxed elementor-section-height-default elementor-section-height-default\" data-id=\"e3497ca\" data-element_type=\"section\" data-e-type=\"section\">\n\t\t\t\t\t\t<div class=\"elementor-container elementor-column-gap-default\">\n\t\t\t\t\t<div class=\"elementor-column elementor-col-100 elementor-top-column elementor-element elementor-element-ed4d19e\" data-id=\"ed4d19e\" data-element_type=\"column\" data-e-type=\"column\">\n\t\t\t<div class=\"elementor-widget-wrap elementor-element-populated\">\n\t\t\t\t\t\t<div class=\"elementor-element elementor-element-c0d9119 elementor-widget elementor-widget-heading\" data-id=\"c0d9119\" data-element_type=\"widget\" data-e-type=\"widget\" data-widget_type=\"heading.default\">\n\t\t\t\t\t<h2 class=\"elementor-heading-title elementor-size-default\">Rebet<\/h2>\t\t\t\t<\/div>\n\t\t\t\t<div class=\"elementor-element elementor-element-720a1ec elementor-widget elementor-widget-text-editor\" data-id=\"720a1ec\" data-element_type=\"widget\" data-e-type=\"widget\" data-widget_type=\"text-editor.default\">\n\t\t\t\t\t\t\t\t\t<p style=\"text-align: center\">(grundl\u00e6ggende materiale af fastg\u00f8relsesteknologi)<\/p>\t\t\t\t\t\t\t\t<\/div>\n\t\t\t\t<div class=\"elementor-element elementor-element-e95e17c elementor-widget elementor-widget-text-editor\" data-id=\"e95e17c\" data-element_type=\"widget\" data-e-type=\"widget\" data-widget_type=\"text-editor.default\">\n\t\t\t\t\t\t\t\t\t<p style=\"text-align: center\">Enhver, der besk\u00e6ftiger sig med emnet begr\u00e6nsninger, vil f\u00f8r eller siden stille sig selv disse eller lignende sp\u00f8rgsm\u00e5l:<\/p><ol><li style=\"text-align: left\"><strong>Jute reb, hamp reb eller et alternativ?<\/strong><\/li><li style=\"text-align: left\"><strong>Hvad er ulemperne ved hamp og jute reb?<\/strong><\/li><li style=\"text-align: left\"><strong>Hvad er forskellene helt pr\u00e6cist?<\/strong><\/li><li style=\"text-align: left\"><strong>Hvilken diameter og l\u00e6ngde skal rebene have?<\/strong><\/li><li style=\"text-align: left\"><strong>Hvad skal jeg v\u00e6re opm\u00e6rksom p\u00e5, n\u00e5r jeg k\u00f8ber?<\/strong><\/li><li style=\"text-align: left\"><strong>Hvor meget koster hamp og jute reb?<\/strong><\/li><li style=\"text-align: left\"><strong>Hvor kan jeg f\u00e5 det perfekte reb?<\/strong><\/li><\/ol><p>\u00a0<\/p><p><span style=\"color: #000080\"><strong>Jeg vil fors\u00f8ge at besvare disse 7 sp\u00f8rgsm\u00e5l bedst muligt efter min bedste viden og mine egne erfaringer!<\/strong><\/span><\/p><p>Jute eller hamp reb er bestemt det rigtige valg, hvis du vil have mere tilbageholdenhed end at binde din partner til sengen! Der bruges kun snoede, eller mere pr\u00e6cist sl\u00e5ede, reb, da disse n\u00e6sten ikke str\u00e6kker sig i forhold til flettede reb. Begge typer reb har en tradition og er uundv\u00e6rlige, n\u00e5r man taler om bondage eller shibari. De to naturfibre har selvf\u00f8lgelig ogs\u00e5 deres ulemper, som jeg vil komme n\u00e6rmere ind p\u00e5 senere, men fordelene taler for sig selv. Og det er netop disse fordele, der g\u00f8r b\u00e5de jute-rebet og hamperovet til det klare nummer 1 for mig! De to reb er kendetegnet ved h\u00f8j b\u00e6reevne, fleksibilitet, smidighed og meget lav str\u00e6kning. Desuden er knuderne meget stabile og t\u00e6tte, men kan nemt \u00e5bnes igen!<\/p><p>Nu til de negative sider af hamp og jute! Disse er naturlige fibre, der ikke er vejrbestandige og ville g\u00e5 i opl\u00f8sning eller r\u00e5dne ret hurtigt, hvis de holdes v\u00e5de. For os betyder det altid at holde bondage-rebene t\u00f8rre! Hvis du stadig vil vaske rebene (du kan endda koge hamperove; det er bedre blot at reng\u00f8re jute-reb med en fugtig klud eller om n\u00f8dvendigt kun vaske dem kort ved maks. 30\u00b0) eller hvis de bliver v\u00e5de, du skal helt sikkert t\u00f8rre dem under konstant sp\u00e6nding. V\u00e5de reb tr\u00e6kker sig sammen, snoer sig og er ikke l\u00e6ngere brugbare uden ordentlig t\u00f8rring!<\/p><p>Den st\u00f8rste ulempe er nok problemet med fnug eller st\u00f8v. Tovene best\u00e5r af individuelle fibre, der snoes til et garn og derefter sl\u00e5s til et reb! Ved brug l\u00f8sner eller kn\u00e6kker dele af disse fibre, hvilket giver os denne grimme fnugeffekt. Hvis du bruger og plejer dit reb regelm\u00e6ssigt, vil det snart blive bedre!<\/p><p>Det sidste punkt er lugten, som kan v\u00e6re meget intens med begge typer reb. Jute reb kan have en intens lugt, men hamp reb nogle gange dufter virkelig st\u00e6rkt. Jeg vil endda beskrive det som stinkende. Men der l\u00e6gges v\u00e6gt p\u00e5 at kunne, da det ikke altid er tilf\u00e6ldet, men er et sp\u00f8rgsm\u00e5l om kvalitet. Men duften bliver mindre og mere behagelig med tiden! Jeg vil forklare dette mere detaljeret nedenfor.<\/p><p>Nu er det tid til at se n\u00e6rmere p\u00e5 de to kandidater! Som du kan se, er jute- og hamperov meget ens med hensyn til deres egenskaber og ser stort set ens ud ved f\u00f8rste \u00f8jekast. Der er dog nogle forskelle<\/p>\t\t\t\t\t\t\t\t<\/div>\n\t\t\t\t<section class=\"elementor-section elementor-inner-section elementor-element elementor-element-8dd6253 elementor-section-boxed elementor-section-height-default elementor-section-height-default\" data-id=\"8dd6253\" data-element_type=\"section\" data-e-type=\"section\">\n\t\t\t\t\t\t<div class=\"elementor-container elementor-column-gap-default\">\n\t\t\t\t\t<div class=\"elementor-column elementor-col-50 elementor-inner-column elementor-element elementor-element-56eed94\" data-id=\"56eed94\" data-element_type=\"column\" data-e-type=\"column\" data-settings=\"{&quot;background_background&quot;:&quot;classic&quot;}\">\n\t\t\t<div class=\"elementor-widget-wrap elementor-element-populated\">\n\t\t\t\t\t\t<div class=\"elementor-element elementor-element-67e0b24 elementor-widget elementor-widget-heading\" data-id=\"67e0b24\" data-element_type=\"widget\" data-e-type=\"widget\" data-widget_type=\"heading.default\">\n\t\t\t\t\t<h2 class=\"elementor-heading-title elementor-size-default\"><u>Hamp reb:<\/u><\/h2>\t\t\t\t<\/div>\n\t\t\t\t<div class=\"elementor-element elementor-element-72b80f8 elementor-tabs-view-horizontal elementor-widget elementor-widget-tabs\" data-id=\"72b80f8\" data-element_type=\"widget\" data-e-type=\"widget\" data-widget_type=\"tabs.default\">\n\t\t\t\t\t\t\t<div class=\"elementor-tabs\">\n\t\t\t<div class=\"elementor-tabs-wrapper\" role=\"tablist\" >\n\t\t\t\t\t\t\t\t\t<div id=\"elementor-tab-title-1201\" class=\"elementor-tab-title elementor-tab-desktop-title\" aria-selected=\"true\" data-tab=\"1\" role=\"tab\" tabindex=\"0\" aria-controls=\"elementor-tab-content-1201\" aria-expanded=\"false\">Farve<\/div>\n\t\t\t\t\t\t\t\t\t<div id=\"elementor-tab-title-1202\" class=\"elementor-tab-title elementor-tab-desktop-title\" aria-selected=\"false\" data-tab=\"2\" role=\"tab\" tabindex=\"-1\" aria-controls=\"elementor-tab-content-1202\" aria-expanded=\"false\">Lugt<\/div>\n\t\t\t\t\t\t\t\t\t<div id=\"elementor-tab-title-1203\" class=\"elementor-tab-title elementor-tab-desktop-title\" aria-selected=\"false\" data-tab=\"3\" role=\"tab\" tabindex=\"-1\" aria-controls=\"elementor-tab-content-1203\" aria-expanded=\"false\">V\u00e6gt<\/div>\n\t\t\t\t\t\t\t\t\t<div id=\"elementor-tab-title-1204\" class=\"elementor-tab-title elementor-tab-desktop-title\" aria-selected=\"false\" data-tab=\"4\" role=\"tab\" tabindex=\"-1\" aria-controls=\"elementor-tab-content-1204\" aria-expanded=\"false\">stabilitet<\/div>\n\t\t\t\t\t\t\t\t\t<div id=\"elementor-tab-title-1205\" class=\"elementor-tab-title elementor-tab-desktop-title\" aria-selected=\"false\" data-tab=\"5\" role=\"tab\" tabindex=\"-1\" aria-controls=\"elementor-tab-content-1205\" aria-expanded=\"false\">Fordele<\/div>\n\t\t\t\t\t\t\t<\/div>\n\t\t\t<div class=\"elementor-tabs-content-wrapper\" role=\"tablist\" aria-orientation=\"vertical\">\n\t\t\t\t\t\t\t\t\t<div class=\"elementor-tab-title elementor-tab-mobile-title\" aria-selected=\"true\" data-tab=\"1\" role=\"tab\" tabindex=\"0\" aria-controls=\"elementor-tab-content-1201\" aria-expanded=\"false\">Farve<\/div>\n\t\t\t\t\t<div id=\"elementor-tab-content-1201\" class=\"elementor-tab-content elementor-clearfix\" data-tab=\"1\" role=\"tabpanel\" aria-labelledby=\"elementor-tab-title-1201\" tabindex=\"0\" hidden=\"false\"><p style=\"text-align: center\">Lysegr\u00e5<\/p><p>\u00a0<\/p><\/div>\n\t\t\t\t\t\t\t\t\t<div class=\"elementor-tab-title elementor-tab-mobile-title\" aria-selected=\"false\" data-tab=\"2\" role=\"tab\" tabindex=\"-1\" aria-controls=\"elementor-tab-content-1202\" aria-expanded=\"false\">Lugt<\/div>\n\t\t\t\t\t<div id=\"elementor-tab-content-1202\" class=\"elementor-tab-content elementor-clearfix\" data-tab=\"2\" role=\"tabpanel\" aria-labelledby=\"elementor-tab-title-1202\" tabindex=\"0\" hidden=\"hidden\"><p style=\"text-align: center\">Neutral til moderat intens<\/p><p style=\"text-align: center\">(men en neutral lugt er meget sj\u00e6lden)<\/p><\/div>\n\t\t\t\t\t\t\t\t\t<div class=\"elementor-tab-title elementor-tab-mobile-title\" aria-selected=\"false\" data-tab=\"3\" role=\"tab\" tabindex=\"-1\" aria-controls=\"elementor-tab-content-1203\" aria-expanded=\"false\">V\u00e6gt<\/div>\n\t\t\t\t\t<div id=\"elementor-tab-content-1203\" class=\"elementor-tab-content elementor-clearfix\" data-tab=\"3\" role=\"tabpanel\" aria-labelledby=\"elementor-tab-title-1203\" tabindex=\"0\" hidden=\"hidden\"><p style=\"text-align: center\">N\u00e6sten dobbelt s\u00e5 tung som jute.<\/p><p>\u00a0<\/p><\/div>\n\t\t\t\t\t\t\t\t\t<div class=\"elementor-tab-title elementor-tab-mobile-title\" aria-selected=\"false\" data-tab=\"4\" role=\"tab\" tabindex=\"-1\" aria-controls=\"elementor-tab-content-1204\" aria-expanded=\"false\">stabilitet<\/div>\n\t\t\t\t\t<div id=\"elementor-tab-content-1204\" class=\"elementor-tab-content elementor-clearfix\" data-tab=\"4\" role=\"tabpanel\" aria-labelledby=\"elementor-tab-title-1204\" tabindex=\"0\" hidden=\"hidden\"><p style=\"text-align: center\">St\u00e6rkere end jute reb, omkring 200 til 240 ved 6 mm tykkelse. Dette er en retningslinje og varierer fra rebfabrik til rebfabrik afh\u00e6ngig af forarbejdningen.<\/p><\/div>\n\t\t\t\t\t\t\t\t\t<div class=\"elementor-tab-title elementor-tab-mobile-title\" aria-selected=\"false\" data-tab=\"5\" role=\"tab\" tabindex=\"-1\" aria-controls=\"elementor-tab-content-1205\" aria-expanded=\"false\">Fordele<\/div>\n\t\t\t\t\t<div id=\"elementor-tab-content-1205\" class=\"elementor-tab-content elementor-clearfix\" data-tab=\"5\" role=\"tabpanel\" aria-labelledby=\"elementor-tab-title-1205\" tabindex=\"0\" hidden=\"hidden\"><p style=\"text-align: center\">Mere b\u00e6reevne, mindre fnug, normalt en fastere konsistens end jute-reb.<\/p><\/div>\n\t\t\t\t\t\t\t<\/div>\n\t\t<\/div>\n\t\t\t\t\t\t<\/div>\n\t\t\t\t\t<\/div>\n\t\t<\/div>\n\t\t\t\t<div class=\"elementor-column elementor-col-50 elementor-inner-column elementor-element elementor-element-11a6ef9\" data-id=\"11a6ef9\" data-element_type=\"column\" data-e-type=\"column\" data-settings=\"{&quot;background_background&quot;:&quot;classic&quot;}\">\n\t\t\t<div class=\"elementor-widget-wrap elementor-element-populated\">\n\t\t\t\t\t\t<div class=\"elementor-element elementor-element-708d26a elementor-widget elementor-widget-heading\" data-id=\"708d26a\" data-element_type=\"widget\" data-e-type=\"widget\" data-widget_type=\"heading.default\">\n\t\t\t\t\t<h2 class=\"elementor-heading-title elementor-size-default\"><u>Jute reb:<\/u><\/h2>\t\t\t\t<\/div>\n\t\t\t\t<div class=\"elementor-element elementor-element-cc7924a elementor-tabs-view-horizontal elementor-widget elementor-widget-tabs\" data-id=\"cc7924a\" data-element_type=\"widget\" data-e-type=\"widget\" data-widget_type=\"tabs.default\">\n\t\t\t\t\t\t\t<div class=\"elementor-tabs\">\n\t\t\t<div class=\"elementor-tabs-wrapper\" role=\"tablist\" >\n\t\t\t\t\t\t\t\t\t<div id=\"elementor-tab-title-2141\" class=\"elementor-tab-title elementor-tab-desktop-title\" aria-selected=\"true\" data-tab=\"1\" role=\"tab\" tabindex=\"0\" aria-controls=\"elementor-tab-content-2141\" aria-expanded=\"false\">Farve<\/div>\n\t\t\t\t\t\t\t\t\t<div id=\"elementor-tab-title-2142\" class=\"elementor-tab-title elementor-tab-desktop-title\" aria-selected=\"false\" data-tab=\"2\" role=\"tab\" tabindex=\"-1\" aria-controls=\"elementor-tab-content-2142\" aria-expanded=\"false\">Lugt<\/div>\n\t\t\t\t\t\t\t\t\t<div id=\"elementor-tab-title-2143\" class=\"elementor-tab-title elementor-tab-desktop-title\" aria-selected=\"false\" data-tab=\"3\" role=\"tab\" tabindex=\"-1\" aria-controls=\"elementor-tab-content-2143\" aria-expanded=\"false\">V\u00e6gt<\/div>\n\t\t\t\t\t\t\t\t\t<div id=\"elementor-tab-title-2144\" class=\"elementor-tab-title elementor-tab-desktop-title\" aria-selected=\"false\" data-tab=\"4\" role=\"tab\" tabindex=\"-1\" aria-controls=\"elementor-tab-content-2144\" aria-expanded=\"false\">stabilitet<\/div>\n\t\t\t\t\t\t\t\t\t<div id=\"elementor-tab-title-2145\" class=\"elementor-tab-title elementor-tab-desktop-title\" aria-selected=\"false\" data-tab=\"5\" role=\"tab\" tabindex=\"-1\" aria-controls=\"elementor-tab-content-2145\" aria-expanded=\"false\">Fordele<\/div>\n\t\t\t\t\t\t\t<\/div>\n\t\t\t<div class=\"elementor-tabs-content-wrapper\" role=\"tablist\" aria-orientation=\"vertical\">\n\t\t\t\t\t\t\t\t\t<div class=\"elementor-tab-title elementor-tab-mobile-title\" aria-selected=\"true\" data-tab=\"1\" role=\"tab\" tabindex=\"0\" aria-controls=\"elementor-tab-content-2141\" aria-expanded=\"false\">Farve<\/div>\n\t\t\t\t\t<div id=\"elementor-tab-content-2141\" class=\"elementor-tab-content elementor-clearfix\" data-tab=\"1\" role=\"tabpanel\" aria-labelledby=\"elementor-tab-title-2141\" tabindex=\"0\" hidden=\"false\"><p style=\"text-align: center\">Lysebrun til gylden<\/p><p style=\"text-align: center\">(ogs\u00e5 kaldet gyldne fibre)<\/p><\/div>\n\t\t\t\t\t\t\t\t\t<div class=\"elementor-tab-title elementor-tab-mobile-title\" aria-selected=\"false\" data-tab=\"2\" role=\"tab\" tabindex=\"-1\" aria-controls=\"elementor-tab-content-2142\" aria-expanded=\"false\">Lugt<\/div>\n\t\t\t\t\t<div id=\"elementor-tab-content-2142\" class=\"elementor-tab-content elementor-clearfix\" data-tab=\"2\" role=\"tabpanel\" aria-labelledby=\"elementor-tab-title-2142\" tabindex=\"0\" hidden=\"hidden\"><p style=\"text-align: center\">Fra meget behageligt til neutralt med gode varer. Nogle gange en st\u00e6rk lugt af mineralolie ved brug af batching olie i produktionen<\/p><\/div>\n\t\t\t\t\t\t\t\t\t<div class=\"elementor-tab-title elementor-tab-mobile-title\" aria-selected=\"false\" data-tab=\"3\" role=\"tab\" tabindex=\"-1\" aria-controls=\"elementor-tab-content-2143\" aria-expanded=\"false\">V\u00e6gt<\/div>\n\t\t\t\t\t<div id=\"elementor-tab-content-2143\" class=\"elementor-tab-content elementor-clearfix\" data-tab=\"3\" role=\"tabpanel\" aria-labelledby=\"elementor-tab-title-2143\" tabindex=\"0\" hidden=\"hidden\"><p style=\"text-align: center\">Meget let<\/p><\/div>\n\t\t\t\t\t\t\t\t\t<div class=\"elementor-tab-title elementor-tab-mobile-title\" aria-selected=\"false\" data-tab=\"4\" role=\"tab\" tabindex=\"-1\" aria-controls=\"elementor-tab-content-2144\" aria-expanded=\"false\">stabilitet<\/div>\n\t\t\t\t\t<div id=\"elementor-tab-content-2144\" class=\"elementor-tab-content elementor-clearfix\" data-tab=\"4\" role=\"tabpanel\" aria-labelledby=\"elementor-tab-title-2144\" tabindex=\"0\" hidden=\"hidden\"><p style=\"text-align: center\">Lidt mindre b\u00e6reevne end hamperove. Omkring 170 \u2013 220 kg. Afh\u00e6ngig af produktion og videreforarbejdning.<\/p><\/div>\n\t\t\t\t\t\t\t\t\t<div class=\"elementor-tab-title elementor-tab-mobile-title\" aria-selected=\"false\" data-tab=\"5\" role=\"tab\" tabindex=\"-1\" aria-controls=\"elementor-tab-content-2145\" aria-expanded=\"false\">Fordele<\/div>\n\t\t\t\t\t<div id=\"elementor-tab-content-2145\" class=\"elementor-tab-content elementor-clearfix\" data-tab=\"5\" role=\"tabpanel\" aria-labelledby=\"elementor-tab-title-2145\" tabindex=\"0\" hidden=\"hidden\"><p style=\"text-align: center\">Mere smidig, lettere at l\u00f8be og k\u00e6len, n\u00e5r rebene er bundet korrekt.\u00a0<\/p><\/div>\n\t\t\t\t\t\t\t<\/div>\n\t\t<\/div>\n\t\t\t\t\t\t<\/div>\n\t\t\t\t\t<\/div>\n\t\t<\/div>\n\t\t\t\t\t<\/div>\n\t\t<\/section>\n\t\t\t\t<div class=\"elementor-element elementor-element-4849c78 elementor-widget elementor-widget-spacer\" data-id=\"4849c78\" data-element_type=\"widget\" data-e-type=\"widget\" data-widget_type=\"spacer.default\">\n\t\t\t\t\t\t\t<div class=\"elementor-spacer\">\n\t\t\t<div class=\"elementor-spacer-inner\"><\/div>\n\t\t<\/div>\n\t\t\t\t\t\t<\/div>\n\t\t\t\t<div class=\"elementor-element elementor-element-463edc3 elementor-widget elementor-widget-text-editor\" data-id=\"463edc3\" data-element_type=\"widget\" data-e-type=\"widget\" data-widget_type=\"text-editor.default\">\n\t\t\t\t\t\t\t\t\t<p>Dette er de klassiske forskelle mellem de to typer reb. Dette stemmer dog ikke altid pr\u00e6cist overens, hvilket betyder, at det afh\u00e6nger mere af, hvordan rebene er fremstillet. Hvilke grundmaterialer bruges, hvordan rebet bearbejdes, hvor stramt de enkelte tr\u00e5de (rebstrenge) er snoet og hvor stramt et reb sl\u00e5s samt selvf\u00f8lgelig hvordan rebet for\u00e6dles p\u00e5 et senere tidspunkt er de afg\u00f8rende kriterier! For eksempel ledte jeg l\u00e6nge, indtil jeg fandt en rebfabrik, der laver reb, som jeg forestiller mig dem.<\/p><p>Normalt bruges reb med en l\u00e6ngde p\u00e5 omkring 8m. Det er lige meget om det er 7,80m eller 8,20m, men det skal v\u00e6re et sted omkring 8m! Jo st\u00f8rre den person, der bliver bundet op, jo l\u00e6ngere kan rebene v\u00e6re! Denne l\u00e6ngde er blevet popul\u00e6r, fordi den er bedst til de fleste ankler. Da du normalt bruger rebet to gange, har du omkring 4 m reb, som du skal flytte. Selvf\u00f8lgelig kan andre l\u00e6ngder teoretisk ogs\u00e5 bruges. Situationen er den samme med diameteren. Bondage reb lavet af jute og hamp tilbydes normalt i tykkelserne 5mm, 5,5mm og 6mm, men heller ikke her kan du stole p\u00e5 dette, da informationen normalt varierer lidt fra rebfabrik til rebfabrik!<\/p><p>Hvilken diameter du v\u00e6lger er, synes jeg, en smagssag. Men du skal t\u00e6nke over, hvad jeg vil bruge rebene til og med hvilken partner! Ja, rebene bruges til tr\u00e6ldom, jeg ved det! Jeg anbefaler rebtykkelser p\u00e5 5,5 mm og 6 mm til begyndere, da disse har lidt mere kontaktflade end 5 mm rebene og derfor er mere komfortable! Det samme g\u00e6lder suspension (suspenderet bondage). Mere b\u00e6reevne og st\u00f8tte er afg\u00f8rende for dette valg. Jo st\u00f8rre og tungere partneren er, jo mere pres er der p\u00e5 kroppen, og dette kan hurtigt blive ubehageligt med tyndere reb! 5mm rebene er selvf\u00f8lgelig de mest velegnede til kunstnerisk bondage, da det simpelthen giver et p\u00e6nere billede og man kan bruge lidt mere reb! Det er ogs\u00e5 blevet almindelig praksis at tilbyde rebs\u00e6t, der m\u00e5ler 7 x 8m. Dette er ideelt til begyndelsen. Syv reb er normalt tilstr\u00e6kkeligt. Med suspension bondage kan det dog ske, at du m\u00e5ske har brug for et eller to reb! Jeg tilbyder stadig korte reb med en l\u00e6ngde p\u00e5 omkring 3 meter i min online shop, fordi du ofte kommer til et punkt, hvor du kun beh\u00f8ver et lille stykke reb for at fuldf\u00f8re bondaget, og med en 8m l\u00e6ngde skal du behandle en masse reb p\u00e5 en eller anden m\u00e5de.<\/p><p>Nu kommer vi til kvaliteten af reb. Det ville v\u00e6re bedst, hvis et reb havde meget lidt fnug, var super smidigt, havde ingen lugte, knaster eller urenheder og havde h\u00e5rde fibre indarbejdet i det. Men det er desv\u00e6rre ikke s\u00e5 nemt, som det lyder! Mange, jeg vil endda sige, at de fleste af de reb, som du kan k\u00f8be et sted i isenkr\u00e6mmeren, p\u00e5 internettet eller andre steder, er fuldst\u00e6ndig uegnede til tr\u00e6ldom. Da rebene er fremstillet til andre form\u00e5l, er de ovenfor n\u00e6vnte punkter af ringe betydning. Fibrenes iboende lugte er ofte endda maskeret af kemiske og br\u00e6ndstoflignende lugte, som ikke kan slippes af selv efter gentagen vask. Desuden har nogle reb mange knob, s\u00e5 n\u00e5r den ene tr\u00e5d l\u00f8ber ud, bindes en ny til den, og rebet bliver ved med at blive bundet. Hvis kvaliteten er d\u00e5rlig, er nogle fibre meget m\u00f8rke og tr\u00e6agtige, eller nogle gange er der indarbejdet sm\u00e5 stykker tr\u00e6. Derudover er mange reb impr\u00e6gneret og snoet meget stramt, hvilket betyder, at de lugter kraftigt og er mindre smidige. Jeg er allerede blevet konfronteret med alle disse negative egenskaber og r\u00e5der derfor alle til ikke at k\u00f8be eller bruge s\u00e5danne reb til tr\u00e6ldom.<\/p><h3><span style=\"text-decoration: underline\"><span style=\"color: #000080\"><strong>Men der er ogs\u00e5 rigtig gode reb!<\/strong><\/span><\/span><\/h3><p>Priserne varierer, det samme g\u00f8r kvaliteten. Erfaring har vist, at jute er lidt dyrere end hamp. Men det hele afh\u00e6nger af producenten og de grundl\u00e6ggende materialer!<\/p><p><strong>Og nu til det altafg\u00f8rende sp\u00f8rgsm\u00e5l:<\/strong><\/p><h1><span style=\"color: #000080\">Hvor kan jeg f\u00e5 det perfekte reb???<\/span><\/h1><h2><strong><u>Og mit svar p\u00e5 det er <span style=\"color: #ff0000\">ingen steder!<\/span><\/u><\/strong><\/h2><p><strong>\u00a0<\/strong><\/p><p>Det perfekte jute- eller hamp-reb kan ikke k\u00f8bes. S\u00e5dan et reb er skabt!<\/p><p>Det starter med at udv\u00e6lge de fibre, der bliver til et garn og til sidst et reb. Hvis rebfabrikken er opm\u00e6rksom p\u00e5 kvalitet og egnethed til tr\u00e6ldomsform\u00e5l, har det f\u00f8rste skridt v\u00e6ret vellykket! Nu kommer afslutningen. Ogs\u00e5 her, hvis kvaliteten er i orden, og det er udf\u00f8rt korrekt, har du allerede gennemf\u00f8rt det andet trin! Men selv et velbearbejdet reb er langt fra perfekt, hvilket betyder, at det vil fnugge og f\u00f8les en smule kradset i starten. Det sidste trin er at bruge et reb ofte! F\u00f8rst med tiden - med sved, med kropsfedt og den rette pleje - bliver et reb til det perfekte reb!<\/p>\t\t\t\t\t\t\t\t<\/div>\n\t\t\t\t\t<\/div>\n\t\t<\/div>\n\t\t\t\t\t<\/div>\n\t\t<\/section>\n\t\t\t\t<section class=\"elementor-section elementor-top-section elementor-element elementor-element-83f107c elementor-section-boxed elementor-section-height-default elementor-section-height-default\" data-id=\"83f107c\" data-element_type=\"section\" data-e-type=\"section\">\n\t\t\t\t\t\t<div class=\"elementor-container elementor-column-gap-default\">\n\t\t\t\t\t<div class=\"elementor-column elementor-col-100 elementor-top-column elementor-element elementor-element-9bcd1a7\" data-id=\"9bcd1a7\" data-element_type=\"column\" data-e-type=\"column\">\n\t\t\t<div class=\"elementor-widget-wrap elementor-element-populated\">\n\t\t\t\t\t\t<div class=\"elementor-element elementor-element-9798531 elementor-widget elementor-widget-heading\" data-id=\"9798531\" data-element_type=\"widget\" data-e-type=\"widget\" data-widget_type=\"heading.default\">\n\t\t\t\t\t<h2 class=\"elementor-heading-title elementor-size-default\">Konklusion:<\/h2>\t\t\t\t<\/div>\n\t\t\t\t<div class=\"elementor-element elementor-element-172520e elementor-widget elementor-widget-text-editor\" data-id=\"172520e\" data-element_type=\"widget\" data-e-type=\"widget\" data-widget_type=\"text-editor.default\">\n\t\t\t\t\t\t\t\t\t<p><strong>Jeg tror, de fleste af sp\u00f8rgsm\u00e5lene er blevet besvaret, og alle kan nu g\u00f8re det for sig selv <\/strong><strong>Beslut hvilken type reb du foretr\u00e6kker! Hvis du selv vil pr\u00f8ve at forfine dine reb, <\/strong><strong>Nu ved du hvilken kvalitet du skal v\u00e6re opm\u00e6rksom p\u00e5.<\/strong><\/p><p><strong>Og til jer, der hellere vil k\u00f8be et reb, der er klar til at binde med det samme, <\/strong><strong>Der er masser af dem i min webshop!<\/strong><\/p><p><strong>Jeg foretr\u00e6kker personligt jute reb, da de er lettere og lidt mere smidige! <\/strong><strong>Desv\u00e6rre er disse meget fluffy sammenlignet med hamp reb.<\/strong><\/p><p><strong>Alle de reb, som jeg tilbyder i min webshop, har n\u00e6sten ingen egen lugt, hvilket betyder, at de kun lugter minimalt <\/strong><strong>Behandlingsolie, har hverken knaster eller urenheder og er af den bedste kvalitet!<\/strong><\/p><p><strong>God forn\u00f8jelse med rebene og mange sk\u00f8nne timer!<\/strong><\/p><p><strong>Hilsen Andreas<\/strong><\/p><p style=\"text-align: center\">\u00a0<\/p>\t\t\t\t\t\t\t\t<\/div>\n\t\t\t\t\t<\/div>\n\t\t<\/div>\n\t\t\t\t\t<\/div>\n\t\t<\/section>\n\t\t\t\t<\/div>","protected":false},"excerpt":{"rendered":"<p>Das Seil (Grundmaterial der Befestigungstechnik) Jeder, der sich mit dem Thema Fesseln besch\u00e4ftigt, wird sich fr\u00fcher oder sp\u00e4terdiese oder \u00e4hnliche Fragen stellen: Juteseil, Hanfseil oder doch eine Alternative? Welche Nachteile haben Hanf- und Juteseile? Worin liegen genau die Unterschiede? Welchen Durchmesser und L\u00e4nge sollen die Seile haben? Auf was sollte ich beim Kauf achten? Was [&hellip;]<\/p>\n","protected":false},"author":3,"featured_media":0,"parent":0,"menu_order":0,"comment_status":"closed","ping_status":"closed","template":"elementor_header_footer","meta":{"footnotes":""},"class_list":["post-1107","page","type-page","status-publish","hentry"],"_links":{"self":[{"href":"https:\/\/bavarian-bondage.de\/da\/wp-json\/wp\/v2\/pages\/1107","targetHints":{"allow":["GET"]}}],"collection":[{"href":"https:\/\/bavarian-bondage.de\/da\/wp-json\/wp\/v2\/pages"}],"about":[{"href":"https:\/\/bavarian-bondage.de\/da\/wp-json\/wp\/v2\/types\/page"}],"author":[{"embeddable":true,"href":"https:\/\/bavarian-bondage.de\/da\/wp-json\/wp\/v2\/users\/3"}],"replies":[{"embeddable":true,"href":"https:\/\/bavarian-bondage.de\/da\/wp-json\/wp\/v2\/comments?post=1107"}],"version-history":[{"count":5,"href":"https:\/\/bavarian-bondage.de\/da\/wp-json\/wp\/v2\/pages\/1107\/revisions"}],"predecessor-version":[{"id":9540,"href":"https:\/\/bavarian-bondage.de\/da\/wp-json\/wp\/v2\/pages\/1107\/revisions\/9540"}],"wp:attachment":[{"href":"https:\/\/bavarian-bondage.de\/da\/wp-json\/wp\/v2\/media?parent=1107"}],"curies":[{"name":"wp","href":"https:\/\/api.w.org\/{rel}","templated":true}]}}