{"id":1108,"date":"2016-01-25T16:56:26","date_gmt":"2016-01-25T15:56:26","guid":{"rendered":"https:\/\/bavarian-bondage.mysupr.de\/workshop-ja-oder-nein\/"},"modified":"2024-09-01T16:20:32","modified_gmt":"2024-09-01T14:20:32","slug":"vaerksted-ja-eller-nej","status":"publish","type":"page","link":"https:\/\/bavarian-bondage.de\/da\/workshop-ja-oder-nein\/","title":{"rendered":"V\u00e6rksted ja eller nej"},"content":{"rendered":"<div data-elementor-type=\"wp-post\" data-elementor-id=\"1108\" class=\"elementor elementor-1108\" data-elementor-post-type=\"page\">\n\t\t\t\t<div class=\"elementor-element elementor-element-dcbc31e e-flex e-con-boxed e-con e-parent\" data-id=\"dcbc31e\" data-element_type=\"container\" data-e-type=\"container\">\n\t\t\t\t\t<div class=\"e-con-inner\">\n\t\t<div class=\"elementor-element elementor-element-ecc35ec e-con-full e-flex e-con e-child\" data-id=\"ecc35ec\" data-element_type=\"container\" data-e-type=\"container\">\n\t\t\t\t<div class=\"elementor-element elementor-element-2de9a03 elementor-widget elementor-widget-heading\" data-id=\"2de9a03\" data-element_type=\"widget\" data-e-type=\"widget\" data-widget_type=\"heading.default\">\n\t\t\t\t\t<h2 class=\"elementor-heading-title elementor-size-default\">Er s\u00e5dan et v\u00e6rksted overhovedet n\u00f8dvendigt?<\/h2>\t\t\t\t<\/div>\n\t\t\t\t<div class=\"elementor-element elementor-element-872dc88 elementor-widget elementor-widget-spacer\" data-id=\"872dc88\" data-element_type=\"widget\" data-e-type=\"widget\" data-widget_type=\"spacer.default\">\n\t\t\t\t\t\t\t<div class=\"elementor-spacer\">\n\t\t\t<div class=\"elementor-spacer-inner\"><\/div>\n\t\t<\/div>\n\t\t\t\t\t\t<\/div>\n\t\t\t\t<div class=\"elementor-element elementor-element-b9c8382 elementor-widget elementor-widget-heading\" data-id=\"b9c8382\" data-element_type=\"widget\" data-e-type=\"widget\" data-widget_type=\"heading.default\">\n\t\t\t\t\t<h2 class=\"elementor-heading-title elementor-size-default\">Nej, luft er n\u00f8dvendigt for at tr\u00e6kke vejret. En workshop giver bestemt mening!<\/h2>\t\t\t\t<\/div>\n\t\t\t\t<div class=\"elementor-element elementor-element-0837066 elementor-widget elementor-widget-text-editor\" data-id=\"0837066\" data-element_type=\"widget\" data-e-type=\"widget\" data-widget_type=\"text-editor.default\">\n\t\t\t\t\t\t\t\t\t<p style=\"text-align: center\">Jeg kan ikke skrive her om den brede offentlighed eller om de enkelte v\u00e6rkstedsudbydere, for alle har deres egne erfaringer og processer.<\/p><p style=\"text-align: center\"><strong><span style=\"text-decoration: underline\">I dette blogindl\u00e6g vil jeg diskutere mine synspunkter og referere til de kurser, jeg tilbyder!<\/span><\/strong><\/p><p style=\"text-align: center\">Selvf\u00f8lgelig er der mange b\u00f8ger, videoer og instruktioner om emnet bondage eller shibari. Du kan se alt p\u00e5 internettet, l\u00e6se om det og derefter pr\u00f8ve det. Ligesom med en madlavningstime eller dansetime, l\u00e6rer du hurtigere og selvf\u00f8lgelig bedre, hvis du f\u00e5r vist det korrekt! Du kan stille dine sp\u00f8rgsm\u00e5l med det samme, f\u00e5 svar med det samme, og der er tips og tricks oveni!<strong><span style=\"color: #ff0000\">\u00a0<\/span>\u00a0<\/strong> \u00a0 \u00a0 \u00a0 \u00a0 \u00a0\u00a0<\/p><p style=\"text-align: center\">Nu vil mange af jer sp\u00f8rge jer selv:<\/p><p style=\"text-align: center\"><strong><span style=\"color: #ff0000\">Et af de vigtigste punkter, ikke engang det vigtigste, er sikkerhed! <\/span><\/strong><\/p><p style=\"text-align: center\"><strong><span style=\"text-decoration: underline\">Hvorfor sikkerhed? Jeg vil bare binde min partner!<\/span><\/strong><\/p><p style=\"text-align: center\">N\u00e5, da vores kroppe er meget f\u00f8lsomme over for ydre p\u00e5virkninger, b\u00f8r alle, der er bundet op, vide pr\u00e6cis, hvad de laver. Det starter med de rigtige knaster, som ikke m\u00e5 l\u00f8sne sig eller stramme p\u00e5 en u\u00f8nsket m\u00e5de. Vi forts\u00e6tter med tovf\u00f8ringen. Hvordan skal rebene l\u00f8be for ikke at skade den anden person ved et uheld? Hvor skal man v\u00e6re opm\u00e6rksom p\u00e5 nerver og blodkar? Hvad med de mange led? Disse sp\u00f8rgsm\u00e5l og selvf\u00f8lgelig flere skal besvares p\u00e5 en workshop!<\/p><p style=\"text-align: center\">Den ypperste disciplin og ofte h\u00f8jdepunktet i hver bondage session er den s\u00e5kaldte suspension (hanging bondage), hvor den bundne person kun h\u00e6nger frit i reb! Alle kan forestille sig, hvilken belastning dette p\u00e5f\u00f8rer vores kroppe, og hvor store de mulige farer er! Jeg vil virkelig ikke skr\u00e6mme nogen v\u00e6k, for h\u00e6ngende tr\u00e6ldom er en fantastisk oplevelse, som alle, der kan lide at blive bundet, b\u00f8r opleve. Bliv dog kun involveret i en suspension, hvis du er sikker p\u00e5, at den du taler med ved pr\u00e6cis, hvad han laver! Og I k\u00e6re mennesker, der er bundet, v\u00e6r altid opm\u00e6rksomme p\u00e5, at en bundet person giver sig helt op og I alene har det fulde ansvar!<\/p><p style=\"text-align: center\">Nu, selv med den bedste forberedelse og viden, kan noget g\u00e5 galt. Selv i s\u00e5dan et tilf\u00e6lde - hvilket selvf\u00f8lgelig ingen \u00f8nsker - skal du altid v\u00e6re forberedt, s\u00e5 du kan reagere hurtigst muligt.<\/p><p style=\"text-align: center\">Jeg tror, at n\u00e5r det kommer til emnet sikkerhed, har vi alle indset, at en workshop virkelig giver mening. Tr\u00e6ldom skal trods alt v\u00e6re sjovt og ikke ende med en tur til l\u00e6gen!<\/p><p style=\"text-align: center\">Ydermere b\u00f8r du p\u00e5 et begynderv\u00e6rksted ogs\u00e5 have mulighed for at besk\u00e6ftige dig med de forskellige typer reb og deres fordele og ulemper for at f\u00e5 et indblik i, hvilke reb du senere skal k\u00f8be!<\/p><p style=\"text-align: center\">\u00a0<\/p><p style=\"text-align: center\"><strong><span style=\"color: #212157\">Efter hele talen eller romanen om sikkerhed, vil jeg p\u00e5 ingen m\u00e5de skr\u00e6mme dig v\u00e6k fra at arbejde med rebene!<\/span><\/strong><\/p><p style=\"text-align: center\"><b>(Tv\u00e6rtimod, ellers havde jeg aldrig oprettet siden)<\/b><\/p><p style=\"text-align: center\">Jeg tilbyder generelt workshops for par eller to personer, da man kan l\u00e6re meget hurtigere og bedre end i s\u00e5kaldte gruppeworkshops med ti personer eller flere!<\/p>\t\t\t\t\t\t\t\t<\/div>\n\t\t\t\t<\/div>\n\t\t\t\t\t<\/div>\n\t\t\t\t<\/div>\n\t\t\t\t<\/div>","protected":false},"excerpt":{"rendered":"<p>Ist so ein Workshop \u00fcberhaupt notwendig? Nein, notwendig ist die Luft zum Atmen. Ein Workshop ist auf jeden Fall sinnvoll! Ich kann hier nicht \u00fcber die Allgemeinheit schreiben oder \u00fcber die einzelnen Workshopanbieter,denn jeder hat seine eigenen Erfahrunngen und Abl\u00e4ufe. In diesem Blogeintrag gehe ich auf meine Ansichten ein und beziehe mich auf die von [&hellip;]<\/p>\n","protected":false},"author":3,"featured_media":0,"parent":0,"menu_order":0,"comment_status":"closed","ping_status":"closed","template":"elementor_header_footer","meta":{"footnotes":""},"class_list":["post-1108","page","type-page","status-publish","hentry"],"_links":{"self":[{"href":"https:\/\/bavarian-bondage.de\/da\/wp-json\/wp\/v2\/pages\/1108","targetHints":{"allow":["GET"]}}],"collection":[{"href":"https:\/\/bavarian-bondage.de\/da\/wp-json\/wp\/v2\/pages"}],"about":[{"href":"https:\/\/bavarian-bondage.de\/da\/wp-json\/wp\/v2\/types\/page"}],"author":[{"embeddable":true,"href":"https:\/\/bavarian-bondage.de\/da\/wp-json\/wp\/v2\/users\/3"}],"replies":[{"embeddable":true,"href":"https:\/\/bavarian-bondage.de\/da\/wp-json\/wp\/v2\/comments?post=1108"}],"version-history":[{"count":8,"href":"https:\/\/bavarian-bondage.de\/da\/wp-json\/wp\/v2\/pages\/1108\/revisions"}],"predecessor-version":[{"id":12816,"href":"https:\/\/bavarian-bondage.de\/da\/wp-json\/wp\/v2\/pages\/1108\/revisions\/12816"}],"wp:attachment":[{"href":"https:\/\/bavarian-bondage.de\/da\/wp-json\/wp\/v2\/media?parent=1108"}],"curies":[{"name":"wp","href":"https:\/\/api.w.org\/{rel}","templated":true}]}}