{"id":1127,"date":"2016-02-15T22:11:37","date_gmt":"2016-02-15T21:11:37","guid":{"rendered":"https:\/\/bavarian-bondage.mysupr.de\/fortgeschrittenen-workshop\/"},"modified":"2026-03-19T06:56:15","modified_gmt":"2026-03-19T05:56:15","slug":"avanceret-vaerksted","status":"publish","type":"page","link":"https:\/\/bavarian-bondage.de\/da\/fortgeschrittenen-workshop\/","title":{"rendered":"Avanceret v\u00e6rksted"},"content":{"rendered":"<div data-elementor-type=\"wp-post\" data-elementor-id=\"1127\" class=\"elementor elementor-1127\" data-elementor-post-type=\"page\">\n\t\t\t\t<div class=\"elementor-element elementor-element-5ea8895 e-flex e-con-boxed e-con e-parent\" data-id=\"5ea8895\" data-element_type=\"container\" data-e-type=\"container\">\n\t\t\t\t\t<div class=\"e-con-inner\">\n\t\t<div class=\"elementor-element elementor-element-4e4e157 e-con-full e-flex e-con e-child\" data-id=\"4e4e157\" data-element_type=\"container\" data-e-type=\"container\">\n\t\t\t\t<div class=\"elementor-element elementor-element-b221294 elementor-widget elementor-widget-heading\" data-id=\"b221294\" data-element_type=\"widget\" data-e-type=\"widget\" data-widget_type=\"heading.default\">\n\t\t\t\t\t<h2 class=\"elementor-heading-title elementor-size-default\">Avancerede workshops<\/h2>\t\t\t\t<\/div>\n\t\t\t\t<div class=\"elementor-element elementor-element-9141d4d elementor-widget elementor-widget-text-editor\" data-id=\"9141d4d\" data-element_type=\"widget\" data-e-type=\"widget\" data-widget_type=\"text-editor.default\">\n\t\t\t\t\t\t\t\t\t<p>Alle kurser kan individuelt tilpasses dine \u00f8nsker.<\/p>\t\t\t\t\t\t\t\t<\/div>\n\t\t\t\t<div class=\"elementor-element elementor-element-ea2bff9 elementor-widget elementor-widget-text-editor\" data-id=\"ea2bff9\" data-element_type=\"widget\" data-e-type=\"widget\" data-widget_type=\"text-editor.default\">\n\t\t\t\t\t\t\t\t\t<p><span style=\"text-decoration: underline\"><span style=\"color: #000080;text-decoration: underline\">1. Takate Kote til kort TK eller Box Tie,<\/span><\/span><\/p><p>er en klassisk overkrop bondage og et fundament for mange andre bondages. Desuden er Takate Kote et af de vigtigste elementer til suspensionsbinding og b\u00f8r derfor mestres korrekt og sikkert!<\/p><p style=\"text-align: left\"><span style=\"text-decoration: underline\">Vi besk\u00e6ftiger os med emnerne:<\/span><\/p><p style=\"text-align: left\"><span style=\"text-decoration: underline;color: #000080\">Takate Kote:<\/span>\u00a0Udgave og variationer med 2 og 3 reb; Sikre knuder og rebf\u00f8ring<\/p><p style=\"text-align: left\"><span style=\"text-decoration: underline\"><span style=\"color: #000080;text-decoration: underline\">Tr\u00e6ldom:<\/span><\/span>\u00a0forskellige tr\u00e6ldomsmuligheder i forbindelse med den l\u00e6rde Takate Kote\u00a0<\/p><p style=\"text-align: left\"><span style=\"text-decoration: underline\"><span style=\"color: #000080;text-decoration: underline\">H\u00e6ngende tr\u00e6ldom:<\/span><\/span>\u00a0lille introduktion til emnet suspension og delvis suspension\u00a0<\/p><p style=\"text-align: left;padding-left: 40px\"><span style=\"text-decoration: underline\"><span style=\"color: #000080;text-decoration: underline\">Varighed:<\/span><\/span>\u00a02,5 timer (med et par korte pauser)<\/p><p style=\"text-align: left;padding-left: 40px\"><span style=\"text-decoration: underline\"><span style=\"color: #000080;text-decoration: underline\">Pris:<\/span><\/span> 119,00 \u20ac for 2 personer (drikkevarer er inkluderet i prisen)<\/p>\t\t\t\t\t\t\t\t<\/div>\n\t\t\t\t<div class=\"elementor-element elementor-element-b917dd8 elementor-widget elementor-widget-spacer\" data-id=\"b917dd8\" data-element_type=\"widget\" data-e-type=\"widget\" data-widget_type=\"spacer.default\">\n\t\t\t\t\t\t\t<div class=\"elementor-spacer\">\n\t\t\t<div class=\"elementor-spacer-inner\"><\/div>\n\t\t<\/div>\n\t\t\t\t\t\t<\/div>\n\t\t\t\t<div class=\"elementor-element elementor-element-f0be414 elementor-widget elementor-widget-text-editor\" data-id=\"f0be414\" data-element_type=\"widget\" data-e-type=\"widget\" data-widget_type=\"text-editor.default\">\n\t\t\t\t\t\t\t\t\t<p><span style=\"text-decoration: underline\"><span style=\"color: #000080;text-decoration: underline\">2. Klassikerne<\/span><\/span><\/p><p style=\"text-align: center\">Mange har h\u00f8rt navne som Hogtie, Karada, Strappado, Frogtie osv.! Nu er det tid til at s\u00e6tte navnet i v\u00e6rk og l\u00e6re de individuelle begr\u00e6nsninger.<\/p><p style=\"text-align: left\"><span style=\"text-decoration: underline;color: #000000\">Vi besk\u00e6ftiger os med emnerne:<\/span><\/p><p style=\"text-align: left\"><span style=\"text-decoration: underline\"><span style=\"color: #000080;text-decoration: underline\">Bondage vs shibari eller kinbaku:<\/span><\/span>\u00a0lille forklaring af betydninger, oprindelse og forskelle; de klassiske tr\u00e6ldom og deres navne; Er der nogen forskelle mellem bondage og shibari i Europa?<\/p><p style=\"text-align: left\"><span style=\"text-decoration: underline\"><span style=\"color: #000080;text-decoration: underline\">Tr\u00e6ldom:<\/span><\/span>\u00a0De mest kendte begr\u00e6nsninger, som du h\u00f8rer og ser igen og igen i forskellige designs og mulige anvendelser; de korrekte knudeteknikker og fikseringspunkter<\/p><p style=\"text-align: left;padding-left: 40px\"><span style=\"text-decoration: underline\"><span style=\"color: #000080;text-decoration: underline\">Varighed:<\/span><\/span>\u00a02,5 timer (med et par korte pauser)<\/p><p style=\"text-align: left;padding-left: 40px\"><span style=\"text-decoration: underline\"><span style=\"color: #000080;text-decoration: underline\">Pris:<\/span><\/span> 119,00 \u20ac for 2 personer (drikkevarer er inkluderet i prisen)<\/p>\t\t\t\t\t\t\t\t<\/div>\n\t\t\t\t<div class=\"elementor-element elementor-element-f8837b6 elementor-widget elementor-widget-spacer\" data-id=\"f8837b6\" data-element_type=\"widget\" data-e-type=\"widget\" data-widget_type=\"spacer.default\">\n\t\t\t\t\t\t\t<div class=\"elementor-spacer\">\n\t\t\t<div class=\"elementor-spacer-inner\"><\/div>\n\t\t<\/div>\n\t\t\t\t\t\t<\/div>\n\t\t\t\t<div class=\"elementor-element elementor-element-d50ed9b elementor-widget elementor-widget-text-editor\" data-id=\"d50ed9b\" data-element_type=\"widget\" data-e-type=\"widget\" data-widget_type=\"text-editor.default\">\n\t\t\t\t\t\t\t\t\t<p style=\"text-align: center\"><span style=\"text-decoration: underline;color: #000080\">3. Suspension (suspenderet tr\u00e6ldom)<\/span><\/p><p>N\u00e5r jorden under dine f\u00f8dder bliver mindre og mindre, og du deler dit rum med loftslampen, taler vi om oph\u00e6ng! Den \u00f8verste disciplin i tr\u00e6ldom og shibari.<\/p><p style=\"text-align: left\"><span style=\"text-decoration: underline\">Vi besk\u00e6ftiger os med emnerne:<\/span><\/p><p style=\"text-align: left\"><span style=\"text-decoration: underline\"><span style=\"color: #000080;text-decoration: underline\">Sikkerhed:<\/span><\/span> Sikkerhed er ofte undervurderet, men det er netop her, det er vigtigt at vide. monteringspunkter p\u00e5 loftet; sikre knob og reb management; Hvad skal man g\u00f8re i en n\u00f8dsituation; kroppens anatomi; og meget mere.<\/p><p style=\"text-align: left\"><span style=\"text-decoration: underline\"><span style=\"color: #000080;text-decoration: underline\">H\u00e6ngende tr\u00e6ldom:<\/span><\/span>\u00a0Trin for skridt fra start til frith\u00e6ngning;\u00a0<\/p><p style=\"text-align: left\">Til denne workshop er passende forkundskaber s\u00e5som ordentlig overkropsbinding naturligvis grundlaget.<\/p><p style=\"text-align: left\">Det skal v\u00e6re klart for jer alle, at med en 3,5 timers workshop er du stadig helt i starten, og du er alt andet end professionel. Som med alle workshops handler det ikke om at se s\u00e5 meget som muligt s\u00e5 hurtigt som muligt, nej, det handler om virkelig at vide, hvad man laver, og hvordan man g\u00f8r det.<\/p><p style=\"text-align: left\"><span style=\"text-decoration: underline\"><span style=\"color: #000080;text-decoration: underline\">Semi-suspension (delvis suspension bondage):<\/span><\/span> Suspenderet bondage i liggende, liggende og sideleje; variationer i luften; Klassiske figurer eller h\u00e6ngende overhead kan l\u00e6res lidt efter lidt i denne workshop. Men som n\u00e6vnt ovenfor kan dette ikke lade sig g\u00f8re p\u00e5 et v\u00e6rksted alene<\/p><p style=\"text-align: left;padding-left: 40px\"><span style=\"text-decoration: underline\"><span style=\"color: #000080;text-decoration: underline\">Varighed:<\/span><\/span>\u00a03,5 timer (med l\u00e6ngere pauser fra bondage) er n\u00f8dvendige, fordi det er en stor fysisk belastning at h\u00e6nge i rebene.<\/p><p style=\"text-align: left;padding-left: 40px\"><span style=\"text-decoration: underline\"><span style=\"color: #000080;text-decoration: underline\">Pris:<\/span><\/span> 165,00 \u20ac for 2 personer (drikkevarer er inkluderet i prisen)<\/p>\t\t\t\t\t\t\t\t<\/div>\n\t\t\t\t<div class=\"elementor-element elementor-element-adeb410 elementor-widget elementor-widget-spacer\" data-id=\"adeb410\" data-element_type=\"widget\" data-e-type=\"widget\" data-widget_type=\"spacer.default\">\n\t\t\t\t\t\t\t<div class=\"elementor-spacer\">\n\t\t\t<div class=\"elementor-spacer-inner\"><\/div>\n\t\t<\/div>\n\t\t\t\t\t\t<\/div>\n\t\t\t\t<div class=\"elementor-element elementor-element-334f269 elementor-widget elementor-widget-text-editor\" data-id=\"334f269\" data-element_type=\"widget\" data-e-type=\"widget\" data-widget_type=\"text-editor.default\">\n\t\t\t\t\t\t\t\t\t<p>Alle angivne priser er totalpriser inklusive moms.<\/p><p>Inden starten p\u00e5 en workshop vil du blive pr\u00e6senteret for en ansvarsfraskrivelse,<\/p><p>\u00a0som du bedes l\u00e6se omhyggeligt og underskrive.<\/p>\t\t\t\t\t\t\t\t<\/div>\n\t\t\t\t<\/div>\n\t\t\t\t\t<\/div>\n\t\t\t\t<\/div>\n\t\t<div class=\"elementor-element elementor-element-9d74ff7 e-flex e-con-boxed e-con e-parent\" data-id=\"9d74ff7\" data-element_type=\"container\" data-e-type=\"container\">\n\t\t\t\t\t<div class=\"e-con-inner\">\n\t\t<div class=\"elementor-element elementor-element-2737515 e-con-full e-flex e-con e-child\" data-id=\"2737515\" data-element_type=\"container\" data-e-type=\"container\">\n\t\t\t\t<div class=\"elementor-element elementor-element-4e4139e elementor-widget elementor-widget-heading\" data-id=\"4e4139e\" data-element_type=\"widget\" data-e-type=\"widget\" data-widget_type=\"heading.default\">\n\t\t\t\t\t<h2 class=\"elementor-heading-title elementor-size-default\">Oversigt<\/h2>\t\t\t\t<\/div>\n\t\t\t\t<\/div>\n\t\t\t\t\t<\/div>\n\t\t\t\t<\/div>\n\t\t<div class=\"elementor-element elementor-element-da54d56 e-flex e-con-boxed e-con e-parent\" data-id=\"da54d56\" data-element_type=\"container\" data-e-type=\"container\">\n\t\t\t\t\t<div class=\"e-con-inner\">\n\t\t<div class=\"elementor-element elementor-element-11fdd30 e-con-full e-flex e-con e-child\" data-id=\"11fdd30\" data-element_type=\"container\" data-e-type=\"container\">\n\t\t\t\t<div class=\"elementor-element elementor-element-ec0a4a4 elementor-tabs-view-horizontal elementor-widget elementor-widget-tabs\" data-id=\"ec0a4a4\" data-element_type=\"widget\" data-e-type=\"widget\" data-widget_type=\"tabs.default\">\n\t\t\t\t\t\t\t<div class=\"elementor-tabs\">\n\t\t\t<div class=\"elementor-tabs-wrapper\" role=\"tablist\" >\n\t\t\t\t\t\t\t\t\t<div id=\"elementor-tab-title-2471\" class=\"elementor-tab-title elementor-tab-desktop-title\" aria-selected=\"true\" data-tab=\"1\" role=\"tab\" tabindex=\"0\" aria-controls=\"elementor-tab-content-2471\" aria-expanded=\"false\">Alder:<\/div>\n\t\t\t\t\t\t\t\t\t<div id=\"elementor-tab-title-2472\" class=\"elementor-tab-title elementor-tab-desktop-title\" aria-selected=\"false\" data-tab=\"2\" role=\"tab\" tabindex=\"-1\" aria-controls=\"elementor-tab-content-2472\" aria-expanded=\"false\">Beliggenhed:<\/div>\n\t\t\t\t\t\t\t\t\t<div id=\"elementor-tab-title-2473\" class=\"elementor-tab-title elementor-tab-desktop-title\" aria-selected=\"false\" data-tab=\"3\" role=\"tab\" tabindex=\"-1\" aria-controls=\"elementor-tab-content-2473\" aria-expanded=\"false\">Priser:<\/div>\n\t\t\t\t\t\t\t\t\t<div id=\"elementor-tab-title-2474\" class=\"elementor-tab-title elementor-tab-desktop-title\" aria-selected=\"false\" data-tab=\"4\" role=\"tab\" tabindex=\"-1\" aria-controls=\"elementor-tab-content-2474\" aria-expanded=\"false\">betale<\/div>\n\t\t\t\t\t\t\t\t\t<div id=\"elementor-tab-title-2475\" class=\"elementor-tab-title elementor-tab-desktop-title\" aria-selected=\"false\" data-tab=\"5\" role=\"tab\" tabindex=\"-1\" aria-controls=\"elementor-tab-content-2475\" aria-expanded=\"false\">Ansvarsfraskrivelse:<\/div>\n\t\t\t\t\t\t\t\t\t<div id=\"elementor-tab-title-2476\" class=\"elementor-tab-title elementor-tab-desktop-title\" aria-selected=\"false\" data-tab=\"6\" role=\"tab\" tabindex=\"-1\" aria-controls=\"elementor-tab-content-2476\" aria-expanded=\"false\">Diverse:<\/div>\n\t\t\t\t\t\t\t<\/div>\n\t\t\t<div class=\"elementor-tabs-content-wrapper\" role=\"tablist\" aria-orientation=\"vertical\">\n\t\t\t\t\t\t\t\t\t<div class=\"elementor-tab-title elementor-tab-mobile-title\" aria-selected=\"true\" data-tab=\"1\" role=\"tab\" tabindex=\"0\" aria-controls=\"elementor-tab-content-2471\" aria-expanded=\"false\">Alder:<\/div>\n\t\t\t\t\t<div id=\"elementor-tab-content-2471\" class=\"elementor-tab-content elementor-clearfix\" data-tab=\"1\" role=\"tabpanel\" aria-labelledby=\"elementor-tab-title-2471\" tabindex=\"0\" hidden=\"false\"><p>Fra 18 \u00e5r<\/p><\/div>\n\t\t\t\t\t\t\t\t\t<div class=\"elementor-tab-title elementor-tab-mobile-title\" aria-selected=\"false\" data-tab=\"2\" role=\"tab\" tabindex=\"-1\" aria-controls=\"elementor-tab-content-2472\" aria-expanded=\"false\">Beliggenhed:<\/div>\n\t\t\t\t\t<div id=\"elementor-tab-content-2472\" class=\"elementor-tab-content elementor-clearfix\" data-tab=\"2\" role=\"tabpanel\" aria-labelledby=\"elementor-tab-title-2472\" tabindex=\"0\" hidden=\"hidden\"><p>Bayersk tr\u00e6ldom<\/p><p>Andreas Venus<\/p><p>Haidberg 2<\/p><p>94379 Sankt Englmar<\/p><\/div>\n\t\t\t\t\t\t\t\t\t<div class=\"elementor-tab-title elementor-tab-mobile-title\" aria-selected=\"false\" data-tab=\"3\" role=\"tab\" tabindex=\"-1\" aria-controls=\"elementor-tab-content-2473\" aria-expanded=\"false\">Priser:<\/div>\n\t\t\t\t\t<div id=\"elementor-tab-content-2473\" class=\"elementor-tab-content elementor-clearfix\" data-tab=\"3\" role=\"tabpanel\" aria-labelledby=\"elementor-tab-title-2473\" tabindex=\"0\" hidden=\"hidden\"><p>Alle priser anf\u00f8rt ovenfor er totalpriser inklusive moms.<\/p><\/div>\n\t\t\t\t\t\t\t\t\t<div class=\"elementor-tab-title elementor-tab-mobile-title\" aria-selected=\"false\" data-tab=\"4\" role=\"tab\" tabindex=\"-1\" aria-controls=\"elementor-tab-content-2474\" aria-expanded=\"false\">betale<\/div>\n\t\t\t\t\t<div id=\"elementor-tab-content-2474\" class=\"elementor-tab-content elementor-clearfix\" data-tab=\"4\" role=\"tabpanel\" aria-labelledby=\"elementor-tab-title-2474\" tabindex=\"0\" hidden=\"hidden\"><p>Inden workshoppen starter<\/p><\/div>\n\t\t\t\t\t\t\t\t\t<div class=\"elementor-tab-title elementor-tab-mobile-title\" aria-selected=\"false\" data-tab=\"5\" role=\"tab\" tabindex=\"-1\" aria-controls=\"elementor-tab-content-2475\" aria-expanded=\"false\">Ansvarsfraskrivelse:<\/div>\n\t\t\t\t\t<div id=\"elementor-tab-content-2475\" class=\"elementor-tab-content elementor-clearfix\" data-tab=\"5\" role=\"tabpanel\" aria-labelledby=\"elementor-tab-title-2475\" tabindex=\"0\" hidden=\"hidden\"><p>L\u00e6s og underskriv omhyggeligt inden workshoppen starter.<\/p><\/div>\n\t\t\t\t\t\t\t\t\t<div class=\"elementor-tab-title elementor-tab-mobile-title\" aria-selected=\"false\" data-tab=\"6\" role=\"tab\" tabindex=\"-1\" aria-controls=\"elementor-tab-content-2476\" aria-expanded=\"false\">Diverse:<\/div>\n\t\t\t\t\t<div id=\"elementor-tab-content-2476\" class=\"elementor-tab-content elementor-clearfix\" data-tab=\"6\" role=\"tabpanel\" aria-labelledby=\"elementor-tab-title-2476\" tabindex=\"0\" hidden=\"hidden\"><p>Alle varer, der tilbydes i butikken, kan k\u00f8bes p\u00e5 et v\u00e6rksted.<\/p><\/div>\n\t\t\t\t\t\t\t<\/div>\n\t\t<\/div>\n\t\t\t\t\t\t<\/div>\n\t\t\t\t<div class=\"elementor-element elementor-element-e131a80 premium-lq__none elementor-widget elementor-widget-premium-addon-button\" data-id=\"e131a80\" data-element_type=\"widget\" data-e-type=\"widget\" data-widget_type=\"premium-addon-button.default\">\n\t\t\t\t\t\n\n\t\t<a class=\"premium-button premium-button-none premium-btn-md premium-button-none\" href=\"https:\/\/bavarian-bondage.de\/da\/kontaktformular\/\">\n\t\t\t<div class=\"premium-button-text-icon-wrapper\">\n\t\t\t\t\n\t\t\t\t\t\t\t\t\t<span >\n\t\t\t\t\t\tKontaktformular\t\t\t\t\t<\/span>\n\t\t\t\t\t\t\t<\/div>\n\n\t\t\t\n\t\t\t\n\t\t\t\n\t\t<\/a>\n\n\n\t\t\t\t\t\t<\/div>\n\t\t\t\t<\/div>\n\t\t\t\t\t<\/div>\n\t\t\t\t<\/div>\n\t\t<div class=\"elementor-element elementor-element-56284fd e-flex e-con-boxed e-con e-parent\" data-id=\"56284fd\" data-element_type=\"container\" data-e-type=\"container\">\n\t\t\t\t\t<div class=\"e-con-inner\">\n\t\t<div class=\"elementor-element elementor-element-5b366aa e-con-full e-flex e-con e-child\" data-id=\"5b366aa\" data-element_type=\"container\" data-e-type=\"container\">\n\t\t\t\t<div class=\"elementor-element elementor-element-79888ce elementor-widget elementor-widget-heading\" data-id=\"79888ce\" data-element_type=\"widget\" data-e-type=\"widget\" data-widget_type=\"heading.default\">\n\t\t\t\t\t<h2 class=\"elementor-heading-title elementor-size-default\">Der tilbydes ingen workshops i \u00f8jeblikket!<\/h2>\t\t\t\t<\/div>\n\t\t\t\t<\/div>\n\t\t\t\t\t<\/div>\n\t\t\t\t<\/div>\n\t\t\t\t<\/div>","protected":false},"excerpt":{"rendered":"<p>Fortgeschrittenen Workshops Alle Kurse k\u00f6nnen individuell nach deinen W\u00fcnschen angepasst werden. 1. Der Takate Kote kurz TK oder auch Box Tie, ist eine klassische Oberk\u00f6rperfesselung und ein Grundstein f\u00fcr viele weitere Fesselungen. Des Weiteren ist der Takate Kote eines der wichtigsten Elemente f\u00fcr H\u00e4ngebondage und sollte daher fehlerfrei und sicher beherrscht werden! Wir befassen uns [&hellip;]<\/p>\n","protected":false},"author":3,"featured_media":0,"parent":0,"menu_order":0,"comment_status":"closed","ping_status":"closed","template":"elementor_header_footer","meta":{"footnotes":""},"class_list":["post-1127","page","type-page","status-publish","hentry"],"_links":{"self":[{"href":"https:\/\/bavarian-bondage.de\/da\/wp-json\/wp\/v2\/pages\/1127","targetHints":{"allow":["GET"]}}],"collection":[{"href":"https:\/\/bavarian-bondage.de\/da\/wp-json\/wp\/v2\/pages"}],"about":[{"href":"https:\/\/bavarian-bondage.de\/da\/wp-json\/wp\/v2\/types\/page"}],"author":[{"embeddable":true,"href":"https:\/\/bavarian-bondage.de\/da\/wp-json\/wp\/v2\/users\/3"}],"replies":[{"embeddable":true,"href":"https:\/\/bavarian-bondage.de\/da\/wp-json\/wp\/v2\/comments?post=1127"}],"version-history":[{"count":5,"href":"https:\/\/bavarian-bondage.de\/da\/wp-json\/wp\/v2\/pages\/1127\/revisions"}],"predecessor-version":[{"id":16986,"href":"https:\/\/bavarian-bondage.de\/da\/wp-json\/wp\/v2\/pages\/1127\/revisions\/16986"}],"wp:attachment":[{"href":"https:\/\/bavarian-bondage.de\/da\/wp-json\/wp\/v2\/media?parent=1127"}],"curies":[{"name":"wp","href":"https:\/\/api.w.org\/{rel}","templated":true}]}}