{"id":1130,"date":"2016-04-26T20:05:48","date_gmt":"2016-04-26T18:05:48","guid":{"rendered":"https:\/\/bavarian-bondage.mysupr.de\/partner\/"},"modified":"2024-09-01T16:39:30","modified_gmt":"2024-09-01T14:39:30","slug":"partner","status":"publish","type":"page","link":"https:\/\/bavarian-bondage.de\/da\/partner\/","title":{"rendered":"partner"},"content":{"rendered":"<div data-elementor-type=\"wp-post\" data-elementor-id=\"1130\" class=\"elementor elementor-1130\" data-elementor-post-type=\"page\">\n\t\t\t\t<div class=\"elementor-element elementor-element-f68f695 e-flex e-con-boxed e-con e-parent\" data-id=\"f68f695\" data-element_type=\"container\" data-e-type=\"container\">\n\t\t\t\t\t<div class=\"e-con-inner\">\n\t\t<div class=\"elementor-element elementor-element-acfd9fe e-con-full e-flex e-con e-child\" data-id=\"acfd9fe\" data-element_type=\"container\" data-e-type=\"container\">\n\t\t\t\t<div class=\"elementor-element elementor-element-e5bd1d7 elementor-widget elementor-widget-heading\" data-id=\"e5bd1d7\" data-element_type=\"widget\" data-e-type=\"widget\" data-widget_type=\"heading.default\">\n\t\t\t\t\t<h2 class=\"elementor-heading-title elementor-size-default\">Her er et par interessante sider fra venner og partnere<\/h2>\t\t\t\t<\/div>\n\t\t\t\t<div class=\"elementor-element elementor-element-d90e2d2 elementor-widget-divider--view-line elementor-widget elementor-widget-divider\" data-id=\"d90e2d2\" data-element_type=\"widget\" data-e-type=\"widget\" data-widget_type=\"divider.default\">\n\t\t\t\t\t\t\t<div class=\"elementor-divider\">\n\t\t\t<span class=\"elementor-divider-separator\">\n\t\t\t\t\t\t<\/span>\n\t\t<\/div>\n\t\t\t\t\t\t<\/div>\n\t\t\t\t<div class=\"elementor-element elementor-element-1178aa5 elementor-widget elementor-widget-image\" data-id=\"1178aa5\" data-element_type=\"widget\" data-e-type=\"widget\" data-widget_type=\"image.default\">\n\t\t\t\t\t\t\t\t\t\t\t\t\t\t\t\t<a href=\"http:\/\/www.fushicho.de\" target=\"_blank\" rel=\"noopener\">\n\t\t\t\t\t\t\t<img decoding=\"async\" src=\"https:\/\/bavarian-bondage.de\/wp-content\/uploads\/2021\/01\/fushicho-shibari-300x171-1.png\" title=\"fushicho-shibari-300\u00d7171\" alt=\"fushicho-shibari-300x171\" loading=\"lazy\" \/>\t\t\t\t\t\t\t\t<\/a>\n\t\t\t\t\t\t\t\t\t\t\t\t\t\t\t<\/div>\n\t\t\t\t<div class=\"elementor-element elementor-element-ef6ba84 elementor-widget elementor-widget-text-editor\" data-id=\"ef6ba84\" data-element_type=\"widget\" data-e-type=\"widget\" data-widget_type=\"text-editor.default\">\n\t\t\t\t\t\t\t\t\t<h3 style=\"text-align: center\"><strong>Fushicho<\/strong><\/h3><p style=\"text-align: center\">Fushicho Shibari har undervist Shibari i K\u00f6ln siden 2014. De v\u00e6rds\u00e6tter en ikke-dogmatisk, holistisk orienteret og inkluderende m\u00e5de at formidle viden p\u00e5. Du kan finde mere information p\u00e5 deres hjemmeside.<\/p>\t\t\t\t\t\t\t\t<\/div>\n\t\t\t\t<div class=\"elementor-element elementor-element-a087ceb elementor-widget-divider--view-line elementor-widget elementor-widget-divider\" data-id=\"a087ceb\" data-element_type=\"widget\" data-e-type=\"widget\" data-widget_type=\"divider.default\">\n\t\t\t\t\t\t\t<div class=\"elementor-divider\">\n\t\t\t<span class=\"elementor-divider-separator\">\n\t\t\t\t\t\t<\/span>\n\t\t<\/div>\n\t\t\t\t\t\t<\/div>\n\t\t\t\t<div class=\"elementor-element elementor-element-d89acb2 elementor-widget elementor-widget-image\" data-id=\"d89acb2\" data-element_type=\"widget\" data-e-type=\"widget\" data-widget_type=\"image.default\">\n\t\t\t\t\t\t\t\t\t\t\t\t\t\t\t\t<a href=\"https:\/\/www.weppymakesyouhappy.com\" target=\"_blank\" rel=\"noopener\">\n\t\t\t\t\t\t\t<img decoding=\"async\" width=\"150\" height=\"150\" src=\"https:\/\/bavarian-bondage.de\/wp-content\/uploads\/2021\/01\/Logo-high-res-150x150.png\" class=\"attachment-thumbnail size-thumbnail wp-image-4771\" alt=\"\" srcset=\"https:\/\/bavarian-bondage.de\/wp-content\/uploads\/2021\/01\/Logo-high-res-150x150.png 150w, https:\/\/bavarian-bondage.de\/wp-content\/uploads\/2021\/01\/Logo-high-res-300x300.png 300w, https:\/\/bavarian-bondage.de\/wp-content\/uploads\/2021\/01\/Logo-high-res-100x100.png 100w\" sizes=\"(max-width: 150px) 100vw, 150px\" title=\"\">\t\t\t\t\t\t\t\t<\/a>\n\t\t\t\t\t\t\t\t\t\t\t\t\t\t\t<\/div>\n\t\t\t\t<div class=\"elementor-element elementor-element-bc01f38 elementor-widget elementor-widget-text-editor\" data-id=\"bc01f38\" data-element_type=\"widget\" data-e-type=\"widget\" data-widget_type=\"text-editor.default\">\n\t\t\t\t\t\t\t\t\t<h3 style=\"text-align: center\"><strong>Weppy<\/strong><\/h3><p style=\"text-align: center\">Weppy-virksomheden har v\u00e6ret kendt p\u00e5 det tyske marked for sexleget\u00f8j og BDSM-tilbeh\u00f8r i n\u00e6sten 3 \u00e5r. De bruger kun tr\u00e6 og l\u00e6der til deres sexleget\u00f8j og smykker, som alle er h\u00e5ndlavede med sans for detaljer. Uanset om det er en dildo, en pisk eller en halsk\u00e6de, er hver Weppy et fantastisk mesterv\u00e6rk til et sp\u00e6ndende k\u00e6rlighedsliv og en mere sp\u00e6ndende fetich-livsstil.<\/p>\t\t\t\t\t\t\t\t<\/div>\n\t\t\t\t<div class=\"elementor-element elementor-element-a45f858 elementor-widget-divider--view-line elementor-widget elementor-widget-divider\" data-id=\"a45f858\" data-element_type=\"widget\" data-e-type=\"widget\" data-widget_type=\"divider.default\">\n\t\t\t\t\t\t\t<div class=\"elementor-divider\">\n\t\t\t<span class=\"elementor-divider-separator\">\n\t\t\t\t\t\t<\/span>\n\t\t<\/div>\n\t\t\t\t\t\t<\/div>\n\t\t\t\t<div class=\"elementor-element elementor-element-0789cc3 elementor-widget elementor-widget-image\" data-id=\"0789cc3\" data-element_type=\"widget\" data-e-type=\"widget\" data-widget_type=\"image.default\">\n\t\t\t\t\t\t\t\t\t\t\t\t\t\t\t\t<a href=\"http:\/\/www.juliaseifried.de\" target=\"_blank\" rel=\"noopener\">\n\t\t\t\t\t\t\t<img fetchpriority=\"high\" decoding=\"async\" width=\"500\" height=\"282\" src=\"https:\/\/bavarian-bondage.de\/wp-content\/uploads\/2024\/02\/Julia-Seifried.jpg\" class=\"attachment-large size-large wp-image-11464\" alt=\"\" srcset=\"https:\/\/bavarian-bondage.de\/wp-content\/uploads\/2024\/02\/Julia-Seifried.jpg 500w, https:\/\/bavarian-bondage.de\/wp-content\/uploads\/2024\/02\/Julia-Seifried-400x226.jpg 400w, https:\/\/bavarian-bondage.de\/wp-content\/uploads\/2024\/02\/Julia-Seifried-18x10.jpg 18w\" sizes=\"(max-width: 500px) 100vw, 500px\" title=\"\">\t\t\t\t\t\t\t\t<\/a>\n\t\t\t\t\t\t\t\t\t\t\t\t\t\t\t<\/div>\n\t\t\t\t<div class=\"elementor-element elementor-element-69bb4d9 elementor-widget elementor-widget-text-editor\" data-id=\"69bb4d9\" data-element_type=\"widget\" data-e-type=\"widget\" data-widget_type=\"text-editor.default\">\n\t\t\t\t\t\t\t\t\t<h3><strong>Julia Seifried<\/strong><\/h3><p><span style=\"color: #232427;font-family: Fliesstext thin, Helvetica, Arial, Lucida, sans-serif\"><i>I dagens verden er der alt for lidt spil. Vores samfund f\u00f8lger en tidsplan og haster fra en aftale til en anden. Med Julia f\u00e5r du chancen for selv at genopdage spillet. Du kan finde coaching om emnerne BDSM og polyamori samt Shibari-workshops og private sessioner med hende. Du er aldrig for gammel til at spille. Lad os spille!<\/i><\/span><span style=\"color: #232427;font-family: Fliesstext thin, Helvetica, Arial, Lucida, sans-serif\"><i>\u201c<\/i><\/span><\/p>\t\t\t\t\t\t\t\t<\/div>\n\t\t\t\t<div class=\"elementor-element elementor-element-1344d6f elementor-widget-divider--view-line elementor-widget elementor-widget-divider\" data-id=\"1344d6f\" data-element_type=\"widget\" data-e-type=\"widget\" data-widget_type=\"divider.default\">\n\t\t\t\t\t\t\t<div class=\"elementor-divider\">\n\t\t\t<span class=\"elementor-divider-separator\">\n\t\t\t\t\t\t<\/span>\n\t\t<\/div>\n\t\t\t\t\t\t<\/div>\n\t\t\t\t<\/div>\n\t\t\t\t\t<\/div>\n\t\t\t\t<\/div>\n\t\t<div class=\"elementor-element elementor-element-701ecc1 e-flex e-con-boxed e-con e-parent\" data-id=\"701ecc1\" data-element_type=\"container\" data-e-type=\"container\">\n\t\t\t\t\t<div class=\"e-con-inner\">\n\t\t<div class=\"elementor-element elementor-element-e3b42f0 e-con-full e-flex e-con e-child\" data-id=\"e3b42f0\" data-element_type=\"container\" data-e-type=\"container\">\n\t\t\t\t<div class=\"elementor-element elementor-element-043a3f2 elementor-widget elementor-widget-image\" data-id=\"043a3f2\" data-element_type=\"widget\" data-e-type=\"widget\" data-widget_type=\"image.default\">\n\t\t\t\t\t\t\t\t\t\t\t\t\t\t\t\t<a href=\"http:\/\/www.joyclub.de\" target=\"_blank\" rel=\"noopener\">\n\t\t\t\t\t\t\t<img decoding=\"async\" width=\"389\" height=\"129\" src=\"https:\/\/bavarian-bondage.de\/wp-content\/uploads\/2021\/01\/Download.jpg\" class=\"attachment-large size-large wp-image-4773\" alt=\"\" title=\"\">\t\t\t\t\t\t\t\t<\/a>\n\t\t\t\t\t\t\t\t\t\t\t\t\t\t\t<\/div>\n\t\t\t\t<div class=\"elementor-element elementor-element-3de58fb elementor-widget elementor-widget-text-editor\" data-id=\"3de58fb\" data-element_type=\"widget\" data-e-type=\"widget\" data-widget_type=\"text-editor.default\">\n\t\t\t\t\t\t\t\t\t<h3 style=\"text-align: center\"><strong>Joyclub<\/strong><\/h3><p style=\"text-align: center\">Joyclub er sandsynligvis en af de bedst kendte tysktalende steder i scenen.<\/p>\t\t\t\t\t\t\t\t<\/div>\n\t\t\t\t<\/div>\n\t\t\t\t\t<\/div>\n\t\t\t\t<\/div>\n\t\t\t\t<\/div>","protected":false},"excerpt":{"rendered":"<p>Hier ein paar interessante Seiten von Freunden und Partnern Fushicho Fushicho Shibari unterrichtet Shibari in K\u00f6ln seit 2014. Sie legen Wert auf eine undogmatische, ganzheitlich orientierte und inklusive Art Wissen zu vermitteln. Mehr Infos findet Ihr auf Ihrer Webseite. Weppy Das Unternehmen Weppy ist seit knapp 3 Jahren auf dem Markt von Sextoys und BDSM [&hellip;]<\/p>\n","protected":false},"author":3,"featured_media":0,"parent":0,"menu_order":0,"comment_status":"closed","ping_status":"closed","template":"elementor_header_footer","meta":{"footnotes":""},"class_list":["post-1130","page","type-page","status-publish","hentry"],"_links":{"self":[{"href":"https:\/\/bavarian-bondage.de\/da\/wp-json\/wp\/v2\/pages\/1130","targetHints":{"allow":["GET"]}}],"collection":[{"href":"https:\/\/bavarian-bondage.de\/da\/wp-json\/wp\/v2\/pages"}],"about":[{"href":"https:\/\/bavarian-bondage.de\/da\/wp-json\/wp\/v2\/types\/page"}],"author":[{"embeddable":true,"href":"https:\/\/bavarian-bondage.de\/da\/wp-json\/wp\/v2\/users\/3"}],"replies":[{"embeddable":true,"href":"https:\/\/bavarian-bondage.de\/da\/wp-json\/wp\/v2\/comments?post=1130"}],"version-history":[{"count":20,"href":"https:\/\/bavarian-bondage.de\/da\/wp-json\/wp\/v2\/pages\/1130\/revisions"}],"predecessor-version":[{"id":12853,"href":"https:\/\/bavarian-bondage.de\/da\/wp-json\/wp\/v2\/pages\/1130\/revisions\/12853"}],"wp:attachment":[{"href":"https:\/\/bavarian-bondage.de\/da\/wp-json\/wp\/v2\/media?parent=1130"}],"curies":[{"name":"wp","href":"https:\/\/api.w.org\/{rel}","templated":true}]}}