{"id":1139,"date":"2016-05-24T16:03:59","date_gmt":"2016-05-24T14:03:59","guid":{"rendered":"https:\/\/bavarian-bondage.mysupr.de\/ueber-mich\/"},"modified":"2023-02-02T13:46:18","modified_gmt":"2023-02-02T12:46:18","slug":"om-mig","status":"publish","type":"page","link":"https:\/\/bavarian-bondage.de\/da\/ueber-mich\/","title":{"rendered":"Om mig"},"content":{"rendered":"<div data-elementor-type=\"wp-post\" data-elementor-id=\"1139\" class=\"elementor elementor-1139\" data-elementor-post-type=\"page\">\n\t\t\t\t\t\t<section class=\"elementor-section elementor-top-section elementor-element elementor-element-c0abc2b elementor-section-boxed elementor-section-height-default elementor-section-height-default\" data-id=\"c0abc2b\" data-element_type=\"section\" data-e-type=\"section\">\n\t\t\t\t\t\t<div class=\"elementor-container elementor-column-gap-default\">\n\t\t\t\t\t<div class=\"elementor-column elementor-col-100 elementor-top-column elementor-element elementor-element-a395192\" data-id=\"a395192\" data-element_type=\"column\" data-e-type=\"column\">\n\t\t\t<div class=\"elementor-widget-wrap elementor-element-populated\">\n\t\t\t\t\t\t<div class=\"elementor-element elementor-element-923671e elementor-widget elementor-widget-heading\" data-id=\"923671e\" data-element_type=\"widget\" data-e-type=\"widget\" data-widget_type=\"heading.default\">\n\t\t\t\t\t<h2 class=\"elementor-heading-title elementor-size-default\">Tid til f\u00e6ngslende \u00f8jeblikke<\/h2>\t\t\t\t<\/div>\n\t\t\t\t<div class=\"elementor-element elementor-element-0865faa elementor-widget elementor-widget-text-editor\" data-id=\"0865faa\" data-element_type=\"widget\" data-e-type=\"widget\" data-widget_type=\"text-editor.default\">\n\t\t\t\t\t\t\t\t\t<p style=\"text-align: center\">I de f\u00f8lgende linjer vil du finde ud af en ting eller to om mig, siden og butikken<br \/>og hvorfor du er kommet til det rigtige sted!<\/p><p style=\"text-align: center\">For at g\u00f8re l\u00e6sningen mindre kedelig skriver jeg kun de vigtigste detaljer og ikke en roman.<\/p><p style=\"text-align: center\">Jeg starter lige med mig selv, s\u00e5 du ved, hvem der har ansvaret for hjemmesiden, v\u00e6rkstederne, produkterne og selvf\u00f8lgelig for lejlighedsvise tastefejl^^<\/p><p style=\"text-align: center\">Mit navn er Andreas, jeg er 37 og har arbejdet i cateringbranchen i lang tid. I mere end 17 \u00e5r har jeg v\u00e6ret involveret i bondage og shibari, nogle gange mere og nogle gange mindre intensivt. I de sidste par \u00e5r har n\u00e6sten alt for mig drejet sig om dette emne. ^^<\/p><p style=\"text-align: center\"><span style=\"color: #000000\"><strong>Fald for rebene!<\/strong><\/span><\/p><p style=\"text-align: center\">Det er pr\u00e6cis denne passion, jeg gerne vil bringe til dig p\u00e5 min hjemmeside! Bondage er mere end bare at binde nogen, mere end at spille, mere end navnet bondage endda kan sige!<\/p><p style=\"text-align: center\"><span style=\"color: #0000ff\"><strong>Tid til f\u00e6ngslende \u00f8jeblikke<\/strong><\/span><\/p><p style=\"text-align: center\">er mere end bare et slogan for mig!<\/p><p style=\"text-align: center\">\u2665<\/p><h3 style=\"text-align: center\"><strong>Ideen<\/strong><\/h3><p style=\"text-align: center\">Id\u00e9en til bavarian-bondage.de opstod i sommeren 2015 efter en privat bondage workshop. Et par m\u00e5neder senere begyndte planl\u00e6gningen af siden for alvor med en blog, instruktioner, workshops og m\u00e5let om at sprede bondage og shibari og formidle gl\u00e6den ved bondage til folk.<\/p><p style=\"text-align: center\">Midt i planl\u00e6gningen og efter et skuffende rebk\u00f8b kom der endnu en id\u00e9.\u00a0<\/p><p style=\"text-align: center\">\u2665<\/p><h3 style=\"text-align: center\"><strong>En online butik!<\/strong><\/h3><p style=\"text-align: center\">En butik, der imponerer sine kunder med individualitet, kreativitet og fornuftig kvalitet. Butikken, der skiller sig ud fra m\u00e6ngden med et mindev\u00e6rdigt design og autenticitet. Tro mod mottoet &quot;Kvalitet i stedet for kvantitet&quot;, er mine produkter for det meste h\u00e5ndlavede og individuelt tilpassede.<\/p><p style=\"text-align: center\">\u2665<\/p><h3 style=\"text-align: center\"><strong>Workshops:<\/strong>\u00a0<\/h3><p style=\"text-align: center\">Du l\u00e6ser ofte om, hvilke referencer udbyderne har; hvor gode er de tilbudte workshops; kan udbyderen overhovedet g\u00f8re noget; og er det det v\u00e6rd for mig at deltage?<\/p><p style=\"text-align: center\">Ingen. Jeg modtog ingen uddannelse i Japan, jeg er ikke forfatter, og jeg er heller ikke kendt gennem tv-reportager eller videoer p\u00e5 internettet. Mine referencer ligger i de mange \u00e5rs erfaring, som jeg har opn\u00e5et gennem talrige kursusdeltagelser og eget initiativ.<\/p><p style=\"text-align: center\">Jeg ser ikke mig selv som en bondage-kunstner, en shibari-mester eller en l\u00e6rer. Nej, jeg er bare mig, jeg kan godt lide at give min viden videre og vise dig, hvordan du bruger rebene.<\/p><p style=\"text-align: center\">Du m\u00e5 selv tage stilling til, om det kan betale sig for dig at deltage i mine workshops. Under alle omst\u00e6ndigheder fors\u00f8ger jeg altid at g\u00f8re det bedste og reagere p\u00e5 dig og dine l\u00e6rings\u00f8nsker s\u00e5 godt jeg kan.<\/p><p style=\"text-align: center\">\u2665<\/p><h3 style=\"text-align: center\"><strong>Navnet<\/strong><\/h3><p style=\"text-align: center\">Navnet p\u00e5 min side eller butik er meget regionalt, fordi m\u00e5let var klart defineret fra starten. Tilbyder workshops for folk i mit omr\u00e5de.<\/p><p style=\"text-align: center\">Hvorvidt Bavarian Bondage er egnet til en online shop, skal vise sig. Jeg synes navnet er godt, og det vil det forblive i fremtiden^^\u00a0<\/p><p style=\"text-align: center\">\u2665<\/p><h3 style=\"text-align: center\"><strong>Fremtiden for bayersk tr\u00e6ldom<\/strong><\/h3><p style=\"text-align: center\">Hvem ved, hvad fremtiden bringer. Mine m\u00e5l er bestemt at forts\u00e6tte med at udvide siden, altid at tilbyde nye produkter, at skrive blogindl\u00e6g, m\u00e5ske at lave et par tr\u00e6ldomsinstruktioner og s\u00e5 videre. Selvf\u00f8lgelig ikke over natten, men rejsen er m\u00e5let, og jeg holder fast i det!<\/p><p style=\"text-align: center\">Jeg begyndte l\u00f8bende at tilbyde mine produkter p\u00e5 messer og diverse arrangementer for at give mine kunder mulighed for at se tilbuddene og selvf\u00f8lgelig alle, der kunne t\u00e6nke sig at l\u00e6re mig at kende p\u00e5 stedet. Hvorn\u00e5r og hvor jeg har en stand vil l\u00f8bende blive opdateret p\u00e5 hjemmesiden.<\/p><p style=\"text-align: center\">\u2665<\/p><h3 style=\"text-align: center\"><strong>Det vigtigste kommer til sidst<\/strong><\/h3><p style=\"text-align: center\">Hvad hj\u00e6lper de bedste ideer, det smukkeste design og den gode vilje!? I sidste ende er der ingenting, et websted eller en butik lever kun med tillid fra sine bes\u00f8gende, sine kunder. Det vigtigste p\u00e5 hele siden er dig!<\/p><p style=\"text-align: center\">Jeg h\u00e5ber, at du kunne f\u00e5 et lille indtryk af mig, min side og de m\u00e5l, jeg forf\u00f8lger.<\/p><p style=\"text-align: center\">Jeg st\u00e5r naturligvis til r\u00e5dighed for at besvare dine sp\u00f8rgsm\u00e5l og forslag til enhver tid.<\/p><p style=\"text-align: center\"><strong>Hilsen Andreas<\/strong><\/p>\t\t\t\t\t\t\t\t<\/div>\n\t\t\t\t\t<\/div>\n\t\t<\/div>\n\t\t\t\t\t<\/div>\n\t\t<\/section>\n\t\t\t\t<\/div>","protected":false},"excerpt":{"rendered":"<p>Zeit f\u00fcr fesselnde Momente In den folgenden Zeilen erf\u00e4hrst Du das ein oder andere \u00fcber mich, die Seite, den Shopund warum Du hier genau richtig bist! Damit das lesen nicht ganz so langweilig wird, schreibe ich nur die wichtigsten Details und keinen Roman. Ich beginne jetzt einfach mal bei mir, damit du wei\u00dft wer f\u00fcr [&hellip;]<\/p>\n","protected":false},"author":3,"featured_media":0,"parent":0,"menu_order":0,"comment_status":"closed","ping_status":"closed","template":"elementor_header_footer","meta":{"footnotes":""},"class_list":["post-1139","page","type-page","status-publish","hentry"],"_links":{"self":[{"href":"https:\/\/bavarian-bondage.de\/da\/wp-json\/wp\/v2\/pages\/1139","targetHints":{"allow":["GET"]}}],"collection":[{"href":"https:\/\/bavarian-bondage.de\/da\/wp-json\/wp\/v2\/pages"}],"about":[{"href":"https:\/\/bavarian-bondage.de\/da\/wp-json\/wp\/v2\/types\/page"}],"author":[{"embeddable":true,"href":"https:\/\/bavarian-bondage.de\/da\/wp-json\/wp\/v2\/users\/3"}],"replies":[{"embeddable":true,"href":"https:\/\/bavarian-bondage.de\/da\/wp-json\/wp\/v2\/comments?post=1139"}],"version-history":[{"count":8,"href":"https:\/\/bavarian-bondage.de\/da\/wp-json\/wp\/v2\/pages\/1139\/revisions"}],"predecessor-version":[{"id":9546,"href":"https:\/\/bavarian-bondage.de\/da\/wp-json\/wp\/v2\/pages\/1139\/revisions\/9546"}],"wp:attachment":[{"href":"https:\/\/bavarian-bondage.de\/da\/wp-json\/wp\/v2\/media?parent=1139"}],"curies":[{"name":"wp","href":"https:\/\/api.w.org\/{rel}","templated":true}]}}