{"id":1145,"date":"2016-06-01T10:24:58","date_gmt":"2016-06-01T08:24:58","guid":{"rendered":"https:\/\/bavarian-bondage.mysupr.de\/widerrufsrecht-fuer-waren\/"},"modified":"2025-07-20T08:32:20","modified_gmt":"2025-07-20T06:32:20","slug":"fortrydelsesret-for-varer","status":"publish","type":"page","link":"https:\/\/bavarian-bondage.de\/da\/widerrufsrecht-fuer-waren\/","title":{"rendered":"Fortrydelsesret for varer"},"content":{"rendered":"<div data-elementor-type=\"wp-post\" data-elementor-id=\"1145\" class=\"elementor elementor-1145\" data-elementor-post-type=\"page\">\n\t\t\t\t<div class=\"elementor-element elementor-element-eb1d6f5 e-flex e-con-boxed e-con e-parent\" data-id=\"eb1d6f5\" data-element_type=\"container\" data-e-type=\"container\">\n\t\t\t\t\t<div class=\"e-con-inner\">\n\t\t\t\t<div class=\"elementor-element elementor-element-7a6ac82 elementor-widget elementor-widget-text-editor\" data-id=\"7a6ac82\" data-element_type=\"widget\" data-e-type=\"widget\" data-widget_type=\"text-editor.default\">\n\t\t\t\t\t\t\t\t\t<p><strong>Fortrydelsesret for forbrugere\u00a0<\/strong><br \/>(En forbruger er enhver fysisk person, der indg\u00e5r en juridisk transaktion til form\u00e5l, der ikke prim\u00e6rt kan henf\u00f8res til deres kommercielle eller uafh\u00e6ngige professionelle aktivitet.)<br \/><br \/><strong>Afbestillingsregler<\/strong><br \/><br \/><strong>Fortrydelsesret<\/strong><br \/>Du har ret til at annullere denne kontrakt inden for 14 dage uden at angive grunde.<br \/>Fortrydelsesfristen er 14 dage fra dagen<br \/><br \/>\u2013 hvorp\u00e5 du eller en af dig n\u00e6vnt tredjemand, som ikke er fragtf\u00f8rer, har eller har taget varerne i besiddelse, forudsat at du har bestilt en eller flere varer som led i en ensartet ordre, og disse er eller vil blive leveret ensartet;<br \/><br \/>\u2013 hvorp\u00e5 du eller en af dig navngivet tredjemand, som ikke er fragtf\u00f8rer, tog de sidste varer i besiddelse, forudsat at du har bestilt flere varer som en del af en enkelt ordre, og disse leveres separat;<br \/><br \/>For at udnytte din fortrydelsesret skal du kontakte os\u00a0<strong>(Andreas Venus, Haidberg 2, 94379 Sankt Englmar, telefonnummer: 016091594448, e-mailadresse: info@bavarian-bondage.de)<\/strong>\u00a0informere dig om din beslutning om at fortryde denne kontrakt ved hj\u00e6lp af en klar erkl\u00e6ring (f.eks. et brev sendt med post eller en e-mail). Du kan bruge den vedh\u00e6ftede pr\u00f8vefortrydelsesformular, selvom dette ikke er obligatorisk.<br \/><br \/>For at overholde fortrydelsesfristen er det tilstr\u00e6kkeligt, at du sender meddelelsen om din udnyttelse af fortrydelsesretten, inden fortrydelsesfristen udl\u00f8ber.<br \/><br \/><strong>Konsekvenser af tilbagekaldelse<\/strong><br \/><br \/>Hvis du annullerer denne kontrakt, refunderer vi dig alle betalinger modtaget fra dig, inklusive leveringsomkostninger (bortset fra eventuelle ekstra omkostninger, der opst\u00e5r som f\u00f8lge af, at du har valgt en anden leveringsmetode end den billigste standardlevering, som vi tilbyder, og som skal tilbagebetales med det samme og pr. senest 14 dage efter den dag, hvor vi har modtaget meddelelse om din annullering af denne kontrakt. Til denne tilbagebetaling bruger vi den samme betalingsmetode, som du brugte til den oprindelige transaktion, medmindre noget andet er udtrykkeligt aftalt med dig; under ingen omst\u00e6ndigheder vil du blive opkr\u00e6vet gebyrer som f\u00f8lge af denne tilbagebetaling.<br \/><br \/>Vi kan n\u00e6gte tilbagebetaling, indtil vi har modtaget varerne retur, eller indtil du har fremlagt dokumentation for, at du har sendt varerne retur, alt efter hvad der er f\u00f8rst.<br \/><br \/>Du skal returnere eller aflevere varerne til os med det samme og under alle omst\u00e6ndigheder senest 14 dage fra den dag, hvor du meddeler os din fortrydelse af denne kontrakt. Fristen er overholdt, hvis du sender varerne inden fristen p\u00e5 14 dage er udl\u00f8bet.<br \/><br \/>Du afholder de direkte omkostninger ved returnering af varerne.<br \/><br \/>Du h\u00e6fter kun for varens v\u00e6rditab, hvis dette v\u00e6rditab skyldes anden h\u00e5ndtering, end hvad der er n\u00f8dvendigt for at fastsl\u00e5 varens art, egenskaber og funktionalitet.<br \/><br \/><strong>\u00c5rsager til udelukkelse eller udl\u00f8b<\/strong><br \/><br \/>Fortrydelsesretten g\u00e6lder ikke for kontrakter<br \/><br \/>\u2013 til levering af varer, der ikke er pr\u00e6fabrikerede, og til fremstilling af hvilke et individuelt valg eller beslutning fra forbrugerens side er afg\u00f8rende, eller som klart er skr\u00e6ddersyet til forbrugerens personlige behov<br \/>\u2013 til levering af varer, der hurtigt kan \u00f8del\u00e6gges, eller hvis udl\u00f8bsdato hurtigt ville blive overskredet;<br \/>\u2013 til levering af alkoholholdige drikkevarer, hvis pris var aftalt ved aftalens indg\u00e5else, men som tidligst kan leveres 30 dage efter aftalens indg\u00e5else, og hvis aktuelle v\u00e6rdi afh\u00e6nger af udsving p\u00e5 markedet, som iv\u00e6rks\u00e6tteren har ingen indflydelse;<br \/>\u2013 til levering af aviser, magasiner eller magasiner med undtagelse af abonnementskontrakter.<br \/><br \/>Fortrydelsesretten udl\u00f8ber f\u00f8r tid for kontrakter<br \/><br \/>\u2013 til levering af forseglede varer, som ikke er egnede til returnering af sundheds- eller hygiejniske grunde, hvis forseglingen er fjernet efter leveringen<br \/>\u2013 til levering af varer, hvis de p\u00e5 grund af deres art var uadskilleligt blandet med andre varer efter levering;<br \/>\u2013 at levere lyd- eller videooptagelser eller computersoftware i en forseglet pakke, hvis forseglingen er fjernet efter levering.<br \/><br \/><\/p><hr \/><p><br \/><strong>Eksempel fortrydelsesformular<\/strong><br \/><br \/>(Hvis du \u00f8nsker at annullere kontrakten, bedes du udfylde denne formular og sende den tilbage.)<br \/><br \/>\u2013 Til Andreas Venus, Haidberg 2, 94379 Sankt Englmar, e-mail-adresse: info@bavarian-bondage.de:<br \/><br \/>\u2013 Jeg\/vi (*) oph\u00e6ver hermed den af mig\/os indg\u00e5ede kontrakt (*) om k\u00f8b af f\u00f8lgende varer (*)\/<br \/>\u00a0 levering af f\u00f8lgende service (*)<br \/><br \/>\u2013 Bestilt den (*)\/modtaget den (*)<br \/><br \/>\u2013 Navn p\u00e5 forbruger(e)<br \/>\u2013 Forbrugerens\/forbrugernes adresse<br \/>\u2013 Underskrift af forbrugeren(erne) (kun for papirmeddelelse)<br \/>- Dato<br \/><br \/>(*) Slet det ikke g\u00e6ldende.<br \/><br \/><\/p>\t\t\t\t\t\t\t\t<\/div>\n\t\t\t\t\t<\/div>\n\t\t\t\t<\/div>\n\t\t\t\t<\/div>","protected":false},"excerpt":{"rendered":"<p>Widerrufsrecht f\u00fcr Verbraucher\u00a0(Verbraucher ist jede nat\u00fcrliche Person, die ein Rechtsgesch\u00e4ft zu Zwecken abschlie\u00dft, die \u00fcberwiegend weder ihrer gewerblichen noch ihrer selbstst\u00e4ndigen beruflichen T\u00e4tigkeit zugerechnet werden k\u00f6nnen.) Widerrufsbelehrung WiderrufsrechtSie haben das Recht, binnen 14 Tagen ohne Angabe von Gr\u00fcnden diesen Vertrag zu widerrufen.Die Widerrufsfrist betr\u00e4gt 14 Tage ab dem Tag, &#8211; an dem Sie oder ein [&hellip;]<\/p>\n","protected":false},"author":3,"featured_media":0,"parent":0,"menu_order":0,"comment_status":"closed","ping_status":"closed","template":"","meta":{"footnotes":""},"class_list":["post-1145","page","type-page","status-publish","hentry"],"_links":{"self":[{"href":"https:\/\/bavarian-bondage.de\/da\/wp-json\/wp\/v2\/pages\/1145","targetHints":{"allow":["GET"]}}],"collection":[{"href":"https:\/\/bavarian-bondage.de\/da\/wp-json\/wp\/v2\/pages"}],"about":[{"href":"https:\/\/bavarian-bondage.de\/da\/wp-json\/wp\/v2\/types\/page"}],"author":[{"embeddable":true,"href":"https:\/\/bavarian-bondage.de\/da\/wp-json\/wp\/v2\/users\/3"}],"replies":[{"embeddable":true,"href":"https:\/\/bavarian-bondage.de\/da\/wp-json\/wp\/v2\/comments?post=1145"}],"version-history":[{"count":5,"href":"https:\/\/bavarian-bondage.de\/da\/wp-json\/wp\/v2\/pages\/1145\/revisions"}],"predecessor-version":[{"id":15405,"href":"https:\/\/bavarian-bondage.de\/da\/wp-json\/wp\/v2\/pages\/1145\/revisions\/15405"}],"wp:attachment":[{"href":"https:\/\/bavarian-bondage.de\/da\/wp-json\/wp\/v2\/media?parent=1145"}],"curies":[{"name":"wp","href":"https:\/\/api.w.org\/{rel}","templated":true}]}}