{"id":1146,"date":"2016-06-01T17:42:08","date_gmt":"2016-06-01T15:42:08","guid":{"rendered":"https:\/\/bavarian-bondage.mysupr.de\/widerrufsrecht-fuer-kurse\/"},"modified":"2025-07-20T08:33:24","modified_gmt":"2025-07-20T06:33:24","slug":"fortrydelsesret-pa-kurser","status":"publish","type":"page","link":"https:\/\/bavarian-bondage.de\/da\/widerrufsrecht-fuer-kurse\/","title":{"rendered":"Fortrydelsesret p\u00e5 kurser"},"content":{"rendered":"<div data-elementor-type=\"wp-post\" data-elementor-id=\"1146\" class=\"elementor elementor-1146\" data-elementor-post-type=\"page\">\n\t\t\t\t<div class=\"elementor-element elementor-element-e1f9e83 e-flex e-con-boxed e-con e-parent\" data-id=\"e1f9e83\" data-element_type=\"container\" data-e-type=\"container\">\n\t\t\t\t\t<div class=\"e-con-inner\">\n\t\t\t\t<div class=\"elementor-element elementor-element-f81c21d elementor-widget elementor-widget-text-editor\" data-id=\"f81c21d\" data-element_type=\"widget\" data-e-type=\"widget\" data-widget_type=\"text-editor.default\">\n\t\t\t\t\t\t\t\t\t<p><strong>Fortrydelsesret for forbrugere<\/strong><br \/>(En forbruger er enhver fysisk person, der indg\u00e5r en juridisk transaktion til form\u00e5l, der ikke prim\u00e6rt kan henf\u00f8res til deres kommercielle eller uafh\u00e6ngige professionelle aktivitet.)<br \/><br \/><strong>Afbestillingsregler<\/strong><br \/><br \/><strong>Fortrydelsesret<\/strong><br \/>Du har ret til at annullere denne kontrakt inden for fjorten dage uden at angive nogen grund.<br \/>Fortrydelsesfristen er fjorten dage fra den dag, kontrakten er indg\u00e5et.<br \/><br \/>For at ud\u00f8ve din fortrydelsesret skal du kontakte os (<strong>Andreas Venus, Haidberg 2, 94379 Sankt Englmar, telefonnummer: 016091594448, e-mailadresse: info@bavarian-bondage.de<\/strong>) informere dig om din beslutning om at fortryde denne kontrakt ved hj\u00e6lp af en klar erkl\u00e6ring (f.eks. et brev sendt med post eller en e-mail). Du kan bruge den vedh\u00e6ftede pr\u00f8vefortrydelsesformular, selvom dette ikke er obligatorisk.<br \/><br \/>For at overholde fortrydelsesfristen er det tilstr\u00e6kkeligt, at du sender meddelelsen om din udnyttelse af fortrydelsesretten, inden fortrydelsesfristen udl\u00f8ber.<br \/><br \/><strong>Konsekvenser af tilbagekaldelse<\/strong><br \/>\u00a0<br \/>Hvis du annullerer denne kontrakt, refunderer vi dig alle betalinger modtaget fra dig, inklusive leveringsomkostninger (bortset fra eventuelle ekstra omkostninger, der opst\u00e5r som f\u00f8lge af, at du har valgt en anden leveringsmetode end den billigste standardlevering, som vi tilbyder, og som skal tilbagebetales med det samme og pr. senest inden fjorten dage fra den dag, hvor vi modtog meddelelse om din annullering af denne kontrakt. Til denne tilbagebetaling bruger vi den samme betalingsmetode, som du brugte til den oprindelige transaktion, medmindre noget andet er udtrykkeligt aftalt med dig; under ingen omst\u00e6ndigheder vil du blive opkr\u00e6vet gebyrer som f\u00f8lge af denne tilbagebetaling.<br \/><br \/>Hvis du har anmodet om, at de ydelser, som kontrakten foreskriver betaling af en pris for, skal begynde i fortrydelsesperioden, skal du betale os et rimeligt bel\u00f8b svarende til andelen af ydelserne frem til det tidspunkt, hvor du informerer os om ud\u00f8velse af fortrydelsesretten med hensyn til denne kontrakt, svarer de allerede leverede ydelser til det samlede omfang af de ydelser, der er fastsat i kontrakten.<br \/><br \/><strong>\u00c5rsager til udelukkelse eller udl\u00f8b<\/strong><br \/><br \/>Fortrydelsesretten g\u00e6lder ikke for kontrakter om levering af ydelser i forbindelse med fritidsaktiviteter, hvis kontrakten indeholder en bestemt dato eller periode for leveringen.<br \/><br \/>I tilf\u00e6lde af en kontrakt om levering af tjenesteydelser, der forpligter forbrugeren til at betale en pris, udl\u00f8ber fortrydelsesretten ved fuld levering af tjenesten, hvis forbrugeren inden leveringens start udtrykkeligt har accepteret, at iv\u00e6rks\u00e6tteren starter levere ydelsen inden udl\u00f8bet af fortrydelsesfristen begynder, og han har bekr\u00e6ftet sin viden om, at hans fortrydelsesret udl\u00f8ber ved fuldst\u00e6ndig opfyldelse af kontrakten af iv\u00e6rks\u00e6tteren.<\/p><div>\u00a0<\/div><p>\u00a0<\/p><hr \/><p><br \/><strong>Eksempel fortrydelsesformular<\/strong><br \/><br \/>(Hvis du \u00f8nsker at annullere kontrakten, bedes du udfylde denne formular og sende den tilbage.)<br \/><br \/>\u2013 Til Andreas Venus, Haidberg 2, 94379 Sankt Englmar, e-mail-adresse: info@bavarian-bondage.de:<br \/><br \/>\u2013 Jeg\/vi (*) oph\u00e6ver hermed den af mig\/os indg\u00e5ede kontrakt (*) om k\u00f8b af f\u00f8lgende varer (*)\/<br \/>\u00a0 levering af f\u00f8lgende service (*)<br \/><br \/>\u2013 Bestilt den (*)\/modtaget den (*)<br \/><br \/>\u2013 Navn p\u00e5 forbruger(e)<br \/>\u2013 Forbrugerens\/forbrugernes adresse<br \/>\u2013 Underskrift af forbrugeren(erne) (kun for papirmeddelelse)<br \/>- Dato<br \/><br \/>(*) Slet det ikke g\u00e6ldende.<br \/><br \/><\/p>\t\t\t\t\t\t\t\t<\/div>\n\t\t\t\t\t<\/div>\n\t\t\t\t<\/div>\n\t\t\t\t<\/div>","protected":false},"excerpt":{"rendered":"<p>Widerrufsrecht f\u00fcr Verbraucher(Verbraucher ist jede nat\u00fcrliche Person, die ein Rechtsgesch\u00e4ft zu Zwecken abschlie\u00dft, die \u00fcberwiegend weder ihrer gewerblichen noch ihrer selbstst\u00e4ndigen beruflichen T\u00e4tigkeit zugerechnet werden k\u00f6nnen.) Widerrufsbelehrung WiderrufsrechtSie haben das Recht, binnen vierzehn Tagen ohne Angabe von Gr\u00fcnden diesen Vertrag zu widerrufen.Die Widerrufsfrist betr\u00e4gt vierzehn Tage ab dem Tag des Vertragsabschlusses. Um Ihr Widerrufsrecht auszu\u00fcben, [&hellip;]<\/p>\n","protected":false},"author":3,"featured_media":0,"parent":0,"menu_order":0,"comment_status":"closed","ping_status":"closed","template":"","meta":{"footnotes":""},"class_list":["post-1146","page","type-page","status-publish","hentry"],"_links":{"self":[{"href":"https:\/\/bavarian-bondage.de\/da\/wp-json\/wp\/v2\/pages\/1146","targetHints":{"allow":["GET"]}}],"collection":[{"href":"https:\/\/bavarian-bondage.de\/da\/wp-json\/wp\/v2\/pages"}],"about":[{"href":"https:\/\/bavarian-bondage.de\/da\/wp-json\/wp\/v2\/types\/page"}],"author":[{"embeddable":true,"href":"https:\/\/bavarian-bondage.de\/da\/wp-json\/wp\/v2\/users\/3"}],"replies":[{"embeddable":true,"href":"https:\/\/bavarian-bondage.de\/da\/wp-json\/wp\/v2\/comments?post=1146"}],"version-history":[{"count":5,"href":"https:\/\/bavarian-bondage.de\/da\/wp-json\/wp\/v2\/pages\/1146\/revisions"}],"predecessor-version":[{"id":15408,"href":"https:\/\/bavarian-bondage.de\/da\/wp-json\/wp\/v2\/pages\/1146\/revisions\/15408"}],"wp:attachment":[{"href":"https:\/\/bavarian-bondage.de\/da\/wp-json\/wp\/v2\/media?parent=1146"}],"curies":[{"name":"wp","href":"https:\/\/api.w.org\/{rel}","templated":true}]}}