{"id":12,"date":"2018-09-04T13:47:19","date_gmt":"2018-09-04T11:47:19","guid":{"rendered":"http:\/\/bavarian-bondage.mysupr.de\/versandarten\/"},"modified":"2018-09-04T13:47:19","modified_gmt":"2018-09-04T11:47:19","slug":"forsendelsesmetoder","status":"publish","type":"page","link":"https:\/\/bavarian-bondage.de\/da\/versandarten\/","title":{"rendered":"Versandarten"},"content":{"rendered":"<div data-elementor-type=\"wp-post\" data-elementor-id=\"12\" class=\"elementor elementor-12\" data-elementor-post-type=\"page\">\n\t\t\t\t\t\t<section class=\"elementor-section elementor-top-section elementor-element elementor-element-07d64f3 elementor-section-boxed elementor-section-height-default elementor-section-height-default\" data-id=\"07d64f3\" data-element_type=\"section\" data-e-type=\"section\">\n\t\t\t\t\t\t<div class=\"elementor-container elementor-column-gap-default\">\n\t\t\t\t\t<div class=\"elementor-column elementor-col-100 elementor-top-column elementor-element elementor-element-6935983\" data-id=\"6935983\" data-element_type=\"column\" data-e-type=\"column\">\n\t\t\t<div class=\"elementor-widget-wrap elementor-element-populated\">\n\t\t\t\t\t\t<div class=\"elementor-element elementor-element-4538605 elementor-widget elementor-widget-text-editor\" data-id=\"4538605\" data-element_type=\"widget\" data-e-type=\"widget\" data-widget_type=\"text-editor.default\">\n\t\t\t\t\t\t\t\t\t<h3><strong>Betaling og forsendelse<\/strong><\/h3><p>F\u00f8lgende betingelser g\u00e6lder:<\/p><p><strong>forsendelsesbetingelser<\/strong><\/p><p>Levering sker indenrigs (Tyskland) og til f\u00f8lgende lande: Belgien, Danmark, Frankrig, Italien, Luxembourg, Holland, Sverige, Spanien, \u00d8strig.<\/p><p>Der foretages ingen forsendelser til f\u00f8lgende udenlandske \u00f8er: El Hierro, Fuerteventura, Gran Canaria, La Gomera, La Palma, Lanzarote, Tenerife<\/p><p><strong>Forsendelsesomkostninger<\/strong>\u00a0(inklusiv lovpligtig moms)<\/p><p><strong>Indenlandske leverancer (Tyskland):\u00a0<\/strong><\/p><p>Vi opkr\u00e6ver et fast forsendelsesgebyr p\u00e5 \u20ac4,90 pr. ordre.<\/p><p>For ordrer over 120,00 \u20ac tilbyder vi gratis fragt.<\/p><p><strong>Levering til udlandet:<\/strong><\/p><p>Vi beregner forsendelsesomkostningerne til udlandet som f\u00f8lger:<\/p><p>Belgien: 13,99 \u20ac<br \/>Danmark: 13,99 \u20ac<br \/>Frankrig: 13,99 \u20ac<br \/>Italien: 13,99 \u20ac<br \/>Luxembourg: 13,99 \u20ac<br \/>Holland: 13,99 \u20ac<br \/>Sverige 13,99 \u20ac<br \/>Spanien: 13,99 \u20ac<br \/>\u00d8strig: 13,99 \u20ac<br \/><strong>Leveringstider<\/strong><\/p><p>Medmindre en anden frist er angivet i det respektive tilbud, vil varerne blive leveret indenlandsk (Tyskland) inden for 5 - 7 dage, og for internationale leverancer inden for 5 - 7 dage efter indg\u00e5else af kontrakten (hvis forudbetaling er aftalt, efter tidspunktet for din betalingsinstruktion).<br \/>Bem\u00e6rk venligst, at der ikke er levering p\u00e5 s\u00f8n- og helligdage.<br \/>Hvis du har bestilt varer med forskellige leveringstider, sender vi varerne i \u00e9n forsendelse, medmindre vi har lavet andre aftaler med dig. I dette tilf\u00e6lde er leveringstiden bestemt af den vare med den l\u00e6ngste leveringstid, som du har bestilt.<\/p><p><strong>Accepterede betalingsmuligheder<\/strong><\/p><p><strong>\u2013\u00a0\u00a0<\/strong>Forudbetaling ved bankoverf\u00f8rsel<br \/><strong>\u2013\u00a0\u00a0<\/strong>Betaling med kreditkort<br \/><strong>\u2013<\/strong>\u00a0 betaling via PayPal\u00a0<br \/><strong>\u2013<\/strong><strong>\u00a0\u00a0<\/strong>betaling via \u00f8jeblikkelig overf\u00f8rsel<\/p><p><strong>Yderligere betalingsoplysninger<\/strong><\/p><p>Betaler du med kreditkort, vil din kreditkortkonto blive debiteret, n\u00e5r kontrakten indg\u00e5s.<\/p><p>Hvis du har sp\u00f8rgsm\u00e5l, kan du finde vores kontaktoplysninger i den juridiske meddelelse.<\/p>\t\t\t\t\t\t\t\t<\/div>\n\t\t\t\t\t<\/div>\n\t\t<\/div>\n\t\t\t\t\t<\/div>\n\t\t<\/section>\n\t\t\t\t<\/div>","protected":false},"excerpt":{"rendered":"<p>Zahlung und Versand Es gelten folgende Bedingungen: Versandbedingungen Die Lieferung erfolgt im Inland (Deutschland)\u00a0und in die nachstehenden L\u00e4nder:\u00a0Belgien, D\u00e4nemark, Frankreich, Italien, Luxemburg, Niederlande, Schweden, Spanien, \u00d6sterreich. Keine Versendung erfolgt auf die nachstehenden ausl\u00e4ndischen Inseln: El Hierro, Fuerteventura, Gran Canaria, La Gomera, La Palma, Lanzarote,Teneriffa Versandkosten\u00a0(inklusive gesetzliche Mehrwertsteuer) Lieferungen im Inland (Deutschland):\u00a0 Wir berechnen die Versandkosten [&hellip;]<\/p>\n","protected":false},"author":3,"featured_media":0,"parent":0,"menu_order":0,"comment_status":"closed","ping_status":"closed","template":"","meta":{"footnotes":""},"class_list":["post-12","page","type-page","status-publish","hentry"],"_links":{"self":[{"href":"https:\/\/bavarian-bondage.de\/da\/wp-json\/wp\/v2\/pages\/12","targetHints":{"allow":["GET"]}}],"collection":[{"href":"https:\/\/bavarian-bondage.de\/da\/wp-json\/wp\/v2\/pages"}],"about":[{"href":"https:\/\/bavarian-bondage.de\/da\/wp-json\/wp\/v2\/types\/page"}],"author":[{"embeddable":true,"href":"https:\/\/bavarian-bondage.de\/da\/wp-json\/wp\/v2\/users\/3"}],"replies":[{"embeddable":true,"href":"https:\/\/bavarian-bondage.de\/da\/wp-json\/wp\/v2\/comments?post=12"}],"version-history":[{"count":0,"href":"https:\/\/bavarian-bondage.de\/da\/wp-json\/wp\/v2\/pages\/12\/revisions"}],"wp:attachment":[{"href":"https:\/\/bavarian-bondage.de\/da\/wp-json\/wp\/v2\/media?parent=12"}],"curies":[{"name":"wp","href":"https:\/\/api.w.org\/{rel}","templated":true}]}}