{"id":13,"date":"2018-09-04T13:47:19","date_gmt":"2018-09-04T11:47:19","guid":{"rendered":"http:\/\/bavarian-bondage.mysupr.de\/bezahlmoeglichkeiten\/"},"modified":"2025-07-20T08:35:49","modified_gmt":"2025-07-20T06:35:49","slug":"betaling-og-forsendelse","status":"publish","type":"page","link":"https:\/\/bavarian-bondage.de\/da\/zahlung-und-versand\/","title":{"rendered":"Betaling og forsendelse"},"content":{"rendered":"<div data-elementor-type=\"wp-post\" data-elementor-id=\"13\" class=\"elementor elementor-13\" data-elementor-post-type=\"page\">\n\t\t\t\t<div class=\"elementor-element elementor-element-5ac5788 e-flex e-con-boxed e-con e-parent\" data-id=\"5ac5788\" data-element_type=\"container\" data-e-type=\"container\">\n\t\t\t\t\t<div class=\"e-con-inner\">\n\t\t\t\t<div class=\"elementor-element elementor-element-197797c elementor-widget elementor-widget-text-editor\" data-id=\"197797c\" data-element_type=\"widget\" data-e-type=\"widget\" data-widget_type=\"text-editor.default\">\n\t\t\t\t\t\t\t\t\t<p><strong>Betaling og forsendelse<\/strong><br \/><br \/>F\u00f8lgende betingelser g\u00e6lder:<br \/><br \/>Levering finder sted indenrigs (Tyskland) og til f\u00f8lgende lande: Belgien, Danmark, Frankrig, Italien, Luxembourg, Holland, Portugal, Sverige, Spanien, \u00d8strig.<br \/><br \/>Forsendelse til tyske og udenlandske \u00f8er er udelukket.<br \/><br \/><strong>Forsendelsesomkostninger<\/strong>\u00a0(inklusiv lovpligtig moms)<br \/><br \/><strong>Indenlandske leverancer (Tyskland):\u00a0<\/strong><br \/><br \/>Vi opkr\u00e6ver en fast sats p\u00e5 5,90 \u20ac pr. ordre for forsendelsesomkostninger.<br \/><br \/>Vi leverer gratis fragt for ordrer over \u20ac130,00.<br \/><br \/><strong>Levering til udlandet:<\/strong><br \/><br \/>Vi beregner forsendelsesomkostningerne til udlandet som f\u00f8lger:<br \/><br \/>Portugal: 15,99 \u20ac Belgien: 15,99 \u20ac<br \/>Danmark: 15,99 \u20ac<br \/>Frankrig: 15,99 \u20ac<br \/>Italien: \u20ac15,99<br \/>Luxembourg: 15,99 \u20ac<br \/>Holland: 15,99 \u20ac<br \/>Sverige 15,99 \u20ac<br \/>Spanien: 15,99 \u20ac<br \/>\u00d8strig: 15,99 \u20ac<br \/><br \/><br \/><br \/><br \/><br \/><br \/><br \/><br \/><br \/><br \/><br \/><br \/><strong>Leveringstider<\/strong><br \/><br \/>Medmindre en anden frist er angivet i det respektive tilbud, vil varerne blive leveret indenlandsk (Tyskland) inden for 5 - 7 dage, ved levering til udlandet inden for 10-12 dage efter kontraktindg\u00e5else (hvis forudbetaling er aftalt, efter tidspunktet af din betalingsinstruks).<br \/>Bem\u00e6rk venligst, at der ikke er levering p\u00e5 s\u00f8n- og helligdage.<br \/>Hvis du har bestilt varer med forskellige leveringstider, vil varerne blive sendt i \u00e9n forsendelse, medmindre vi har aftalt andet. I dette tilf\u00e6lde vil leveringstiden blive bestemt af den vare, du har bestilt med den l\u00e6ngste leveringstid.<br \/><br \/><strong>Accepterede betalingsmuligheder<\/strong><br \/><br \/><strong>\u2013\u00a0\u00a0<\/strong>Forudbetaling ved bankoverf\u00f8rsel<br \/>\u2013 Betaling via \u00f8jeblikkelig bankoverf\u00f8rsel (via Klarna)<br \/>\u2013 Betaling via Betalingsservice (via Klarna)<br \/>\u2013 Betaling med kreditkort (via Klarna)<br \/><br \/><strong>Via PayPal-betaling:<\/strong><br \/>\u2013 Betaling via PayPal Express<br \/>- Betaling med kreditkort<br \/><br \/><strong>Via PayPal:<\/strong><br \/>\u2013 Betaling via PayPal<br \/>- Betaling med kreditkort<br \/>\u2013 Betaling via SEPA direkte debitering<br \/>\u2013 Betaling via &quot;Betal senere&quot;<br \/><br \/>Hvis du har sp\u00f8rgsm\u00e5l, kan du finde vores kontaktoplysninger i den juridiske meddelelse.<\/p><p>\u00a0<\/p>\t\t\t\t\t\t\t\t<\/div>\n\t\t\t\t\t<\/div>\n\t\t\t\t<\/div>\n\t\t\t\t<\/div>","protected":false},"excerpt":{"rendered":"<p>Zahlung und Versand Es gelten folgende Bedingungen: Die Lieferung erfolgt im Inland (Deutschland)\u00a0und in die nachstehenden L\u00e4nder:\u00a0Belgien, D\u00e4nemark, Frankreich, Italien, Luxemburg, Niederlande, Portugal, Schweden, Spanien, \u00d6sterreich. Der Versand auf deutsche und ausl\u00e4ndische Inseln ist ausgeschlossen. Versandkosten\u00a0(inklusive gesetzliche Mehrwertsteuer) Lieferungen im Inland (Deutschland):\u00a0 Wir berechnen die Versandkosten pauschal mit 5,90 \u20ac pro Bestellung. Ab einem Bestellwert [&hellip;]<\/p>\n","protected":false},"author":3,"featured_media":0,"parent":0,"menu_order":0,"comment_status":"closed","ping_status":"closed","template":"","meta":{"footnotes":""},"class_list":["post-13","page","type-page","status-publish","hentry"],"_links":{"self":[{"href":"https:\/\/bavarian-bondage.de\/da\/wp-json\/wp\/v2\/pages\/13","targetHints":{"allow":["GET"]}}],"collection":[{"href":"https:\/\/bavarian-bondage.de\/da\/wp-json\/wp\/v2\/pages"}],"about":[{"href":"https:\/\/bavarian-bondage.de\/da\/wp-json\/wp\/v2\/types\/page"}],"author":[{"embeddable":true,"href":"https:\/\/bavarian-bondage.de\/da\/wp-json\/wp\/v2\/users\/3"}],"replies":[{"embeddable":true,"href":"https:\/\/bavarian-bondage.de\/da\/wp-json\/wp\/v2\/comments?post=13"}],"version-history":[{"count":5,"href":"https:\/\/bavarian-bondage.de\/da\/wp-json\/wp\/v2\/pages\/13\/revisions"}],"predecessor-version":[{"id":15414,"href":"https:\/\/bavarian-bondage.de\/da\/wp-json\/wp\/v2\/pages\/13\/revisions\/15414"}],"wp:attachment":[{"href":"https:\/\/bavarian-bondage.de\/da\/wp-json\/wp\/v2\/media?parent=13"}],"curies":[{"name":"wp","href":"https:\/\/api.w.org\/{rel}","templated":true}]}}