{"id":9,"date":"2018-09-04T13:47:19","date_gmt":"2018-09-04T11:47:19","guid":{"rendered":"http:\/\/bavarian-bondage.mysupr.de\/impressum\/"},"modified":"2025-07-20T08:28:49","modified_gmt":"2025-07-20T06:28:49","slug":"aftryk","status":"publish","type":"page","link":"https:\/\/bavarian-bondage.de\/da\/impressum\/","title":{"rendered":"aftryk"},"content":{"rendered":"<div data-elementor-type=\"wp-post\" data-elementor-id=\"9\" class=\"elementor elementor-9\" data-elementor-post-type=\"page\">\n\t\t\t\t<div class=\"elementor-element elementor-element-413ebf4 e-flex e-con-boxed e-con e-parent\" data-id=\"413ebf4\" data-element_type=\"container\" data-e-type=\"container\">\n\t\t\t\t\t<div class=\"e-con-inner\">\n\t\t\t\t<div class=\"elementor-element elementor-element-1c0f452 elementor-widget elementor-widget-text-editor\" data-id=\"1c0f452\" data-element_type=\"widget\" data-e-type=\"widget\" data-widget_type=\"text-editor.default\">\n\t\t\t\t\t\t\t\t\t<p><strong>aftryk<\/strong><\/p><strong>\n<\/strong><p><strong>Juridisk udbyder identifikation:<\/strong><\/p>\n<p><strong>Andreas Venus<br>Bayersk tr\u00e6ldom<br>Haidberg 2<br>94379 Sankt Englmar<br>Tyskland<\/strong><\/p><p><strong><br>Telefon: 016091594448<br>E-mail:&nbsp;<\/strong><strong>info@bavarian-bondage.de<\/strong><br><strong>WhatsApp 0160\/91594448<\/strong><br><strong><br>Moms-id-nummer: DE320922388<\/strong><\/p>\n<p>Vi er villige, men ikke forpligtede, til at deltage i tvistbil\u00e6ggelsessager for forbrugervoldgiftsn\u00e6vn.<\/p>\n<p><strong>Det har vi v\u00e6ret siden&nbsp;<\/strong><strong>10.05.2016&nbsp;<\/strong><strong>Medlem af &quot;FairCommerce&quot;-initiativet.<\/strong><br>Yderligere information kan findes p\u00e5&nbsp;<a href=\"https:\/\/www.haendlerbund.de\/de\/haendlerbund\/interessenvertretung\/faircommerce\" target=\"_blank\" rel=\"noopener\">www.haendlerbund.de\/faircommerce<\/a>.<\/p>\t\t\t\t\t\t\t\t<\/div>\n\t\t\t\t\t<\/div>\n\t\t\t\t<\/div>\n\t\t\t\t<\/div>","protected":false},"excerpt":{"rendered":"<p>Juridisk meddelelse Identifikation af juridisk udbyder: Andreas Venus Bavarian-Bondage Haidberg 294379 Sankt Englmar Tyskland Telefon: 016091594448 E-mail: info@bavarian-bondage.de WhatsApp 0160\/91594448 Moms-ID-nr.: DE320922388 Vi er villige, men ikke forpligtede, til at deltage i tvistbil\u00e6ggelsesprocedurer ved forbrugervoldgiftsinstanser. Vi har v\u00e6ret medlem af &quot;FairCommerce&quot;-initiativet siden 10. maj 2016. Yderligere information kan findes p\u00e5 www.haendlerbund.de\/faircommerce.<\/p>","protected":false},"author":3,"featured_media":0,"parent":0,"menu_order":0,"comment_status":"closed","ping_status":"closed","template":"elementor_header_footer","meta":{"footnotes":""},"class_list":["post-9","page","type-page","status-publish","hentry"],"_links":{"self":[{"href":"https:\/\/bavarian-bondage.de\/da\/wp-json\/wp\/v2\/pages\/9","targetHints":{"allow":["GET"]}}],"collection":[{"href":"https:\/\/bavarian-bondage.de\/da\/wp-json\/wp\/v2\/pages"}],"about":[{"href":"https:\/\/bavarian-bondage.de\/da\/wp-json\/wp\/v2\/types\/page"}],"author":[{"embeddable":true,"href":"https:\/\/bavarian-bondage.de\/da\/wp-json\/wp\/v2\/users\/3"}],"replies":[{"embeddable":true,"href":"https:\/\/bavarian-bondage.de\/da\/wp-json\/wp\/v2\/comments?post=9"}],"version-history":[{"count":5,"href":"https:\/\/bavarian-bondage.de\/da\/wp-json\/wp\/v2\/pages\/9\/revisions"}],"predecessor-version":[{"id":15402,"href":"https:\/\/bavarian-bondage.de\/da\/wp-json\/wp\/v2\/pages\/9\/revisions\/15402"}],"wp:attachment":[{"href":"https:\/\/bavarian-bondage.de\/da\/wp-json\/wp\/v2\/media?parent=9"}],"curies":[{"name":"wp","href":"https:\/\/api.w.org\/{rel}","templated":true}]}}