{"id":9565,"date":"2023-02-03T11:40:31","date_gmt":"2023-02-03T10:40:31","guid":{"rendered":"https:\/\/bavarian-bondage.de\/?page_id=9565"},"modified":"2024-09-01T19:08:14","modified_gmt":"2024-09-01T17:08:14","slug":"vouchers","status":"publish","type":"page","link":"https:\/\/bavarian-bondage.de\/da\/gutscheine\/","title":{"rendered":"Kuponer"},"content":{"rendered":"<div data-elementor-type=\"wp-page\" data-elementor-id=\"9565\" class=\"elementor elementor-9565\" data-elementor-post-type=\"page\">\n\t\t\t\t<div class=\"elementor-element elementor-element-2a4b4ba e-flex e-con-boxed e-con e-parent\" data-id=\"2a4b4ba\" data-element_type=\"container\" data-e-type=\"container\">\n\t\t\t\t\t<div class=\"e-con-inner\">\n\t\t\t\t<div class=\"elementor-element elementor-element-42c5034 elementor-widget elementor-widget-heading\" data-id=\"42c5034\" data-element_type=\"widget\" data-e-type=\"widget\" data-widget_type=\"heading.default\">\n\t\t\t\t\t<h2 class=\"elementor-heading-title elementor-size-default\">Kuponer<\/h2>\t\t\t\t<\/div>\n\t\t\t\t<div class=\"elementor-element elementor-element-388b416 elementor-widget elementor-widget-text-editor\" data-id=\"388b416\" data-element_type=\"widget\" data-e-type=\"widget\" data-widget_type=\"text-editor.default\">\n\t\t\t\t\t\t\t\t\t<p>Efter popul\u00e6r eftersp\u00f8rgsel er det nu muligt at k\u00f8be en voucher.<\/p><p>Hvis du k\u00f8ber flere v\u00e6rdibeviser, vil de ogs\u00e5 blive opf\u00f8rt enkeltvis og kan indl\u00f8ses i kombination.<\/p>\t\t\t\t\t\t\t\t<\/div>\n\t\t\t\t\t<\/div>\n\t\t\t\t<\/div>\n\t\t<div class=\"elementor-element elementor-element-2cafeaa e-flex e-con-boxed e-con e-parent\" data-id=\"2cafeaa\" data-element_type=\"container\" data-e-type=\"container\" data-settings=\"{&quot;background_background&quot;:&quot;classic&quot;}\">\n\t\t\t\t\t<div class=\"e-con-inner\">\n\t\t\t\t<div class=\"elementor-element elementor-element-f5d240c uael-woo--align-center uael-sale-flash-custom elementor-widget elementor-widget-uael-woo-products\" data-id=\"f5d240c\" data-element_type=\"widget\" data-e-type=\"widget\" data-settings=\"{&quot;products_columns&quot;:&quot;1&quot;,&quot;products_columns_tablet&quot;:&quot;1&quot;,&quot;products_columns_mobile&quot;:&quot;1&quot;}\" data-widget_type=\"uael-woo-products.grid-franko\">\n\t\t\t\t<div class=\"elementor-widget-container\">\n\t\t\t\t\t<div class=\"uael-woocommerce uael-woo-products-grid uael-woo-skin-grid-franko uael-woo-query-manual\" data-page=\"9565\" data-skin=\"grid_franko\"><div class=\"columns-1 uael-woo-products-inner uael-woo-product__column-1 uael-woo-product__column-tablet-1 uael-woo-product__column-mobile-1 uael-woo-product__hover-zoom\"><ul class=\"products columns-1\">\n\n<li class=\"zubeh\u00f6r alle produkte post-9569 product first instock purchasable product-type-variable\">\n\t<div class=\"uael-woo-product-wrapper\">\n\t\t<div class=\"uael-woo-products-thumbnail-wrap\"><div class=\"uael-flash-container\"><\/div><a href=\"https:\/\/bavarian-bondage.de\/da\/produkt\/gutschein\/\" class=\"woocommerce-LoopProduct-link woocommerce-loop-product__link\"><img fetchpriority=\"high\" decoding=\"async\" width=\"300\" height=\"300\" src=\"https:\/\/bavarian-bondage.de\/wp-content\/uploads\/2023\/02\/20230215_1309521-300x300.png\" class=\"attachment-woocommerce_thumbnail size-woocommerce_thumbnail\" alt=\"Kupon\" title=\"\"><\/a><div class=\"uael-product-actions\"><\/div><\/div><div class=\"uael-woo-products-summary-wrap\"><a href=\"https:\/\/bavarian-bondage.de\/da\/produkt\/gutschein\/\" class=\"uael-loop-product__link\"><h2 class=\"woocommerce-loop-product__title\">Kupon<\/h2><\/a>\n\t<span class=\"price\"><span class=\"woocommerce-Price-amount amount\"><bdi>30,00&nbsp;<span class=\"woocommerce-Price-currencySymbol\">\u20ac<\/span><\/bdi><\/span> \u2013 <span class=\"woocommerce-Price-amount amount\"><bdi>300,00&nbsp;<span class=\"woocommerce-Price-currencySymbol\">\u20ac<\/span><\/bdi><\/span><\/span>\n<div class=\"uael-woo-products-description\"><p>Leveringstid: 5-7 dage*<\/p>\n<\/div><\/div>\t<\/div>\n<\/li>\n<\/ul>\n<\/div><\/div>\t\t\t\t<\/div>\n\t\t\t\t<\/div>\n\t\t\t\t\t<\/div>\n\t\t\t\t<\/div>\n\t\t\t\t<\/div>","protected":false},"excerpt":{"rendered":"<p>Gavekort: P\u00e5 grund af stor eftersp\u00f8rgsel er det nu muligt at k\u00f8be et gavekort. Ved k\u00f8b af flere gavekort vil de blive listet individuelt og kan indl\u00f8ses sammen. Gavekort \u20ac30,00 \u2013 \u20ac200,00 Leveringstid: 5-7 dage*<\/p>","protected":false},"author":3,"featured_media":0,"parent":0,"menu_order":0,"comment_status":"closed","ping_status":"closed","template":"elementor_header_footer","meta":{"footnotes":""},"class_list":["post-9565","page","type-page","status-publish","hentry"],"_links":{"self":[{"href":"https:\/\/bavarian-bondage.de\/da\/wp-json\/wp\/v2\/pages\/9565","targetHints":{"allow":["GET"]}}],"collection":[{"href":"https:\/\/bavarian-bondage.de\/da\/wp-json\/wp\/v2\/pages"}],"about":[{"href":"https:\/\/bavarian-bondage.de\/da\/wp-json\/wp\/v2\/types\/page"}],"author":[{"embeddable":true,"href":"https:\/\/bavarian-bondage.de\/da\/wp-json\/wp\/v2\/users\/3"}],"replies":[{"embeddable":true,"href":"https:\/\/bavarian-bondage.de\/da\/wp-json\/wp\/v2\/comments?post=9565"}],"version-history":[{"count":25,"href":"https:\/\/bavarian-bondage.de\/da\/wp-json\/wp\/v2\/pages\/9565\/revisions"}],"predecessor-version":[{"id":12950,"href":"https:\/\/bavarian-bondage.de\/da\/wp-json\/wp\/v2\/pages\/9565\/revisions\/12950"}],"wp:attachment":[{"href":"https:\/\/bavarian-bondage.de\/da\/wp-json\/wp\/v2\/media?parent=9565"}],"curies":[{"name":"wp","href":"https:\/\/api.w.org\/{rel}","templated":true}]}}