{"id":10206,"date":"2022-04-23T16:44:10","date_gmt":"2022-04-23T14:44:10","guid":{"rendered":"https:\/\/bavarian-bondage.de\/?post_type=product&#038;p=10206"},"modified":"2026-04-12T14:09:16","modified_gmt":"2026-04-12T12:09:16","slug":"rebklipper","status":"publish","type":"product","link":"https:\/\/bavarian-bondage.de\/da\/produkt\/ropecutter\/","title":{"rendered":"Rebklippere"},"content":{"rendered":"<h3 style=\"text-align: center\">Rebklipper<\/h3>\n<p style=\"text-align: center\">Dette lille, tve\u00e6ggede v\u00e6rkt\u00f8j er perfekt designet til at klippe bondagereb op til 8 mm.<\/p>\n<p style=\"text-align: center\">V\u00e6rkt\u00f8jet leveres med en nylonpose, der kan fastg\u00f8res til f.eks. et b\u00e6lte, samt to udskiftningsblade. Velcrolukningen holder den sikkert i tasken.<\/p>\n<p style=\"text-align: center\">Et lille, skarpt og effektivt v\u00e6rkt\u00f8j til n\u00f8dsituationer!<\/p>\n<p><strong>Detaljer:<\/strong><\/p>\n<p>Materiale: plast, nylon, metal<br \/>\nSamlet l\u00e6ngde med l\u00f8kke: 20 cm<br \/>\nL\u00e6ngde uden l\u00f8kke: 9 cm<br \/>\nTaskest\u00f8rrelse: L 10cm; B 5 cm<\/p>\n<p>&nbsp;<\/p>\n<p><strong>Leveringsomfang: <\/strong>1 rebklipper med nylonpose<\/p>\n<p>&nbsp;<\/p>\n<hr \/>\n<blockquote>\n<p style=\"text-align: center\"><span style=\"color: #333399\">Oplysningerne om produkterne er givet efter vores bedste viden og overbevisning. Alle dimensioner er omtrentlige. Brugen af de produkter, der tilbydes her i butikken, er p\u00e5 eget ansvar. Hver person reagerer forskelligt p\u00e5 ydre p\u00e5virkninger, p\u00e5 nydelse eller smerte osv. Derfor kan der ikke p\u00e5tages noget ansvar for forkert brug.  Hver bruger b\u00e6rer det fulde ansvar for brug eller korrekt brug af produkterne og dets uforudsigelige konsekvenser.<\/span><\/p>\n<\/blockquote>","protected":false},"excerpt":{"rendered":"<p>Leveringstid: 5-7 dage*<\/p>","protected":false},"featured_media":14061,"template":"","meta":[],"product_brand":[],"product_cat":[223],"product_tag":[],"class_list":{"0":"post-10206","1":"product","2":"type-product","3":"status-publish","4":"has-post-thumbnail","6":"product_cat-zubehoer","8":"first","9":"instock","10":"taxable","11":"shipping-taxable","12":"purchasable","13":"product-type-variable"},"_links":{"self":[{"href":"https:\/\/bavarian-bondage.de\/da\/wp-json\/wp\/v2\/product\/10206","targetHints":{"allow":["GET"]}}],"collection":[{"href":"https:\/\/bavarian-bondage.de\/da\/wp-json\/wp\/v2\/product"}],"about":[{"href":"https:\/\/bavarian-bondage.de\/da\/wp-json\/wp\/v2\/types\/product"}],"version-history":[{"count":5,"href":"https:\/\/bavarian-bondage.de\/da\/wp-json\/wp\/v2\/product\/10206\/revisions"}],"predecessor-version":[{"id":16517,"href":"https:\/\/bavarian-bondage.de\/da\/wp-json\/wp\/v2\/product\/10206\/revisions\/16517"}],"wp:featuredmedia":[{"embeddable":true,"href":"https:\/\/bavarian-bondage.de\/da\/wp-json\/wp\/v2\/media\/14061"}],"wp:attachment":[{"href":"https:\/\/bavarian-bondage.de\/da\/wp-json\/wp\/v2\/media?parent=10206"}],"wp:term":[{"taxonomy":"product_brand","embeddable":true,"href":"https:\/\/bavarian-bondage.de\/da\/wp-json\/wp\/v2\/product_brand?post=10206"},{"taxonomy":"product_cat","embeddable":true,"href":"https:\/\/bavarian-bondage.de\/da\/wp-json\/wp\/v2\/product_cat?post=10206"},{"taxonomy":"product_tag","embeddable":true,"href":"https:\/\/bavarian-bondage.de\/da\/wp-json\/wp\/v2\/product_tag?post=10206"}],"curies":[{"name":"wp","href":"https:\/\/api.w.org\/{rel}","templated":true}]}}