{"id":14080,"date":"2024-12-01T17:41:53","date_gmt":"2024-12-01T16:41:53","guid":{"rendered":"https:\/\/bavarian-bondage.de\/?post_type=product&#038;p=14080"},"modified":"2026-02-20T15:04:11","modified_gmt":"2026-02-20T14:04:11","slug":"elegant-neon-orange-55mm","status":"publish","type":"product","link":"https:\/\/bavarian-bondage.de\/da\/produkt\/posh-neon-orange-55mm\/","title":{"rendered":"Posh Neon Orange 5,5 mm"},"content":{"rendered":"<h3 style=\"text-align: center\">Posh Neon Orange 5,5 mm<\/h3>\n<p style=\"text-align: center\">De farvestr\u00e5lende polyesterreb er modelleret efter banket hamp og jute reb. Da de kan vaskes og t\u00f8rres uden stor indsats og ikke tr\u00e6kker sig sammen, n\u00e5r de kommer i kontakt med vand, er rebene ideelle til udend\u00f8rs applikationer.<\/p>\n<p style=\"text-align: center\">Polyestertovene har en brudbelastning, der er omkring dobbelt s\u00e5 h\u00f8j som hamperove med samme diameter og er desuden et godt alternativ til naturfibre for mange allergikere. N\u00e6sten ingen fnug, bl\u00f8dt p\u00e5 huden og den meget lignende fornemmelse som naturfiberreb g\u00f8r Posh reb til et interessant alternativ til mange anvendelser.<\/p>\n<p style=\"text-align: center\">I mods\u00e6tning til de fleste plasttove forbliver knuder stabile og kan relativt nemt \u00e5bnes igen. Rebene str\u00e6kker sig n\u00e6sten ikke og genererer ikke meget varme, n\u00e5r de tr\u00e6kkes hurtigt over huden.<\/p>\n<p style=\"text-align: center\"><strong>Vigtig<\/strong>: Plast kan ikke br\u00e6ndes og olier eller voks frar\u00e5des!<\/p>\n<p style=\"text-align: center\"><span style=\"color: #ff0000\"><strong>Brug altid en karabinhage til oph\u00e6ngningsbinding og undg\u00e5 friktion mellem reb og reb.<\/strong><\/span><\/p>\n<p>&nbsp;<\/p>\n<p><strong>Detaljer:<\/strong><\/p>\n<p>P\u00e6nt reb 5,5 mm EKSKLUSIVT<br \/>\n3-akslet drejet<br \/>\nFarve: Neon orange<br \/>\nTrisk knude<br \/>\nMateriale: polyester<br \/>\nAntal: Valgbar version<br \/>\n(Tovl\u00e6ngden kan afvige fra den specificerede l\u00e6ngde med op til 3%)<\/p>\n<p>&nbsp;<\/p>\n<p><span style=\"color: #ff0000\"><strong>En meddelelse:<\/strong><\/span><\/p>\n<p>Tjek reb regelm\u00e6ssigt for slitage og skader!<br \/>\nHvis reb bliver sl\u00e5et eller snoet, kan de blive l\u00f8s under brug!<\/p>\n<p>&nbsp;<\/p>\n<p><strong>Leveringsomfang:<\/strong> Posh reb 5,5 mm neon orange; Valgbar version<\/p>\n<p>&nbsp;<\/p>\n<hr \/>\n<blockquote>\n<p style=\"text-align: center\"><span style=\"color: #333399\">Oplysningerne om produkterne er givet efter vores bedste viden og overbevisning. Alle dimensioner er omtrentlige. Brugen af de produkter, der tilbydes her i butikken, er p\u00e5 eget ansvar. Hver person reagerer forskelligt p\u00e5 ydre p\u00e5virkninger, p\u00e5 nydelse eller smerte osv. Derfor kan der ikke p\u00e5tages noget ansvar for forkert brug.  Hver bruger b\u00e6rer det fulde ansvar for brug eller korrekt brug af produkterne og dets uforudsigelige konsekvenser.<\/span><\/p>\n<\/blockquote>","protected":false},"excerpt":{"rendered":"<p>Leveringstid: 5-7 dage*<\/p>","protected":false},"featured_media":14108,"template":"","meta":[],"product_brand":[],"product_cat":[216,222,515],"product_tag":[],"class_list":{"0":"post-14080","1":"product","2":"type-product","3":"status-publish","4":"has-post-thumbnail","6":"product_cat-bondageseile","7":"product_cat-alle-produkte","8":"product_cat-posh","10":"first","11":"instock","12":"taxable","13":"shipping-taxable","14":"purchasable","15":"product-type-variable"},"_links":{"self":[{"href":"https:\/\/bavarian-bondage.de\/da\/wp-json\/wp\/v2\/product\/14080","targetHints":{"allow":["GET"]}}],"collection":[{"href":"https:\/\/bavarian-bondage.de\/da\/wp-json\/wp\/v2\/product"}],"about":[{"href":"https:\/\/bavarian-bondage.de\/da\/wp-json\/wp\/v2\/types\/product"}],"version-history":[{"count":4,"href":"https:\/\/bavarian-bondage.de\/da\/wp-json\/wp\/v2\/product\/14080\/revisions"}],"predecessor-version":[{"id":16747,"href":"https:\/\/bavarian-bondage.de\/da\/wp-json\/wp\/v2\/product\/14080\/revisions\/16747"}],"wp:featuredmedia":[{"embeddable":true,"href":"https:\/\/bavarian-bondage.de\/da\/wp-json\/wp\/v2\/media\/14108"}],"wp:attachment":[{"href":"https:\/\/bavarian-bondage.de\/da\/wp-json\/wp\/v2\/media?parent=14080"}],"wp:term":[{"taxonomy":"product_brand","embeddable":true,"href":"https:\/\/bavarian-bondage.de\/da\/wp-json\/wp\/v2\/product_brand?post=14080"},{"taxonomy":"product_cat","embeddable":true,"href":"https:\/\/bavarian-bondage.de\/da\/wp-json\/wp\/v2\/product_cat?post=14080"},{"taxonomy":"product_tag","embeddable":true,"href":"https:\/\/bavarian-bondage.de\/da\/wp-json\/wp\/v2\/product_tag?post=14080"}],"curies":[{"name":"wp","href":"https:\/\/api.w.org\/{rel}","templated":true}]}}