{"id":14345,"date":"2024-12-27T12:38:03","date_gmt":"2024-12-27T11:38:03","guid":{"rendered":"https:\/\/bavarian-bondage.de\/?post_type=product&#038;p=14345"},"modified":"2026-03-09T23:42:55","modified_gmt":"2026-03-09T22:42:55","slug":"drejelig-sort","status":"publish","type":"product","link":"https:\/\/bavarian-bondage.de\/da\/produkt\/drehwirbel-schwarz\/","title":{"rendered":"Sort drejelig"},"content":{"rendered":"<h3 style=\"text-align: center\">Sort drejelig<\/h3>\n<p style=\"text-align: center\">Drejeleddet, ogs\u00e5 kendt som en swivel, g\u00f8r enhver suspension bondage-session endnu mere forn\u00f8jelig. Drejeleddet er monteret p\u00e5 kuglelejer og har, p\u00e5 trods af sin lille st\u00f8rrelse, en h\u00f8j b\u00e6reevne. Takket v\u00e6re de indbyggede kuglelejer kan den rotere meget hurtigt, stille og n\u00e6sten uden modstand.<\/p>\n<p style=\"text-align: center\">For at forhindre rotation er det nok at tr\u00e6kke et reb gennem de to \u00e5bninger en eller to gange.<\/p>\n<p><strong>Detaljer:<\/strong><\/p>\n<pre>St\u00f8rrelse: L 10,5 cm \/ B 4,2 cm Diameter p\u00e5 \u00e5bningerne: 3,5 cm x 3,0 cm Materialetykkelse: ca. 1 cm Belastningsevne: 30 kN Materiale: Aluminium Farve: Sort V\u00e6gt: 130 g EN12275 2008 EN363<\/pre>\n<pre><\/pre>\n<p>&nbsp;<\/p>\n<p><strong>Leveringsomfang:<\/strong> drejelig sort 30KN<\/p>\n<p>&nbsp;<\/p>\n<hr \/>\n<blockquote>\n<p style=\"text-align: center\"><span style=\"color: #333399\">Oplysningerne om produkterne er givet efter vores bedste viden og overbevisning. Alle dimensioner er omtrentlige. Brugen af de produkter, der tilbydes her i butikken, er p\u00e5 eget ansvar. Hver person reagerer forskelligt p\u00e5 ydre p\u00e5virkninger, p\u00e5 nydelse eller smerte osv. Derfor kan der ikke p\u00e5tages noget ansvar for forkert brug.  Hver bruger b\u00e6rer det fulde ansvar for brug eller korrekt brug af produkterne og dets uforudsigelige konsekvenser.<\/span><\/p>\n<\/blockquote>","protected":false},"excerpt":{"rendered":"<p>Leveringstid: 5-7 dage*<\/p>","protected":false},"featured_media":14347,"template":"","meta":[],"product_brand":[],"product_cat":[222,223,233],"product_tag":[],"class_list":{"0":"post-14345","1":"product","2":"type-product","3":"status-publish","4":"has-post-thumbnail","6":"product_cat-alle-produkte","7":"product_cat-zubehoer","8":"product_cat-bondage-zubehoer","10":"first","11":"instock","12":"taxable","13":"shipping-taxable","14":"purchasable","15":"product-type-simple"},"_links":{"self":[{"href":"https:\/\/bavarian-bondage.de\/da\/wp-json\/wp\/v2\/product\/14345","targetHints":{"allow":["GET"]}}],"collection":[{"href":"https:\/\/bavarian-bondage.de\/da\/wp-json\/wp\/v2\/product"}],"about":[{"href":"https:\/\/bavarian-bondage.de\/da\/wp-json\/wp\/v2\/types\/product"}],"version-history":[{"count":3,"href":"https:\/\/bavarian-bondage.de\/da\/wp-json\/wp\/v2\/product\/14345\/revisions"}],"predecessor-version":[{"id":14351,"href":"https:\/\/bavarian-bondage.de\/da\/wp-json\/wp\/v2\/product\/14345\/revisions\/14351"}],"wp:featuredmedia":[{"embeddable":true,"href":"https:\/\/bavarian-bondage.de\/da\/wp-json\/wp\/v2\/media\/14347"}],"wp:attachment":[{"href":"https:\/\/bavarian-bondage.de\/da\/wp-json\/wp\/v2\/media?parent=14345"}],"wp:term":[{"taxonomy":"product_brand","embeddable":true,"href":"https:\/\/bavarian-bondage.de\/da\/wp-json\/wp\/v2\/product_brand?post=14345"},{"taxonomy":"product_cat","embeddable":true,"href":"https:\/\/bavarian-bondage.de\/da\/wp-json\/wp\/v2\/product_cat?post=14345"},{"taxonomy":"product_tag","embeddable":true,"href":"https:\/\/bavarian-bondage.de\/da\/wp-json\/wp\/v2\/product_tag?post=14345"}],"curies":[{"name":"wp","href":"https:\/\/api.w.org\/{rel}","templated":true}]}}