{"id":15906,"date":"2025-11-16T12:42:07","date_gmt":"2025-11-16T11:42:07","guid":{"rendered":"https:\/\/bavarian-bondage.de\/?post_type=product&#038;p=15906"},"modified":"2026-04-03T16:30:20","modified_gmt":"2026-04-03T14:30:20","slug":"autschisv1","status":"publish","type":"product","link":"https:\/\/bavarian-bondage.de\/da\/produkt\/autschisv1\/","title":{"rendered":"Av V1"},"content":{"rendered":"<h3 style=\"text-align: center\">Av V 1<\/h3>\n<p style=\"text-align: center\" data-start=\"0\" data-end=\"542\">Disse h\u00e5ndlavede &quot;Autschis&quot; lavet af olieret ahorntr\u00e6 er specielt designet til brug i bondage og Shibari-\u00f8velser. Det h\u00f8jkvalitets, glatslebne tr\u00e6 sikrer en behagelig f\u00f8lelse og p\u00e5lidelig stabilitet. To hak p\u00e5 undersiden giver optimalt greb om rebene og forhindrer glidning under brug. Toppen er udstyret med ni pigge, der muligg\u00f8r m\u00e5lrettede trykpunkter og tilf\u00f8jer ekstra stimuli til legen.<\/p>\n<p style=\"text-align: center\" data-start=\"544\" data-end=\"917\">Med en diameter p\u00e5 4,9 cm, en h\u00f8jde p\u00e5 2 cm og en v\u00e6gt p\u00e5 kun 14 g pr. stk. er Autschis kompakte, lette og alsidige. De kan fleksibelt integreres i forskellige bondageteknikker. Der medf\u00f8lger et s\u00e6t p\u00e5 to, ideelt til symmetriske anvendelser eller varierede kombinationer.<\/p>\n<p><strong>Detaljer:<\/strong><\/p>\n<p>Materiale: Ahorn<br \/>\nFarve: Ahorn<br \/>\nDiameter: 4,9 cm<br \/>\nH\u00f8jde: 2 cm<br \/>\nV\u00e6gt: Ca. 14 g pr. stk.<\/p>\n<p>(Reb medf\u00f8lger ikke)<\/p>\n<p>&nbsp;<\/p>\n<p><strong>Leveringsomfang:<\/strong> Autschies V1, 2 stk.<\/p>\n<p>&nbsp;<\/p>\n<hr \/>\n<blockquote>\n<p style=\"text-align: center\"><span style=\"color: #333399\">Oplysningerne om produkterne er givet efter vores bedste viden og overbevisning. Alle dimensioner er omtrentlige. Brugen af de produkter, der tilbydes her i butikken, er p\u00e5 eget ansvar. Hver person reagerer forskelligt p\u00e5 ydre p\u00e5virkninger, p\u00e5 nydelse eller smerte osv. Derfor kan der ikke p\u00e5tages noget ansvar for forkert brug.  Hver bruger b\u00e6rer det fulde ansvar for brug eller korrekt brug af produkterne og dets uforudsigelige konsekvenser.<\/span><\/p>\n<\/blockquote>","protected":false},"excerpt":{"rendered":"<p>Leveringstid: 5-7 dage<\/p>","protected":false},"featured_media":15919,"template":"","meta":[],"product_brand":[],"product_cat":[223,222],"product_tag":[],"class_list":{"0":"post-15906","1":"product","2":"type-product","3":"status-publish","4":"has-post-thumbnail","6":"product_cat-zubehoer","7":"product_cat-alle-produkte","9":"first","10":"instock","11":"taxable","12":"shipping-taxable","13":"purchasable","14":"product-type-simple"},"_links":{"self":[{"href":"https:\/\/bavarian-bondage.de\/da\/wp-json\/wp\/v2\/product\/15906","targetHints":{"allow":["GET"]}}],"collection":[{"href":"https:\/\/bavarian-bondage.de\/da\/wp-json\/wp\/v2\/product"}],"about":[{"href":"https:\/\/bavarian-bondage.de\/da\/wp-json\/wp\/v2\/types\/product"}],"version-history":[{"count":5,"href":"https:\/\/bavarian-bondage.de\/da\/wp-json\/wp\/v2\/product\/15906\/revisions"}],"predecessor-version":[{"id":15933,"href":"https:\/\/bavarian-bondage.de\/da\/wp-json\/wp\/v2\/product\/15906\/revisions\/15933"}],"wp:featuredmedia":[{"embeddable":true,"href":"https:\/\/bavarian-bondage.de\/da\/wp-json\/wp\/v2\/media\/15919"}],"wp:attachment":[{"href":"https:\/\/bavarian-bondage.de\/da\/wp-json\/wp\/v2\/media?parent=15906"}],"wp:term":[{"taxonomy":"product_brand","embeddable":true,"href":"https:\/\/bavarian-bondage.de\/da\/wp-json\/wp\/v2\/product_brand?post=15906"},{"taxonomy":"product_cat","embeddable":true,"href":"https:\/\/bavarian-bondage.de\/da\/wp-json\/wp\/v2\/product_cat?post=15906"},{"taxonomy":"product_tag","embeddable":true,"href":"https:\/\/bavarian-bondage.de\/da\/wp-json\/wp\/v2\/product_tag?post=15906"}],"curies":[{"name":"wp","href":"https:\/\/api.w.org\/{rel}","templated":true}]}}