{"id":15911,"date":"2025-11-16T12:56:00","date_gmt":"2025-11-16T11:56:00","guid":{"rendered":"https:\/\/bavarian-bondage.de\/?post_type=product&#038;p=15911"},"modified":"2026-04-12T09:14:45","modified_gmt":"2026-04-12T07:14:45","slug":"av-v2","status":"publish","type":"product","link":"https:\/\/bavarian-bondage.de\/da\/produkt\/autschis-v2\/","title":{"rendered":"Av V2"},"content":{"rendered":"<h3 style=\"text-align: center\">Av V 2<\/h3>\n<p style=\"text-align: center\" data-start=\"0\" data-end=\"542\">Disse h\u00e5ndlavede tr\u00e6-slapsticks, lavet af olieret tr\u00e6, er specielt designet til brug i bondage- og shibari-\u00f8velser. Det h\u00f8jkvalitets, glatslebne tr\u00e6 sikrer en behagelig f\u00f8lelse og p\u00e5lidelig stabilitet. To hak p\u00e5 undersiden giver optimalt greb om rebene og forhindrer glidning under brug. Toppen er udstyret med en spyd, der giver mulighed for m\u00e5lrettede trykpunkter og tilf\u00f8jer ekstra stimulering til legen.<\/p>\n<p style=\"text-align: center\" data-start=\"544\" data-end=\"917\">Med en diameter p\u00e5 3,6 cm, en h\u00f8jde p\u00e5 2,5 cm og en v\u00e6gt p\u00e5 kun 10 g pr. stk. er Autschis kompakte, lette og alsidige. De kan fleksibelt integreres i forskellige bondageteknikker. Der medf\u00f8lger et s\u00e6t p\u00e5 to, ideelt til symmetriske anvendelser eller varierede kombinationer.<\/p>\n<p><strong>Detaljer:<\/strong><\/p>\n<p>Materiale: valgfri ahorn eller valn\u00f8d<br \/>\nFarve: Ahorn eller valn\u00f8d<br \/>\nDiameter: 3,6 cm<br \/>\nH\u00f8jde: 2,5 cm<br \/>\nV\u00e6gt: Ca. 10 g pr. stk.<\/p>\n<p>&nbsp;<\/p>\n<p>&nbsp;<\/p>\n<p><strong>Leveringsomfang:<\/strong> Autschies V1, 2 stk.<\/p>\n<p>&nbsp;<\/p>\n<hr \/>\n<blockquote>\n<p style=\"text-align: center\"><span style=\"color: #333399\">Oplysningerne om produkterne er givet efter vores bedste viden og overbevisning. Alle dimensioner er omtrentlige. Brugen af de produkter, der tilbydes her i butikken, er p\u00e5 eget ansvar. Hver person reagerer forskelligt p\u00e5 ydre p\u00e5virkninger, p\u00e5 nydelse eller smerte osv. Derfor kan der ikke p\u00e5tages noget ansvar for forkert brug.  Hver bruger b\u00e6rer det fulde ansvar for brug eller korrekt brug af produkterne og dets uforudsigelige konsekvenser.<\/span><\/p>\n<\/blockquote>","protected":false},"excerpt":{"rendered":"<p>Leveringstid: 5-7 dage<\/p>","protected":false},"featured_media":15922,"template":"","meta":[],"product_brand":[],"product_cat":[223],"product_tag":[],"class_list":{"0":"post-15911","1":"product","2":"type-product","3":"status-publish","4":"has-post-thumbnail","6":"product_cat-zubehoer","8":"first","9":"instock","10":"taxable","11":"shipping-taxable","12":"purchasable","13":"product-type-variable"},"_links":{"self":[{"href":"https:\/\/bavarian-bondage.de\/da\/wp-json\/wp\/v2\/product\/15911","targetHints":{"allow":["GET"]}}],"collection":[{"href":"https:\/\/bavarian-bondage.de\/da\/wp-json\/wp\/v2\/product"}],"about":[{"href":"https:\/\/bavarian-bondage.de\/da\/wp-json\/wp\/v2\/types\/product"}],"version-history":[{"count":3,"href":"https:\/\/bavarian-bondage.de\/da\/wp-json\/wp\/v2\/product\/15911\/revisions"}],"predecessor-version":[{"id":15928,"href":"https:\/\/bavarian-bondage.de\/da\/wp-json\/wp\/v2\/product\/15911\/revisions\/15928"}],"wp:featuredmedia":[{"embeddable":true,"href":"https:\/\/bavarian-bondage.de\/da\/wp-json\/wp\/v2\/media\/15922"}],"wp:attachment":[{"href":"https:\/\/bavarian-bondage.de\/da\/wp-json\/wp\/v2\/media?parent=15911"}],"wp:term":[{"taxonomy":"product_brand","embeddable":true,"href":"https:\/\/bavarian-bondage.de\/da\/wp-json\/wp\/v2\/product_brand?post=15911"},{"taxonomy":"product_cat","embeddable":true,"href":"https:\/\/bavarian-bondage.de\/da\/wp-json\/wp\/v2\/product_cat?post=15911"},{"taxonomy":"product_tag","embeddable":true,"href":"https:\/\/bavarian-bondage.de\/da\/wp-json\/wp\/v2\/product_tag?post=15911"}],"curies":[{"name":"wp","href":"https:\/\/api.w.org\/{rel}","templated":true}]}}