{"id":15956,"date":"2025-11-17T11:03:01","date_gmt":"2025-11-17T10:03:01","guid":{"rendered":"https:\/\/bavarian-bondage.de\/?post_type=product&#038;p=15956"},"modified":"2025-11-17T15:32:11","modified_gmt":"2025-11-17T14:32:11","slug":"standard-jute-reb-5-mm-eksklusivt-enkelt-reb-8-m","status":"publish","type":"product","link":"https:\/\/bavarian-bondage.de\/da\/produkt\/juteseil-standard-5mm-exklusiv-einzelseil-8m\/","title":{"rendered":"Standard jute reb 5 mm (eksklusivt); enkelt reb 8 m"},"content":{"rendered":"<h3 style=\"text-align: center\">5 mm jutereb EKSKLUSIVT<\/h3>\n<p style=\"text-align: center\">Udskift et reb, udvid s\u00e6ttet eller tjek blot kvaliteten.<\/p>\n<p style=\"text-align: center\">Jutetovet er stramt snoet og i starten lidt stift og groft, men det bliver bedre med brugen! Rebene renses, kn\u00e6kkes, flammes og derefter olieres. Rebet er lavet af \u00e9t garn og er derfor gennemg\u00e5ende, j\u00e6vnt og knastfrit.<\/p>\n<p><strong>Detaljer:<\/strong><\/p>\n<p>Jute reb 5mm EKSKLUSIVT<br \/>\n3-akslet stramt snoet<br \/>\nKaramel farver<br \/>\nSm\u00e5 endeknuder<br \/>\nL\u00e6ngde: 1x8m<br \/>\n(Rebets l\u00e6ngde kan variere med op til 3% fra den angivne l\u00e6ngde.)<\/p>\n<p>&nbsp;<\/p>\n<p><span style=\"color: #ff0000\"><strong>En meddelelse:<\/strong><\/span><\/p>\n<p>Tjek reb regelm\u00e6ssigt for slitage og skader!<br \/>\nHvis reb bliver sl\u00e5et eller snoet, kan de blive l\u00f8s under brug!<br \/>\nHvis det er muligt, m\u00e5 du ikke vaske jute-reb. Det er bedst at reng\u00f8re med en fugtig klud.<\/p>\n<p>&nbsp;<\/p>\n<p><strong>Leveringsomfang:<\/strong> 1x8m jute reb 5mm EKSKLUSIVT<\/p>\n<p>&nbsp;<\/p>\n<hr \/>\n<blockquote>\n<p style=\"text-align: center\"><span style=\"color: #333399\">Oplysningerne om produkterne er givet efter vores bedste viden og overbevisning. Alle dimensioner er omtrentlige. Brugen af de produkter, der tilbydes her i butikken, er p\u00e5 eget ansvar. Hver person reagerer forskelligt p\u00e5 ydre p\u00e5virkninger, p\u00e5 nydelse eller smerte osv. Derfor kan der ikke p\u00e5tages noget ansvar for forkert brug.  Hver bruger b\u00e6rer det fulde ansvar for brug eller korrekt brug af produkterne og dets uforudsigelige konsekvenser.<\/span><\/p>\n<\/blockquote>","protected":false},"excerpt":{"rendered":"<p>Grundpris: 2,38 \u20ac\/m<\/p>\n<p>Leveringstid: 5-7 dage*<\/p>","protected":false},"featured_media":15999,"template":"","meta":[],"product_brand":[],"product_cat":[216,222,294,560],"product_tag":[261,273,297,347],"class_list":{"0":"post-15956","1":"product","2":"type-product","3":"status-publish","4":"has-post-thumbnail","6":"product_cat-bondageseile","7":"product_cat-alle-produkte","8":"product_cat-juteseile","9":"product_cat-jute-standard-5mm","10":"product_tag-bondageseil","11":"product_tag-5mm","12":"product_tag-juteseil","13":"product_tag-fesselset","15":"first","16":"instock","17":"taxable","18":"shipping-taxable","19":"purchasable","20":"product-type-simple"},"_links":{"self":[{"href":"https:\/\/bavarian-bondage.de\/da\/wp-json\/wp\/v2\/product\/15956","targetHints":{"allow":["GET"]}}],"collection":[{"href":"https:\/\/bavarian-bondage.de\/da\/wp-json\/wp\/v2\/product"}],"about":[{"href":"https:\/\/bavarian-bondage.de\/da\/wp-json\/wp\/v2\/types\/product"}],"version-history":[{"count":3,"href":"https:\/\/bavarian-bondage.de\/da\/wp-json\/wp\/v2\/product\/15956\/revisions"}],"predecessor-version":[{"id":15992,"href":"https:\/\/bavarian-bondage.de\/da\/wp-json\/wp\/v2\/product\/15956\/revisions\/15992"}],"wp:featuredmedia":[{"embeddable":true,"href":"https:\/\/bavarian-bondage.de\/da\/wp-json\/wp\/v2\/media\/15999"}],"wp:attachment":[{"href":"https:\/\/bavarian-bondage.de\/da\/wp-json\/wp\/v2\/media?parent=15956"}],"wp:term":[{"taxonomy":"product_brand","embeddable":true,"href":"https:\/\/bavarian-bondage.de\/da\/wp-json\/wp\/v2\/product_brand?post=15956"},{"taxonomy":"product_cat","embeddable":true,"href":"https:\/\/bavarian-bondage.de\/da\/wp-json\/wp\/v2\/product_cat?post=15956"},{"taxonomy":"product_tag","embeddable":true,"href":"https:\/\/bavarian-bondage.de\/da\/wp-json\/wp\/v2\/product_tag?post=15956"}],"curies":[{"name":"wp","href":"https:\/\/api.w.org\/{rel}","templated":true}]}}