{"id":15958,"date":"2025-11-17T11:03:03","date_gmt":"2025-11-17T10:03:03","guid":{"rendered":"https:\/\/bavarian-bondage.de\/?post_type=product&#038;p=15958"},"modified":"2025-11-17T15:32:00","modified_gmt":"2025-11-17T14:32:00","slug":"jute-reb-standard-5mm-eksklusivt-enkelt-reb-4m","status":"publish","type":"product","link":"https:\/\/bavarian-bondage.de\/da\/produkt\/juteseil-standard-5mm-exklusiv-einzelseil-4m\/","title":{"rendered":"Standard jute reb 5 mm (eksklusivt); enkelt reb 4 m"},"content":{"rendered":"<h3 style=\"text-align: center\">5 mm jutereb EKSKLUSIVT<\/h3>\n<p style=\"text-align: center\">Udskift et reb, udvid s\u00e6ttet eller tjek blot kvaliteten.<\/p>\n<p style=\"text-align: center\">Jutetovet er stramt snoet og i starten lidt stift og groft, men det bliver bedre med brugen! Rebene renses, kn\u00e6kkes, flammes og derefter olieres. Endvidere var rebet forsynet med sm\u00e5 endeknuder. Forfiningen giver jute rebet et smukt karamelfarvet look. Rebet er lavet af \u00e9t garn og er derfor gennemg\u00e5ende, j\u00e6vnt og knastfrit.<\/p>\n<p><strong>Detaljer:<\/strong><\/p>\n<p>Jute reb 5mm EKSKLUSIVT<br \/>\n3-akslet stramt snoet<br \/>\nKaramel farver<br \/>\nSm\u00e5 endeknuder<br \/>\nL\u00e6ngde: 1x4m<br \/>\n(Rebets l\u00e6ngde kan variere med op til 3% fra den angivne l\u00e6ngde.)<\/p>\n<p>&nbsp;<\/p>\n<p><span style=\"color: #ff0000\"><strong>En meddelelse:<\/strong><\/span><\/p>\n<p>Tjek reb regelm\u00e6ssigt for slitage og skader!<br \/>\nHvis reb bliver sl\u00e5et eller snoet, kan de blive l\u00f8s under brug!<br \/>\nJute reb b\u00f8r ikke vaskes. Bedre at reng\u00f8re med en fugtig klud.<\/p>\n<p>&nbsp;<\/p>\n<p><strong><span style=\"color: #000000\">Leveringsomfang:<\/span><\/strong> 1x4m jute reb 5mm EKSKLUSIVT<\/p>\n<p>&nbsp;<\/p>\n<hr \/>\n<blockquote>\n<p style=\"text-align: center\"><span style=\"color: #333399\">Oplysningerne om produkterne er givet efter vores bedste viden og overbevisning. Alle dimensioner er omtrentlige. Brugen af de produkter, der tilbydes her i butikken, er p\u00e5 eget ansvar. Hver person reagerer forskelligt p\u00e5 ydre p\u00e5virkninger, p\u00e5 nydelse eller smerte osv. Derfor kan der ikke p\u00e5tages noget ansvar for forkert brug.  Hver bruger b\u00e6rer det fulde ansvar for brug eller korrekt brug af produkterne og dets uforudsigelige konsekvenser.<\/span><\/p>\n<\/blockquote>","protected":false},"excerpt":{"rendered":"<p>Grundpris: 2,50 \u20ac\/m<\/p>\n<p>Leveringstid: 5-7 dage*<\/p>","protected":false},"featured_media":15997,"template":"","meta":[],"product_brand":[],"product_cat":[216,222,294,560],"product_tag":[227,273,297,348],"class_list":{"0":"post-15958","1":"product","2":"type-product","3":"status-publish","4":"has-post-thumbnail","6":"product_cat-bondageseile","7":"product_cat-alle-produkte","8":"product_cat-juteseile","9":"product_cat-jute-standard-5mm","10":"product_tag-bondage","11":"product_tag-5mm","12":"product_tag-juteseil","13":"product_tag-fest-gedreht","15":"first","16":"instock","17":"taxable","18":"shipping-taxable","19":"purchasable","20":"product-type-simple"},"_links":{"self":[{"href":"https:\/\/bavarian-bondage.de\/da\/wp-json\/wp\/v2\/product\/15958","targetHints":{"allow":["GET"]}}],"collection":[{"href":"https:\/\/bavarian-bondage.de\/da\/wp-json\/wp\/v2\/product"}],"about":[{"href":"https:\/\/bavarian-bondage.de\/da\/wp-json\/wp\/v2\/types\/product"}],"version-history":[{"count":2,"href":"https:\/\/bavarian-bondage.de\/da\/wp-json\/wp\/v2\/product\/15958\/revisions"}],"predecessor-version":[{"id":15962,"href":"https:\/\/bavarian-bondage.de\/da\/wp-json\/wp\/v2\/product\/15958\/revisions\/15962"}],"wp:featuredmedia":[{"embeddable":true,"href":"https:\/\/bavarian-bondage.de\/da\/wp-json\/wp\/v2\/media\/15997"}],"wp:attachment":[{"href":"https:\/\/bavarian-bondage.de\/da\/wp-json\/wp\/v2\/media?parent=15958"}],"wp:term":[{"taxonomy":"product_brand","embeddable":true,"href":"https:\/\/bavarian-bondage.de\/da\/wp-json\/wp\/v2\/product_brand?post=15958"},{"taxonomy":"product_cat","embeddable":true,"href":"https:\/\/bavarian-bondage.de\/da\/wp-json\/wp\/v2\/product_cat?post=15958"},{"taxonomy":"product_tag","embeddable":true,"href":"https:\/\/bavarian-bondage.de\/da\/wp-json\/wp\/v2\/product_tag?post=15958"}],"curies":[{"name":"wp","href":"https:\/\/api.w.org\/{rel}","templated":true}]}}