{"id":15965,"date":"2025-11-17T11:07:39","date_gmt":"2025-11-17T10:07:39","guid":{"rendered":"https:\/\/bavarian-bondage.de\/?post_type=product&#038;p=15965"},"modified":"2025-11-17T15:31:20","modified_gmt":"2025-11-17T14:31:20","slug":"jute-reb-standard-5mm-klassisk-saet-7x8-og-2x4m","status":"publish","type":"product","link":"https:\/\/bavarian-bondage.de\/da\/produkt\/juteseil-standard-5mm-klassik-set-7x8-und-2x4m\/","title":{"rendered":"Standard 5 mm klassisk jute reb; s\u00e6t 7x8m og 2x4m"},"content":{"rendered":"<h3 style=\"text-align: center\">Det 5 mm klassiske jute reb!<\/h3>\n<p style=\"text-align: center\">Det komplette s\u00e6t til begyndere og professionelle. De syv lange reb er normalt tilstr\u00e6kkelige til alle bindinger. S\u00e6ttet er komplet med de to fire meter lange reb, som kan bruges p\u00e5 mange forskellige m\u00e5der!<\/p>\n<p style=\"text-align: center\">\u00a0I starten er rebet lidt stift p\u00e5 grund af den stramme rotation og l\u00f8sner sig f\u00f8rst efter gentagen brug. Jutetovet har n\u00e6sten ingen egen lugt, det lugter minimalt af den anvendte behandlingsolie. Enderne af rebet bindes med en normal overh\u00e5ndsknude. Den karamelfarvede farve skabt af flammesk\u00e6ring giver et smukt look. Rebet er lavet af \u00e9t garn og er derfor j\u00e6vnt og knastfrit over sin fulde l\u00e6ngde.<\/p>\n<p style=\"text-align: left\"><strong>Detaljer:<\/strong><\/p>\n<p style=\"text-align: left\">Jute reb 5mm KLASSISK<br \/>\n3-akslet stramt snoet<br \/>\nKaramel farver<br \/>\nNormale overh\u00e5ndsknuder<br \/>\nL\u00e6ngde: 7x8m \/ 2x4m<br \/>\n(Rebets l\u00e6ngde kan variere med op til 3% fra den angivne l\u00e6ngde.)<\/p>\n<p>&nbsp;<\/p>\n<p style=\"text-align: left\"><span style=\"color: #ff0000\"><strong>En meddelelse:<\/strong><\/span><\/p>\n<p style=\"text-align: left\">Tjek reb regelm\u00e6ssigt for slitage og skader!<br \/>\nHvis reb bliver sl\u00e5et eller snoet, kan de blive l\u00f8s under brug!<br \/>\nVask ikke jute reb. Det er bedst at reng\u00f8re med en fugtig klud.<\/p>\n<p>&nbsp;<\/p>\n<p style=\"text-align: left\"><strong>Leveringsomfang:<\/strong> 7x8m \/ 2x4m jute reb 5mm CLASSIC<\/p>\n<p>&nbsp;<\/p>\n<blockquote>\n<hr \/>\n<p style=\"text-align: center\"><span style=\"color: #333399\">Oplysningerne om produkterne er givet efter vores bedste viden og overbevisning. Alle dimensioner er omtrentlige. Brugen af de produkter, der tilbydes her i butikken, er p\u00e5 eget ansvar. Hver person reagerer forskelligt p\u00e5 ydre p\u00e5virkninger, p\u00e5 nydelse eller smerte osv. Derfor kan der ikke p\u00e5tages noget ansvar for ukorrekt brug.  Hver bruger b\u00e6rer det fulde ansvar for brug eller korrekt brug af produkterne og dets uforudsigelige konsekvenser<\/span><\/p>\n<\/blockquote>","protected":false},"excerpt":{"rendered":"<p>Basispris: 1,67 \u20ac\/m\u00b2<\/p>\n<p>Leveringstid: 5-7 dage*<\/p>","protected":false},"featured_media":16029,"template":"","meta":[],"product_brand":[],"product_cat":[560,216,222,294],"product_tag":[261,273,289,297,348],"class_list":{"0":"post-15965","1":"product","2":"type-product","3":"status-publish","4":"has-post-thumbnail","6":"product_cat-jute-standard-5mm","7":"product_cat-bondageseile","8":"product_cat-alle-produkte","9":"product_cat-juteseile","10":"product_tag-bondageseil","11":"product_tag-5mm","12":"product_tag-natur","13":"product_tag-juteseil","14":"product_tag-fest-gedreht","16":"first","17":"instock","18":"taxable","19":"shipping-taxable","20":"purchasable","21":"product-type-simple"},"_links":{"self":[{"href":"https:\/\/bavarian-bondage.de\/da\/wp-json\/wp\/v2\/product\/15965","targetHints":{"allow":["GET"]}}],"collection":[{"href":"https:\/\/bavarian-bondage.de\/da\/wp-json\/wp\/v2\/product"}],"about":[{"href":"https:\/\/bavarian-bondage.de\/da\/wp-json\/wp\/v2\/types\/product"}],"version-history":[{"count":3,"href":"https:\/\/bavarian-bondage.de\/da\/wp-json\/wp\/v2\/product\/15965\/revisions"}],"predecessor-version":[{"id":15990,"href":"https:\/\/bavarian-bondage.de\/da\/wp-json\/wp\/v2\/product\/15965\/revisions\/15990"}],"wp:featuredmedia":[{"embeddable":true,"href":"https:\/\/bavarian-bondage.de\/da\/wp-json\/wp\/v2\/media\/16029"}],"wp:attachment":[{"href":"https:\/\/bavarian-bondage.de\/da\/wp-json\/wp\/v2\/media?parent=15965"}],"wp:term":[{"taxonomy":"product_brand","embeddable":true,"href":"https:\/\/bavarian-bondage.de\/da\/wp-json\/wp\/v2\/product_brand?post=15965"},{"taxonomy":"product_cat","embeddable":true,"href":"https:\/\/bavarian-bondage.de\/da\/wp-json\/wp\/v2\/product_cat?post=15965"},{"taxonomy":"product_tag","embeddable":true,"href":"https:\/\/bavarian-bondage.de\/da\/wp-json\/wp\/v2\/product_tag?post=15965"}],"curies":[{"name":"wp","href":"https:\/\/api.w.org\/{rel}","templated":true}]}}