{"id":15967,"date":"2025-11-17T11:07:43","date_gmt":"2025-11-17T10:07:43","guid":{"rendered":"https:\/\/bavarian-bondage.de\/?post_type=product&#038;p=15967"},"modified":"2025-11-18T13:57:10","modified_gmt":"2025-11-18T12:57:10","slug":"jute-reb-standard-5mm-klassisk-saet-3x8m","status":"publish","type":"product","link":"https:\/\/bavarian-bondage.de\/da\/produkt\/juteseil-standard-5mm-klassik-set-3x8m\/","title":{"rendered":"Jute reb standard 5mm klassisk; S\u00e6t 3x8m"},"content":{"rendered":"<h3 style=\"text-align: center\">Det 5 mm klassiske jute reb!<\/h3>\n<p style=\"text-align: center\">Ideel til at starte som rigger eller til at udvide et eksisterende s\u00e6t.<\/p>\n<p style=\"text-align: center\">I starten er rebet lidt stift og ru p\u00e5 grund af den stramme rotation. Jutetovet har n\u00e6sten ingen egen lugt, det lugter minimalt af den anvendte behandlingsolie. Enderne af rebet bindes med en normal overh\u00e5ndsknude. Den karamelfarvede farve skabt af flammesk\u00e6ring giver et smukt look. Rebet er lavet af \u00e9t garn og er derfor j\u00e6vnt og knastfrit over sin fulde l\u00e6ngde.<\/p>\n<p><strong>Detaljer:<\/strong><\/p>\n<p>Jute reb 5mm KLASSISK<br \/>\n3-akslet stramt snoet<br \/>\nKaramel farver<br \/>\nNormale overh\u00e5ndsknuder<br \/>\nEgen produktion<br \/>\nL\u00e6ngde: 3x8m<br \/>\n(Rebets l\u00e6ngde kan variere med op til 3% fra den angivne l\u00e6ngde.)<\/p>\n<p>&nbsp;<\/p>\n<p><span style=\"color: #ff0000\"><strong>En meddelelse:<\/strong><\/span><\/p>\n<p>Tjek reb regelm\u00e6ssigt for slitage og skader!<br \/>\nHvis reb bliver sl\u00e5et eller snoet, kan de blive l\u00f8s under brug!<br \/>\nVask ikke jute reb. Det er bedst at reng\u00f8re med en fugtig klud.<\/p>\n<p>&nbsp;<\/p>\n<p><strong><span style=\"color: #000000\">Leveringsomfang:<\/span><\/strong> 3x8m Jute reb 5mm CLASSIC<\/p>\n<p>&nbsp;<\/p>\n<hr \/>\n<blockquote>\n<p style=\"text-align: center\"><span style=\"color: #000080\">Oplysningerne om produkterne er givet efter vores bedste viden og overbevisning. Alle dimensioner er omtrentlige. Brugen af de produkter, der tilbydes her i butikken, er p\u00e5 eget ansvar. Hver person reagerer forskelligt p\u00e5 ydre p\u00e5virkninger, p\u00e5 nydelse eller smerte osv. Derfor kan der ikke p\u00e5tages noget ansvar for ukorrekt brug.  Hver bruger b\u00e6rer det fulde ansvar for brug eller korrekt brug af produkterne og dets uforudsigelige konsekvenser<\/span><\/p>\n<\/blockquote>","protected":false},"excerpt":{"rendered":"<p>Grundpris: 2,00 \u20ac\/m<\/p>\n<p>Leveringstid: 5-7 dage*<\/p>","protected":false},"featured_media":16025,"template":"","meta":[],"product_brand":[],"product_cat":[560,216,222,294],"product_tag":[],"class_list":{"0":"post-15967","1":"product","2":"type-product","3":"status-publish","4":"has-post-thumbnail","6":"product_cat-jute-standard-5mm","7":"product_cat-bondageseile","8":"product_cat-alle-produkte","9":"product_cat-juteseile","11":"first","12":"instock","13":"taxable","14":"shipping-taxable","15":"purchasable","16":"product-type-simple"},"_links":{"self":[{"href":"https:\/\/bavarian-bondage.de\/da\/wp-json\/wp\/v2\/product\/15967","targetHints":{"allow":["GET"]}}],"collection":[{"href":"https:\/\/bavarian-bondage.de\/da\/wp-json\/wp\/v2\/product"}],"about":[{"href":"https:\/\/bavarian-bondage.de\/da\/wp-json\/wp\/v2\/types\/product"}],"version-history":[{"count":4,"href":"https:\/\/bavarian-bondage.de\/da\/wp-json\/wp\/v2\/product\/15967\/revisions"}],"predecessor-version":[{"id":16154,"href":"https:\/\/bavarian-bondage.de\/da\/wp-json\/wp\/v2\/product\/15967\/revisions\/16154"}],"wp:featuredmedia":[{"embeddable":true,"href":"https:\/\/bavarian-bondage.de\/da\/wp-json\/wp\/v2\/media\/16025"}],"wp:attachment":[{"href":"https:\/\/bavarian-bondage.de\/da\/wp-json\/wp\/v2\/media?parent=15967"}],"wp:term":[{"taxonomy":"product_brand","embeddable":true,"href":"https:\/\/bavarian-bondage.de\/da\/wp-json\/wp\/v2\/product_brand?post=15967"},{"taxonomy":"product_cat","embeddable":true,"href":"https:\/\/bavarian-bondage.de\/da\/wp-json\/wp\/v2\/product_cat?post=15967"},{"taxonomy":"product_tag","embeddable":true,"href":"https:\/\/bavarian-bondage.de\/da\/wp-json\/wp\/v2\/product_tag?post=15967"}],"curies":[{"name":"wp","href":"https:\/\/api.w.org\/{rel}","templated":true}]}}