{"id":15969,"date":"2025-11-17T11:07:46","date_gmt":"2025-11-17T10:07:46","guid":{"rendered":"https:\/\/bavarian-bondage.de\/?post_type=product&#038;p=15969"},"modified":"2026-03-25T23:14:38","modified_gmt":"2026-03-25T22:14:38","slug":"jute-reb-standard-5mm-klassisk-enkelt-reb-8m","status":"publish","type":"product","link":"https:\/\/bavarian-bondage.de\/da\/produkt\/juteseil-standard-5mm-klassik-einzelseil-8m\/","title":{"rendered":"Standard 5 mm jutereb, klassisk stil; enkelt reb 8 m"},"content":{"rendered":"<h3 style=\"text-align: center\">Det 5 mm klassiske jute reb<\/h3>\n<p style=\"text-align: center\">Udskift et reb, udvid s\u00e6ttet eller tjek blot kvaliteten.<\/p>\n<p style=\"text-align: center\">P\u00e5 grund af den stramme snoning er rebet i starten noget stift og ru. Jute-rebet har n\u00e6sten ingen iboende lugt; det har en svag duft af den anvendte behandlingsolie. Rebenderne er afsluttet med en standard overh\u00e5ndsknude. Karamelfarven, der er et resultat af flammebehandlingen, giver rebet et smukt udseende. Rebet er lavet af et enkelt garn, hvilket g\u00f8r det ensartet og knudefrit i hele sin l\u00e6ngde.<\/p>\n<p><strong>Detaljer:<\/strong><\/p>\n<p>Jute reb 5mm KLASSISK<br \/>\n3-akslet stramt snoet<br \/>\nKaramel farver<br \/>\nNormale overh\u00e5ndsknuder<br \/>\nL\u00e6ngde: 1x8m<br \/>\n(rebets l\u00e6ngde kan variere med op til 3% fra den angivne l\u00e6ngde.)<\/p>\n<p>&nbsp;<\/p>\n<p><strong><span style=\"color: #ff0000\">En meddelelse:<\/span><\/strong><\/p>\n<p>Tjek reb regelm\u00e6ssigt for slitage og skader!<br \/>\nHvis reb bliver sl\u00e5et eller snoet, kan de blive l\u00f8s under brug!<br \/>\nVask ikke jute reb. Det er bedst at reng\u00f8re med en fugtig klud.<\/p>\n<p><span style=\"color: #000000\"><strong>Leveringsomfang:<\/strong><\/span> 1x8m jute reb 5mm CLASSIC<\/p>\n<p>&nbsp;<\/p>\n<hr \/>\n<blockquote>\n<p style=\"text-align: center\"><span style=\"color: #333399\">Oplysningerne om produkterne er givet efter vores bedste viden og overbevisning. Alle dimensioner er omtrentlige. Brugen af de produkter, der tilbydes her i butikken, er p\u00e5 eget ansvar. Hver person reagerer forskelligt p\u00e5 ydre p\u00e5virkninger, p\u00e5 nydelse eller smerte osv. Derfor kan der ikke p\u00e5tages noget ansvar for forkert brug.  Hver bruger b\u00e6rer det fulde ansvar for brug eller korrekt brug af produkterne og dets uforudsigelige konsekvenser.<\/span><\/p>\n<\/blockquote>","protected":false},"excerpt":{"rendered":"<p>Grundpris: 2,00 \u20ac\/m<\/p>\n<p>Leveringstid: 5-7 dage*<\/p>","protected":false},"featured_media":16028,"template":"","meta":[],"product_brand":[],"product_cat":[560,216,222,294],"product_tag":[221,261,297],"class_list":{"0":"post-15969","1":"product","2":"type-product","3":"status-publish","4":"has-post-thumbnail","6":"product_cat-jute-standard-5mm","7":"product_cat-bondageseile","8":"product_cat-alle-produkte","9":"product_cat-juteseile","10":"product_tag-seilset","11":"product_tag-bondageseil","12":"product_tag-juteseil","14":"first","15":"instock","16":"taxable","17":"shipping-taxable","18":"purchasable","19":"product-type-simple"},"_links":{"self":[{"href":"https:\/\/bavarian-bondage.de\/da\/wp-json\/wp\/v2\/product\/15969","targetHints":{"allow":["GET"]}}],"collection":[{"href":"https:\/\/bavarian-bondage.de\/da\/wp-json\/wp\/v2\/product"}],"about":[{"href":"https:\/\/bavarian-bondage.de\/da\/wp-json\/wp\/v2\/types\/product"}],"version-history":[{"count":4,"href":"https:\/\/bavarian-bondage.de\/da\/wp-json\/wp\/v2\/product\/15969\/revisions"}],"predecessor-version":[{"id":16515,"href":"https:\/\/bavarian-bondage.de\/da\/wp-json\/wp\/v2\/product\/15969\/revisions\/16515"}],"wp:featuredmedia":[{"embeddable":true,"href":"https:\/\/bavarian-bondage.de\/da\/wp-json\/wp\/v2\/media\/16028"}],"wp:attachment":[{"href":"https:\/\/bavarian-bondage.de\/da\/wp-json\/wp\/v2\/media?parent=15969"}],"wp:term":[{"taxonomy":"product_brand","embeddable":true,"href":"https:\/\/bavarian-bondage.de\/da\/wp-json\/wp\/v2\/product_brand?post=15969"},{"taxonomy":"product_cat","embeddable":true,"href":"https:\/\/bavarian-bondage.de\/da\/wp-json\/wp\/v2\/product_cat?post=15969"},{"taxonomy":"product_tag","embeddable":true,"href":"https:\/\/bavarian-bondage.de\/da\/wp-json\/wp\/v2\/product_tag?post=15969"}],"curies":[{"name":"wp","href":"https:\/\/api.w.org\/{rel}","templated":true}]}}