{"id":15971,"date":"2025-11-17T11:07:49","date_gmt":"2025-11-17T10:07:49","guid":{"rendered":"https:\/\/bavarian-bondage.de\/?post_type=product&#038;p=15971"},"modified":"2025-11-17T22:12:36","modified_gmt":"2025-11-17T21:12:36","slug":"jute-reb-standard-5mm-klassisk-enkelt-reb-4m","status":"publish","type":"product","link":"https:\/\/bavarian-bondage.de\/da\/produkt\/juteseil-standard-5mm-klassik-einzelseil-4m\/","title":{"rendered":"Standard 5 mm jutereb, klassisk stil; enkelt reb 4 m"},"content":{"rendered":"<h3 style=\"text-align: center\">Det 5 mm klassiske jute reb<\/h3>\n<p style=\"text-align: center\">Udskift et reb, udvid s\u00e6ttet eller tjek blot kvaliteten.<\/p>\n<p style=\"text-align: center\">P\u00e5 grund af deres stramme rotation er rebene i starten lidt stive og ru, men det \u00e6ndrer sig hurtigt med brugen. Jutetovet har n\u00e6sten ingen egen lugt, det lugter minimalt af den anvendte behandlingsolie. Enderne af rebet bindes med en normal overh\u00e5ndsknude. Den karamelfarvede farve skabt af flammesk\u00e6ring giver et smukt look. Rebet er lavet af \u00e9t garn og er derfor j\u00e6vnt og knastfrit over sin fulde l\u00e6ngde.<\/p>\n<p><strong>Detaljer:<\/strong><\/p>\n<p>Jute reb 5mm KLASSISK<br \/>\n3-akslet stramt snoet<br \/>\nKaramel farver<br \/>\nNormale overh\u00e5ndsknuder<br \/>\nL\u00e6ngde: 1x4m<br \/>\n(Rebets l\u00e6ngde kan variere med op til 3% fra den angivne l\u00e6ngde.)<\/p>\n<p>&nbsp;<\/p>\n<p><strong><span style=\"color: #ff0000\">En meddelelse:<\/span><\/strong><\/p>\n<p>Tjek reb regelm\u00e6ssigt for slitage og skader!<br \/>\nHvis reb bliver sl\u00e5et eller snoet, kan de blive l\u00f8s under brug!<br \/>\nJute reb b\u00f8r ikke vaskes. Bedre at reng\u00f8re med en fugtig klud.<\/p>\n<p><strong>Leveringsomfang:<\/strong> 1x4m jute reb 5mm CLASSIC<\/p>\n<p>&nbsp;<\/p>\n<hr \/>\n<blockquote>\n<p style=\"text-align: center\"><span style=\"color: #333399\">Oplysningerne om produkterne er givet efter vores bedste viden og overbevisning. Alle dimensioner er omtrentlige. Brugen af de produkter, der tilbydes her i butikken, er p\u00e5 eget ansvar. Hver person reagerer forskelligt p\u00e5 ydre p\u00e5virkninger, p\u00e5 nydelse eller smerte osv. Derfor kan der ikke p\u00e5tages noget ansvar for forkert brug.  Hver bruger b\u00e6rer det fulde ansvar for brug eller korrekt brug af produkterne og dets uforudsigelige konsekvenser.<\/span><\/p>\n<\/blockquote>","protected":false},"excerpt":{"rendered":"<p>Grundpris: 2,13 \u20ac\/m<\/p>\n<p>Leveringstid: 5-7 dage*<\/p>","protected":false},"featured_media":16026,"template":"","meta":[],"product_brand":[],"product_cat":[560,216,222,294],"product_tag":[221,261,273,297],"class_list":{"0":"post-15971","1":"product","2":"type-product","3":"status-publish","4":"has-post-thumbnail","6":"product_cat-jute-standard-5mm","7":"product_cat-bondageseile","8":"product_cat-alle-produkte","9":"product_cat-juteseile","10":"product_tag-seilset","11":"product_tag-bondageseil","12":"product_tag-5mm","13":"product_tag-juteseil","15":"first","16":"instock","17":"taxable","18":"shipping-taxable","19":"purchasable","20":"product-type-simple"},"_links":{"self":[{"href":"https:\/\/bavarian-bondage.de\/da\/wp-json\/wp\/v2\/product\/15971","targetHints":{"allow":["GET"]}}],"collection":[{"href":"https:\/\/bavarian-bondage.de\/da\/wp-json\/wp\/v2\/product"}],"about":[{"href":"https:\/\/bavarian-bondage.de\/da\/wp-json\/wp\/v2\/types\/product"}],"version-history":[{"count":2,"href":"https:\/\/bavarian-bondage.de\/da\/wp-json\/wp\/v2\/product\/15971\/revisions"}],"predecessor-version":[{"id":15977,"href":"https:\/\/bavarian-bondage.de\/da\/wp-json\/wp\/v2\/product\/15971\/revisions\/15977"}],"wp:featuredmedia":[{"embeddable":true,"href":"https:\/\/bavarian-bondage.de\/da\/wp-json\/wp\/v2\/media\/16026"}],"wp:attachment":[{"href":"https:\/\/bavarian-bondage.de\/da\/wp-json\/wp\/v2\/media?parent=15971"}],"wp:term":[{"taxonomy":"product_brand","embeddable":true,"href":"https:\/\/bavarian-bondage.de\/da\/wp-json\/wp\/v2\/product_brand?post=15971"},{"taxonomy":"product_cat","embeddable":true,"href":"https:\/\/bavarian-bondage.de\/da\/wp-json\/wp\/v2\/product_cat?post=15971"},{"taxonomy":"product_tag","embeddable":true,"href":"https:\/\/bavarian-bondage.de\/da\/wp-json\/wp\/v2\/product_tag?post=15971"}],"curies":[{"name":"wp","href":"https:\/\/api.w.org\/{rel}","templated":true}]}}