{"id":16008,"date":"2025-11-17T12:36:47","date_gmt":"2025-11-17T11:36:47","guid":{"rendered":"https:\/\/bavarian-bondage.de\/?post_type=product&#038;p=16008"},"modified":"2025-11-18T16:54:49","modified_gmt":"2025-11-18T15:54:49","slug":"jute-blod-6mm-klassisk-saet-7x8m-og-2x4m","status":"publish","type":"product","link":"https:\/\/bavarian-bondage.de\/da\/produkt\/jute-soft-6mm-klassik-set-7x8m-und-2x4m\/","title":{"rendered":"Jute bl\u00f8d 6mm CLASSIC; S\u00e6t 7x8m og 2x4m"},"content":{"rendered":"<h3 style=\"text-align: center\">Jute bl\u00f8d 6mm KLASSISK<\/h3>\n<p style=\"text-align: center\">Det komplette s\u00e6t til begyndere og professionelle. De syv lange reb er normalt tilstr\u00e6kkelige til alle bindinger. S\u00e6ttet er komplet med de to fire meter lange reb, som kan bruges p\u00e5 mange forskellige m\u00e5der!<\/p>\n<p style=\"text-align: center\">Vores Jute Soft-reb imponerer med sin smukke gyldne farve og utroligt bl\u00f8de f\u00f8lelse mod huden. Den meget l\u00f8se S-b\u00f8jning g\u00f8r det muligt at f\u00f8re rebet n\u00e6sten uden modstand, hvilket muligg\u00f8r meget hurtig og nem binding.<\/p>\n<p style=\"text-align: center\">Selv under rebfremstillingsprocessen anvendes garn af h\u00f8jeste kvalitet, hvilket er til stor gavn for rebenes senere brug. Rebene forarbejdes og f\u00e6rdigg\u00f8res derefter omhyggeligt i h\u00e5nden.<\/p>\n<p style=\"text-align: center\">Enderne lukkes med en simpel overh\u00e5ndsknude.<\/p>\n<p style=\"text-align: center\"><strong>Da rebene er meget l\u00f8st viklede, og det er nemt at f\u00e5 fingrene i klemme mellem de enkelte strenge, anbefaler vi kun dette produkt til brugere med en vis erfaring! Hvis du er i tvivl, anbefaler vi at bestille et testreb f\u00f8rst.<\/strong><\/p>\n<p style=\"text-align: center\"><span style=\"color: #ff0000\"><strong>Disse reb b\u00f8r ikke bruges til opliner (b\u00e6retov), da deres brudstyrke er lavere end vores andre jutereb!<\/strong><\/span><\/p>\n<p>&nbsp;<\/p>\n<p><strong>Detaljer:<\/strong><\/p>\n<p>Jute bl\u00f8d 6mm KLASSISK<br \/>\n3-akslet drejet<br \/>\nLys gylden nuance<br \/>\nOverh\u00e5ndsknude<br \/>\nL\u00e6ngde: 7x8m og 2x4m<br \/>\n(Rebets l\u00e6ngde kan variere med op til 3% fra den angivne l\u00e6ngde.)<\/p>\n<p>&nbsp;<\/p>\n<p><span style=\"color: #ff0000\"><strong>En meddelelse:<\/strong><\/span><\/p>\n<p>Tjek reb regelm\u00e6ssigt for slitage og skader!<br \/>\nHvis reb bliver sl\u00e5et eller snoet, kan de blive l\u00f8s under brug!<br \/>\nVask ikke jute reb. Det er bedst at reng\u00f8re med en fugtig klud.<\/p>\n<p>&nbsp;<\/p>\n<p><strong>Leveringsomfang:<\/strong> 7x8m og 2x4m Jute Soft CLASSIC<\/p>\n<p>&nbsp;<\/p>\n<hr \/>\n<blockquote>\n<p style=\"text-align: center\"><span style=\"color: #333399\">Oplysningerne om produkterne er givet efter vores bedste viden og overbevisning. Alle dimensioner er omtrentlige. Brugen af de produkter, der tilbydes her i butikken, er p\u00e5 eget ansvar. Hver person reagerer forskelligt p\u00e5 ydre p\u00e5virkninger, p\u00e5 nydelse eller smerte osv. Derfor kan der ikke p\u00e5tages noget ansvar for ukorrekt brug.  Hver bruger b\u00e6rer det fulde ansvar for brug eller korrekt brug af produkterne og dets uforudsigelige konsekvenser<\/span>.<\/p>\n<\/blockquote>","protected":false},"excerpt":{"rendered":"<p>Grundpris: 2,43 \u20ac\/m<\/p>\n<p>Leveringstid: 5-7 dage*<\/p>","protected":false},"featured_media":16105,"template":"","meta":[],"product_brand":[],"product_cat":[558,216,222,294],"product_tag":[221,296,297],"class_list":{"0":"post-16008","1":"product","2":"type-product","3":"status-publish","4":"has-post-thumbnail","6":"product_cat-jute-soft-6mm-klassik","7":"product_cat-bondageseile","8":"product_cat-alle-produkte","9":"product_cat-juteseile","10":"product_tag-seilset","11":"product_tag-high-class-jute","12":"product_tag-juteseil","14":"first","15":"instock","16":"taxable","17":"shipping-taxable","18":"purchasable","19":"product-type-simple"},"_links":{"self":[{"href":"https:\/\/bavarian-bondage.de\/da\/wp-json\/wp\/v2\/product\/16008","targetHints":{"allow":["GET"]}}],"collection":[{"href":"https:\/\/bavarian-bondage.de\/da\/wp-json\/wp\/v2\/product"}],"about":[{"href":"https:\/\/bavarian-bondage.de\/da\/wp-json\/wp\/v2\/types\/product"}],"version-history":[{"count":5,"href":"https:\/\/bavarian-bondage.de\/da\/wp-json\/wp\/v2\/product\/16008\/revisions"}],"predecessor-version":[{"id":16213,"href":"https:\/\/bavarian-bondage.de\/da\/wp-json\/wp\/v2\/product\/16008\/revisions\/16213"}],"wp:featuredmedia":[{"embeddable":true,"href":"https:\/\/bavarian-bondage.de\/da\/wp-json\/wp\/v2\/media\/16105"}],"wp:attachment":[{"href":"https:\/\/bavarian-bondage.de\/da\/wp-json\/wp\/v2\/media?parent=16008"}],"wp:term":[{"taxonomy":"product_brand","embeddable":true,"href":"https:\/\/bavarian-bondage.de\/da\/wp-json\/wp\/v2\/product_brand?post=16008"},{"taxonomy":"product_cat","embeddable":true,"href":"https:\/\/bavarian-bondage.de\/da\/wp-json\/wp\/v2\/product_cat?post=16008"},{"taxonomy":"product_tag","embeddable":true,"href":"https:\/\/bavarian-bondage.de\/da\/wp-json\/wp\/v2\/product_tag?post=16008"}],"curies":[{"name":"wp","href":"https:\/\/api.w.org\/{rel}","templated":true}]}}