{"id":16817,"date":"2026-02-16T09:05:59","date_gmt":"2026-02-16T08:05:59","guid":{"rendered":"https:\/\/bavarian-bondage.de\/?post_type=product&#038;p=16817"},"modified":"2026-02-16T09:07:07","modified_gmt":"2026-02-16T08:07:07","slug":"furoshiki-taske-9","status":"publish","type":"product","link":"https:\/\/bavarian-bondage.de\/da\/produkt\/furoshiki-tasche-9\/","title":{"rendered":"Furoshiki taske 9"},"content":{"rendered":"<h3 style=\"text-align: center\">Furoshiki taske 9<\/h3>\n<p style=\"text-align: center\" data-start=\"124\" data-end=\"319\">Furoshiki-tasker er ideelle til sikker og stilfuld transport af dine reb. Disse rebtasker af h\u00f8j kvalitet kombinerer funktionalitet med et enkelt, klassisk design.<\/p>\n<p style=\"text-align: center\" data-start=\"321\" data-end=\"610\">Hver taske er unik og k\u00e6rligt syet af Denise Knoblich med omhyggelig sans for detaljer. Furoshiki-taskerne imponerer med deres holdbarhed, behagelige f\u00f8lelse og gener\u00f8se st\u00f8rrelse, der tilbyder rigelig plads.<\/p>\n<p style=\"text-align: center\" data-start=\"321\" data-end=\"610\">Udover tasken medf\u00f8lger der ogs\u00e5 to matchende \u00f8jenmasker!<\/p>\n<p><strong>Detaljer:<\/strong><\/p>\n<p><strong>Materiale:<\/strong> 100% Bomuld<br \/>\n<strong>Taskest\u00f8rrelse:<\/strong> 100 cm x 100 cm<br \/>\n<strong>St\u00f8rrelse p\u00e5 bind for \u00f8jnene: <\/strong>90 cm x 11 cm<br \/>\n<strong>V\u00e6gt:<\/strong> ca. 300 g<br \/>\n<strong>Farve\/motiv:<\/strong> se billede<\/p>\n<p>&nbsp;<\/p>\n<p>&nbsp;<\/p>\n<p><strong>Leveringsomfang:<\/strong> 1x Furoshiki taske 8, 2x farvekoordinerede bind for \u00f8jnene<\/p>\n<p>&nbsp;<\/p>\n<hr \/>\n<blockquote>\n<p style=\"text-align: center\"><span style=\"color: #333399\">Oplysningerne om produkterne er givet efter vores bedste viden og overbevisning. Alle dimensioner er omtrentlige. Brugen af de produkter, der tilbydes her i butikken, er p\u00e5 eget ansvar. Hver person reagerer forskelligt p\u00e5 ydre p\u00e5virkninger, p\u00e5 nydelse eller smerte osv. Derfor kan der ikke p\u00e5tages noget ansvar for forkert brug.  Hver bruger b\u00e6rer det fulde ansvar for brug eller korrekt brug af produkterne og dets uforudsigelige konsekvenser.<\/span><\/p>\n<\/blockquote>","protected":false},"excerpt":{"rendered":"<p>100% Bomuld<\/p>\n<p>Leveringstid: 5-7 dage*<\/p>","protected":false},"featured_media":16819,"template":"","meta":[],"product_brand":[],"product_cat":[15,223],"product_tag":[],"class_list":{"0":"post-16817","1":"product","2":"type-product","3":"status-publish","4":"has-post-thumbnail","6":"product_cat-unkategorisiert","7":"product_cat-zubehoer","9":"first","10":"instock","11":"taxable","12":"shipping-taxable","13":"purchasable","14":"product-type-simple"},"_links":{"self":[{"href":"https:\/\/bavarian-bondage.de\/da\/wp-json\/wp\/v2\/product\/16817","targetHints":{"allow":["GET"]}}],"collection":[{"href":"https:\/\/bavarian-bondage.de\/da\/wp-json\/wp\/v2\/product"}],"about":[{"href":"https:\/\/bavarian-bondage.de\/da\/wp-json\/wp\/v2\/types\/product"}],"version-history":[{"count":2,"href":"https:\/\/bavarian-bondage.de\/da\/wp-json\/wp\/v2\/product\/16817\/revisions"}],"predecessor-version":[{"id":16820,"href":"https:\/\/bavarian-bondage.de\/da\/wp-json\/wp\/v2\/product\/16817\/revisions\/16820"}],"wp:featuredmedia":[{"embeddable":true,"href":"https:\/\/bavarian-bondage.de\/da\/wp-json\/wp\/v2\/media\/16819"}],"wp:attachment":[{"href":"https:\/\/bavarian-bondage.de\/da\/wp-json\/wp\/v2\/media?parent=16817"}],"wp:term":[{"taxonomy":"product_brand","embeddable":true,"href":"https:\/\/bavarian-bondage.de\/da\/wp-json\/wp\/v2\/product_brand?post=16817"},{"taxonomy":"product_cat","embeddable":true,"href":"https:\/\/bavarian-bondage.de\/da\/wp-json\/wp\/v2\/product_cat?post=16817"},{"taxonomy":"product_tag","embeddable":true,"href":"https:\/\/bavarian-bondage.de\/da\/wp-json\/wp\/v2\/product_tag?post=16817"}],"curies":[{"name":"wp","href":"https:\/\/api.w.org\/{rel}","templated":true}]}}