{"id":2914,"date":"2020-10-17T12:56:19","date_gmt":"2020-10-17T10:56:19","guid":{"rendered":"https:\/\/bavarian-bondage.tivendo.com\/produkt\/import-placeholder-for-297\/"},"modified":"2026-04-11T23:55:58","modified_gmt":"2026-04-11T21:55:58","slug":"alu-karabinhage","status":"publish","type":"product","link":"https:\/\/bavarian-bondage.de\/da\/produkt\/aluminium-karabiner\/","title":{"rendered":"Alu karabinhage"},"content":{"rendered":"<h3 style=\"text-align: center\">Alu karabinhage<\/h3>\n<p style=\"text-align: center\">Aluminiumskarabinen bruges normalt til klatring. Det er en sikkerhedskarabin, der kun kan \u00e5bnes efter at have drejet hjulet 90\u00b0. Mekanismen er meget godt lavet, hvilket g\u00f8r den let at dreje og \u00e5bne med \u00e9n h\u00e5nd.<\/p>\n<p style=\"text-align: center\">Meget velegnet til at fastg\u00f8re en ring, direkte p\u00e5 ringen eller selvf\u00f8lgelig til selve rebene. Der er hverken skarpe eller kantede kanter, der kan beskadige et reb.<\/p>\n<p>&nbsp;<\/p>\n<h3 style=\"text-align: center\"><\/h3>\n<p><strong>Detaljer:<\/strong><\/p>\n<p>Materiale: aluminium<br \/>\nSt\u00f8rrelse: L 11cm \/ B 6cm<br \/>\n\u00c5bning: 2,6 cm<br \/>\nB\u00e6reevne: lukket 25 KN<br \/>\nV\u00e6gt: 80 g<br \/>\nFarve: kan v\u00e6lges<br \/>\nEN362:2004<\/p>\n<p>&nbsp;<\/p>\n<p><strong>Leveringsomfang:<\/strong> 1 alu karabinhage sort eller r\u00f8d<\/p>\n<p>&nbsp;<\/p>\n<hr \/>\n<blockquote>\n<p style=\"text-align: center\"><span style=\"color: #333399\">Oplysningerne om produkterne er givet efter vores bedste viden og overbevisning. Alle dimensioner er omtrentlige. Brugen af de produkter, der tilbydes her i butikken, er p\u00e5 eget ansvar. Hver person reagerer forskelligt p\u00e5 ydre p\u00e5virkninger, p\u00e5 nydelse eller smerte osv. Derfor kan der ikke p\u00e5tages noget ansvar for ukorrekt brug.  Hver bruger b\u00e6rer det fulde ansvar for brug eller korrekt brug af produkterne og dets uforudsigelige konsekvenser.<\/span><\/p>\n<\/blockquote>","protected":false},"excerpt":{"rendered":"<p>Leveringstid: 5-7 dage*<\/p>","protected":false},"featured_media":14050,"template":"","meta":[],"product_brand":[],"product_cat":[222,223],"product_tag":[],"class_list":{"0":"post-2914","1":"product","2":"type-product","3":"status-publish","4":"has-post-thumbnail","6":"product_cat-alle-produkte","7":"product_cat-zubehoer","9":"first","10":"instock","11":"taxable","12":"shipping-taxable","13":"purchasable","14":"product-type-variable"},"_links":{"self":[{"href":"https:\/\/bavarian-bondage.de\/da\/wp-json\/wp\/v2\/product\/2914","targetHints":{"allow":["GET"]}}],"collection":[{"href":"https:\/\/bavarian-bondage.de\/da\/wp-json\/wp\/v2\/product"}],"about":[{"href":"https:\/\/bavarian-bondage.de\/da\/wp-json\/wp\/v2\/types\/product"}],"version-history":[{"count":5,"href":"https:\/\/bavarian-bondage.de\/da\/wp-json\/wp\/v2\/product\/2914\/revisions"}],"predecessor-version":[{"id":14166,"href":"https:\/\/bavarian-bondage.de\/da\/wp-json\/wp\/v2\/product\/2914\/revisions\/14166"}],"wp:featuredmedia":[{"embeddable":true,"href":"https:\/\/bavarian-bondage.de\/da\/wp-json\/wp\/v2\/media\/14050"}],"wp:attachment":[{"href":"https:\/\/bavarian-bondage.de\/da\/wp-json\/wp\/v2\/media?parent=2914"}],"wp:term":[{"taxonomy":"product_brand","embeddable":true,"href":"https:\/\/bavarian-bondage.de\/da\/wp-json\/wp\/v2\/product_brand?post=2914"},{"taxonomy":"product_cat","embeddable":true,"href":"https:\/\/bavarian-bondage.de\/da\/wp-json\/wp\/v2\/product_cat?post=2914"},{"taxonomy":"product_tag","embeddable":true,"href":"https:\/\/bavarian-bondage.de\/da\/wp-json\/wp\/v2\/product_tag?post=2914"}],"curies":[{"name":"wp","href":"https:\/\/api.w.org\/{rel}","templated":true}]}}