{"id":2915,"date":"2020-10-17T12:56:19","date_gmt":"2020-10-17T10:56:19","guid":{"rendered":"https:\/\/bavarian-bondage.tivendo.com\/produkt\/import-placeholder-for-299\/"},"modified":"2026-03-04T06:03:40","modified_gmt":"2026-03-04T05:03:40","slug":"anal-krog","status":"publish","type":"product","link":"https:\/\/bavarian-bondage.de\/da\/produkt\/anal-hook\/","title":{"rendered":"Anal krog"},"content":{"rendered":"<h3 style=\"text-align: center\">Anal krog<\/h3>\n<p style=\"text-align: center\">H\u00f8jkvalitets og smukt udformet analkrog med 2 udskiftelige kugler i rustfrit st\u00e5l og et 40 mm \u00f8je til fastg\u00f8relse af reb eller lignende. Takket v\u00e6re de to bolde i 30 mm og 40 mm diameter er den ogs\u00e5 ideel til begyndere. Kuglerne skrues p\u00e5 krogene med et M8 gevind.<\/p>\n<p><strong>Detaljer:<\/strong><\/p>\n<p>Materiale: metal, rustfrit st\u00e5l<br \/>\nV\u00e6gt: 130g, kugler 110g \/ 250g<br \/>\nKuglest\u00f8rrelser: 30 mm og 40 mm<br \/>\nMateriale tykkelse hakker: 12mm<br \/>\nSamlet l\u00e6ngde: 260 mm<\/p>\n<p>&nbsp;<\/p>\n<p><strong>Leveringsomfang:<\/strong> 1 analkrog med udskiftelig kugle 30mm \/ 40mm<\/p>\n<p>&nbsp;<\/p>\n<hr \/>\n<blockquote>\n<p style=\"text-align: center\"><span style=\"color: #333399\">Oplysningerne om produkterne er givet efter vores bedste viden og overbevisning. Alle dimensioner er omtrentlige. Brugen af de produkter, der tilbydes her i butikken, er p\u00e5 eget ansvar. Hver person reagerer forskelligt p\u00e5 ydre p\u00e5virkninger, p\u00e5 nydelse eller smerte osv. Derfor kan der ikke p\u00e5tages noget ansvar for forkert brug.  Hver bruger b\u00e6rer det fulde ansvar for brug eller korrekt brug af produkterne og dets uforudsigelige konsekvenser.<\/span><\/p>\n<\/blockquote>","protected":false},"excerpt":{"rendered":"<p>Leveringstid: 5-7 dage*<\/p>","protected":false},"featured_media":8599,"template":"","meta":[],"product_brand":[],"product_cat":[223,224],"product_tag":[227,228,225,226],"class_list":{"0":"post-2915","1":"product","2":"type-product","3":"status-publish","4":"has-post-thumbnail","6":"product_cat-zubehoer","7":"product_cat-lustschmerz","8":"product_tag-bondage","9":"product_tag-bondagehacken","10":"product_tag-anal","11":"product_tag-analhook","13":"first","14":"instock","15":"taxable","16":"shipping-taxable","17":"purchasable","18":"product-type-simple"},"_links":{"self":[{"href":"https:\/\/bavarian-bondage.de\/da\/wp-json\/wp\/v2\/product\/2915","targetHints":{"allow":["GET"]}}],"collection":[{"href":"https:\/\/bavarian-bondage.de\/da\/wp-json\/wp\/v2\/product"}],"about":[{"href":"https:\/\/bavarian-bondage.de\/da\/wp-json\/wp\/v2\/types\/product"}],"version-history":[{"count":1,"href":"https:\/\/bavarian-bondage.de\/da\/wp-json\/wp\/v2\/product\/2915\/revisions"}],"predecessor-version":[{"id":5035,"href":"https:\/\/bavarian-bondage.de\/da\/wp-json\/wp\/v2\/product\/2915\/revisions\/5035"}],"wp:featuredmedia":[{"embeddable":true,"href":"https:\/\/bavarian-bondage.de\/da\/wp-json\/wp\/v2\/media\/8599"}],"wp:attachment":[{"href":"https:\/\/bavarian-bondage.de\/da\/wp-json\/wp\/v2\/media?parent=2915"}],"wp:term":[{"taxonomy":"product_brand","embeddable":true,"href":"https:\/\/bavarian-bondage.de\/da\/wp-json\/wp\/v2\/product_brand?post=2915"},{"taxonomy":"product_cat","embeddable":true,"href":"https:\/\/bavarian-bondage.de\/da\/wp-json\/wp\/v2\/product_cat?post=2915"},{"taxonomy":"product_tag","embeddable":true,"href":"https:\/\/bavarian-bondage.de\/da\/wp-json\/wp\/v2\/product_tag?post=2915"}],"curies":[{"name":"wp","href":"https:\/\/api.w.org\/{rel}","templated":true}]}}