{"id":2916,"date":"2020-10-17T12:56:20","date_gmt":"2020-10-17T10:56:20","guid":{"rendered":"https:\/\/bavarian-bondage.tivendo.com\/produkt\/import-placeholder-for-304\/"},"modified":"2026-01-15T22:22:02","modified_gmt":"2026-01-15T21:22:02","slug":"bold-gag-bold-gag","status":"publish","type":"product","link":"https:\/\/bavarian-bondage.de\/da\/produkt\/ballknebel-ballgag\/","title":{"rendered":"Ball gag (bold gag)"},"content":{"rendered":"<h3 style=\"text-align: center\">Ball gag (bold gag)<\/h3>\n<p style=\"text-align: center\">Den klassiske gag er af meget god kvalitet og imponerer med sin behagelige pasform. Kuglen p\u00e5 40 mm er lavet af lugtfri og smagl\u00f8s silikone. Remmen i \u00e6gte l\u00e6der er 26 mm bred og meget smidig.<\/p>\n<p><strong>Detaljer:<\/strong><\/p>\n<p>Materiale: l\u00e6der, silikone<br \/>\nL\u00e6ngde: 66 cm<br \/>\nKuglediameter: 4 cm<br \/>\nFarve: Sort<\/p>\n<p>&nbsp;<\/p>\n<p><strong>Leveringsomfang:<\/strong> 1 ball gag (ball gag)<\/p>\n<p>&nbsp;<\/p>\n<hr \/>\n<blockquote>\n<p style=\"text-align: center\"><span style=\"color: #333399\">Oplysningerne om produkterne er givet efter vores bedste viden og overbevisning. Alle dimensioner er omtrentlige. Brugen af de produkter, der tilbydes her i butikken, er p\u00e5 eget ansvar. Hver person reagerer forskelligt p\u00e5 ydre p\u00e5virkninger, p\u00e5 nydelse eller smerte osv. Derfor kan der ikke p\u00e5tages noget ansvar for forkert brug.  Hver bruger b\u00e6rer det fulde ansvar for brug eller korrekt brug af produkterne og dets uforudsigelige konsekvenser.<\/span><\/p>\n<\/blockquote>","protected":false},"excerpt":{"rendered":"<p>Leveringstid: 5-7 dage*<\/p>","protected":false},"featured_media":8604,"template":"","meta":[],"product_brand":[],"product_cat":[229],"product_tag":[230,231,232],"class_list":{"0":"post-2916","1":"product","2":"type-product","3":"status-publish","4":"has-post-thumbnail","6":"product_cat-knebel","7":"product_tag-ballknebel","8":"product_tag-gummi","9":"product_tag-knebel","11":"first","12":"instock","13":"taxable","14":"shipping-taxable","15":"purchasable","16":"product-type-simple"},"_links":{"self":[{"href":"https:\/\/bavarian-bondage.de\/da\/wp-json\/wp\/v2\/product\/2916","targetHints":{"allow":["GET"]}}],"collection":[{"href":"https:\/\/bavarian-bondage.de\/da\/wp-json\/wp\/v2\/product"}],"about":[{"href":"https:\/\/bavarian-bondage.de\/da\/wp-json\/wp\/v2\/types\/product"}],"version-history":[{"count":1,"href":"https:\/\/bavarian-bondage.de\/da\/wp-json\/wp\/v2\/product\/2916\/revisions"}],"predecessor-version":[{"id":4218,"href":"https:\/\/bavarian-bondage.de\/da\/wp-json\/wp\/v2\/product\/2916\/revisions\/4218"}],"wp:featuredmedia":[{"embeddable":true,"href":"https:\/\/bavarian-bondage.de\/da\/wp-json\/wp\/v2\/media\/8604"}],"wp:attachment":[{"href":"https:\/\/bavarian-bondage.de\/da\/wp-json\/wp\/v2\/media?parent=2916"}],"wp:term":[{"taxonomy":"product_brand","embeddable":true,"href":"https:\/\/bavarian-bondage.de\/da\/wp-json\/wp\/v2\/product_brand?post=2916"},{"taxonomy":"product_cat","embeddable":true,"href":"https:\/\/bavarian-bondage.de\/da\/wp-json\/wp\/v2\/product_cat?post=2916"},{"taxonomy":"product_tag","embeddable":true,"href":"https:\/\/bavarian-bondage.de\/da\/wp-json\/wp\/v2\/product_tag?post=2916"}],"curies":[{"name":"wp","href":"https:\/\/api.w.org\/{rel}","templated":true}]}}