{"id":2918,"date":"2020-10-17T12:58:20","date_gmt":"2020-10-17T10:58:20","guid":{"rendered":"https:\/\/bavarian-bondage.tivendo.com\/produkt\/import-placeholder-for-313\/"},"modified":"2026-03-02T18:24:32","modified_gmt":"2026-03-02T17:24:32","slug":"bid-gag-rod","status":"publish","type":"product","link":"https:\/\/bavarian-bondage.de\/da\/produkt\/beissknebel-rot\/","title":{"rendered":"Bide gag r\u00f8d"},"content":{"rendered":"<h3 style=\"text-align: center\">Bide gag r\u00f8d<\/h3>\n<p style=\"text-align: center\">Sandsynligvis den mest behagelige m\u00e5de at blive kneblet p\u00e5. Den robuste r\u00f8de l\u00e6derpude er fyldt med skum og er, som navnet antyder, designet til at blive tygget p\u00e5. Selve kneblet er lavet udelukkende af bl\u00f8dt nappal\u00e6der og kan pr\u00e6cist justeres til hovedomkredsen ved hj\u00e6lp af adskillige sn\u00f8rehuller.<\/p>\n<p>&nbsp;<\/p>\n<p><strong>Detaljer:<\/strong><\/p>\n<p>Materiale: Nappa l\u00e6der, metal, skum<br \/>\nFarve: Sort, R\u00f8d<br \/>\nL\u00e6ngde: 62 cm<br \/>\nHynde l\u00e6ngde: 10 cm<\/p>\n<p>&nbsp;<\/p>\n<p><strong>Leveringsomfang:<\/strong> 1 bid gag r\u00f8d<\/p>\n<p>&nbsp;<\/p>\n<hr \/>\n<blockquote>\n<p style=\"text-align: center\"><span style=\"color: #333399\">Oplysningerne om produkterne er givet efter vores bedste viden og overbevisning. Alle dimensioner er omtrentlige. Brugen af de produkter, der tilbydes her i butikken, er p\u00e5 eget ansvar. Hver person reagerer forskelligt p\u00e5 ydre p\u00e5virkninger, p\u00e5 nydelse eller smerte osv. Derfor kan der ikke p\u00e5tages noget ansvar for forkert brug.  Hver bruger b\u00e6rer det fulde ansvar for brug eller korrekt brug af produkterne og dets uforudsigelige konsekvenser.<\/span><\/p>\n<\/blockquote>","protected":false},"excerpt":{"rendered":"<p>Leveringstid: 5-7 dage*<\/p>","protected":false},"featured_media":8601,"template":"","meta":[],"product_brand":[],"product_cat":[229],"product_tag":[],"class_list":{"0":"post-2918","1":"product","2":"type-product","3":"status-publish","4":"has-post-thumbnail","6":"product_cat-knebel","8":"first","9":"instock","10":"taxable","11":"shipping-taxable","12":"purchasable","13":"product-type-simple"},"_links":{"self":[{"href":"https:\/\/bavarian-bondage.de\/da\/wp-json\/wp\/v2\/product\/2918","targetHints":{"allow":["GET"]}}],"collection":[{"href":"https:\/\/bavarian-bondage.de\/da\/wp-json\/wp\/v2\/product"}],"about":[{"href":"https:\/\/bavarian-bondage.de\/da\/wp-json\/wp\/v2\/types\/product"}],"version-history":[{"count":4,"href":"https:\/\/bavarian-bondage.de\/da\/wp-json\/wp\/v2\/product\/2918\/revisions"}],"predecessor-version":[{"id":16513,"href":"https:\/\/bavarian-bondage.de\/da\/wp-json\/wp\/v2\/product\/2918\/revisions\/16513"}],"wp:featuredmedia":[{"embeddable":true,"href":"https:\/\/bavarian-bondage.de\/da\/wp-json\/wp\/v2\/media\/8601"}],"wp:attachment":[{"href":"https:\/\/bavarian-bondage.de\/da\/wp-json\/wp\/v2\/media?parent=2918"}],"wp:term":[{"taxonomy":"product_brand","embeddable":true,"href":"https:\/\/bavarian-bondage.de\/da\/wp-json\/wp\/v2\/product_brand?post=2918"},{"taxonomy":"product_cat","embeddable":true,"href":"https:\/\/bavarian-bondage.de\/da\/wp-json\/wp\/v2\/product_cat?post=2918"},{"taxonomy":"product_tag","embeddable":true,"href":"https:\/\/bavarian-bondage.de\/da\/wp-json\/wp\/v2\/product_tag?post=2918"}],"curies":[{"name":"wp","href":"https:\/\/api.w.org\/{rel}","templated":true}]}}