{"id":2919,"date":"2020-10-17T12:55:20","date_gmt":"2020-10-17T10:55:20","guid":{"rendered":"https:\/\/bavarian-bondage.tivendo.com\/produkt\/import-placeholder-for-323\/"},"modified":"2026-04-07T23:46:58","modified_gmt":"2026-04-07T21:46:58","slug":"lavtemperaturlys-250-ml","status":"publish","type":"product","link":"https:\/\/bavarian-bondage.de\/da\/produkt\/niedertemperaturkerze-250ml\/","title":{"rendered":"Lavtemperaturlys 250 ml"},"content":{"rendered":"<h3 style=\"text-align: center\">Lavtemperaturlys 250 ml<\/h3>\n<p style=\"text-align: center\">Lyset i d\u00e5sen er ikke kun et blikfang, men ogs\u00e5 meget praktisk takket v\u00e6re h\u00e6ldetuden! Stearinvoksen har et lavt smeltepunkt p\u00e5 omkring 55 grader, hvilket normalt synes at v\u00e6re relativt behageligt p\u00e5 huden. Om du bruger stearinlyset til leg eller som en smuk dekoration er op til dig.<\/p>\n<p>&nbsp;<\/p>\n<p><strong>Detaljer:<\/strong><\/p>\n<p>Materiale: aluminium, paraffin, stearinlysfarve<br \/>\nSt\u00f8rrelse: H 55mm B 80mm<br \/>\nFarve: kan v\u00e6lges<br \/>\nIndhold: 250ml<br \/>\nSamlet v\u00e6gt: ca 270g<\/p>\n<p>&nbsp;<\/p>\n<p><strong>Leveringsomfang:<\/strong> 1 lavtemperaturlys 250 ml<\/p>\n<p>&nbsp;<\/p>\n<hr \/>\n<blockquote>\n<p style=\"text-align: center\"><span style=\"color: #333399\">Oplysningerne om produkterne er givet efter vores bedste viden og overbevisning. Alle dimensioner er omtrentlige. Brugen af de produkter, der tilbydes her i butikken, er p\u00e5 eget ansvar. Hver person reagerer forskelligt p\u00e5 ydre p\u00e5virkninger, p\u00e5 nydelse eller smerte osv. Derfor kan der ikke p\u00e5tages noget ansvar for forkert brug.  Hver bruger b\u00e6rer det fulde ansvar for brug eller korrekt brug af produkterne og dets uforudsigelige konsekvenser.<\/span><\/p>\n<\/blockquote>","protected":false},"excerpt":{"rendered":"<p>Basispris: 56,00 \u20ac\/L<\/p>\n<p>Leveringstid: 5-7 dage*<\/p>","protected":false},"featured_media":15937,"template":"","meta":[],"product_brand":[],"product_cat":[224],"product_tag":[],"class_list":{"0":"post-2919","1":"product","2":"type-product","3":"status-publish","4":"has-post-thumbnail","6":"product_cat-lustschmerz","8":"first","9":"instock","10":"taxable","11":"shipping-taxable","12":"purchasable","13":"product-type-variable"},"_links":{"self":[{"href":"https:\/\/bavarian-bondage.de\/da\/wp-json\/wp\/v2\/product\/2919","targetHints":{"allow":["GET"]}}],"collection":[{"href":"https:\/\/bavarian-bondage.de\/da\/wp-json\/wp\/v2\/product"}],"about":[{"href":"https:\/\/bavarian-bondage.de\/da\/wp-json\/wp\/v2\/types\/product"}],"version-history":[{"count":5,"href":"https:\/\/bavarian-bondage.de\/da\/wp-json\/wp\/v2\/product\/2919\/revisions"}],"predecessor-version":[{"id":16506,"href":"https:\/\/bavarian-bondage.de\/da\/wp-json\/wp\/v2\/product\/2919\/revisions\/16506"}],"wp:featuredmedia":[{"embeddable":true,"href":"https:\/\/bavarian-bondage.de\/da\/wp-json\/wp\/v2\/media\/15937"}],"wp:attachment":[{"href":"https:\/\/bavarian-bondage.de\/da\/wp-json\/wp\/v2\/media?parent=2919"}],"wp:term":[{"taxonomy":"product_brand","embeddable":true,"href":"https:\/\/bavarian-bondage.de\/da\/wp-json\/wp\/v2\/product_brand?post=2919"},{"taxonomy":"product_cat","embeddable":true,"href":"https:\/\/bavarian-bondage.de\/da\/wp-json\/wp\/v2\/product_cat?post=2919"},{"taxonomy":"product_tag","embeddable":true,"href":"https:\/\/bavarian-bondage.de\/da\/wp-json\/wp\/v2\/product_tag?post=2919"}],"curies":[{"name":"wp","href":"https:\/\/api.w.org\/{rel}","templated":true}]}}