{"id":2923,"date":"2020-10-17T12:56:20","date_gmt":"2020-10-17T10:56:20","guid":{"rendered":"https:\/\/bavarian-bondage.tivendo.com\/produkt\/import-placeholder-for-340\/"},"modified":"2026-03-30T16:52:35","modified_gmt":"2026-03-30T14:52:35","slug":"bondage-ring-i-rustfrit-stal","status":"publish","type":"product","link":"https:\/\/bavarian-bondage.de\/da\/produkt\/bondagering-edelstahl\/","title":{"rendered":"Bondage ring rustfrit st\u00e5l"},"content":{"rendered":"<h3 style=\"text-align: center\">Bondage ring rustfrit st\u00e5l<\/h3>\n<p style=\"text-align: center\">Den klassiske oph\u00e6ngsring af poleret rustfrit st\u00e5l imponerer med sit klare og enkle look.<\/p>\n<p>&nbsp;<\/p>\n<p><strong>Detaljer:<\/strong><\/p>\n<p>Udvendig diameter: 240 mm<br \/>\nMateriale tykkelse: 15 mm<br \/>\nV\u00e6gt: ca 840g<br \/>\nMateriale: rustfrit st\u00e5l<\/p>\n<p><strong>Leveringsomfang:<\/strong> 1 bondage ring i rustfrit st\u00e5l<\/p>\n<p>&nbsp;<\/p>\n<hr \/>\n<blockquote>\n<p style=\"text-align: center\"><span style=\"color: #333399\">Oplysningerne om produkterne er givet efter vores bedste viden og overbevisning. Alle dimensioner er omtrentlige. Brugen af de produkter, der tilbydes her i butikken, er p\u00e5 eget ansvar. Hver person reagerer forskelligt p\u00e5 ydre p\u00e5virkninger, p\u00e5 nydelse eller smerte osv. Derfor kan der ikke p\u00e5tages noget ansvar for forkert brug.  Hver bruger b\u00e6rer det fulde ansvar for brug eller korrekt brug af produkterne og dets uforudsigelige konsekvenser.<\/span><\/p>\n<\/blockquote>","protected":false},"excerpt":{"rendered":"<p>Leveringstid: 5-7 dage*<\/p>","protected":false},"featured_media":8079,"template":"","meta":[],"product_brand":[],"product_cat":[233,234],"product_tag":[236,238,239],"class_list":{"0":"post-2923","1":"product","2":"type-product","3":"status-publish","4":"has-post-thumbnail","6":"product_cat-bondage-zubehoer","7":"product_cat-ringe","8":"product_tag-bondagering","9":"product_tag-ring-edelstahl","10":"product_tag-suspensionring","12":"first","13":"instock","14":"taxable","15":"shipping-taxable","16":"purchasable","17":"product-type-simple"},"_links":{"self":[{"href":"https:\/\/bavarian-bondage.de\/da\/wp-json\/wp\/v2\/product\/2923","targetHints":{"allow":["GET"]}}],"collection":[{"href":"https:\/\/bavarian-bondage.de\/da\/wp-json\/wp\/v2\/product"}],"about":[{"href":"https:\/\/bavarian-bondage.de\/da\/wp-json\/wp\/v2\/types\/product"}],"version-history":[{"count":3,"href":"https:\/\/bavarian-bondage.de\/da\/wp-json\/wp\/v2\/product\/2923\/revisions"}],"predecessor-version":[{"id":8137,"href":"https:\/\/bavarian-bondage.de\/da\/wp-json\/wp\/v2\/product\/2923\/revisions\/8137"}],"wp:featuredmedia":[{"embeddable":true,"href":"https:\/\/bavarian-bondage.de\/da\/wp-json\/wp\/v2\/media\/8079"}],"wp:attachment":[{"href":"https:\/\/bavarian-bondage.de\/da\/wp-json\/wp\/v2\/media?parent=2923"}],"wp:term":[{"taxonomy":"product_brand","embeddable":true,"href":"https:\/\/bavarian-bondage.de\/da\/wp-json\/wp\/v2\/product_brand?post=2923"},{"taxonomy":"product_cat","embeddable":true,"href":"https:\/\/bavarian-bondage.de\/da\/wp-json\/wp\/v2\/product_cat?post=2923"},{"taxonomy":"product_tag","embeddable":true,"href":"https:\/\/bavarian-bondage.de\/da\/wp-json\/wp\/v2\/product_tag?post=2923"}],"curies":[{"name":"wp","href":"https:\/\/api.w.org\/{rel}","templated":true}]}}