{"id":2924,"date":"2020-10-17T15:57:20","date_gmt":"2020-10-17T13:57:20","guid":{"rendered":"https:\/\/bavarian-bondage.tivendo.com\/produkt\/import-placeholder-for-342\/"},"modified":"2026-03-09T23:42:58","modified_gmt":"2026-03-09T22:42:58","slug":"bondage-ring-triskele","status":"publish","type":"product","link":"https:\/\/bavarian-bondage.de\/da\/produkt\/bondagering-triskele\/","title":{"rendered":"Bondage ring triskele"},"content":{"rendered":"<h3 style=\"text-align: center\">Bondage ring triskele<\/h3>\n<p style=\"text-align: center\">Oph\u00e6ngsringen med triskele, lavet af poleret rustfrit st\u00e5l, tilbyder ikke kun sit flotte udseende, men ogs\u00e5 muligheden for at organisere individuelle reb. Denne ring er et blikfang i enhver henseende.<\/p>\n<p>&nbsp;<\/p>\n<p><strong>Detaljer:<\/strong><\/p>\n<pre>Ydre diameter: 245 mm, Materialetykkelse: 12 mm, V\u00e6gt: ca. 980 g, Materiale: Rustfrit st\u00e5l, Farve: Valgbar<\/pre>\n<p>&nbsp;<\/p>\n<p><strong>Leveringsomfang:<\/strong> 1 bondage ring triskele<\/p>\n<p>&nbsp;<\/p>\n<hr \/>\n<blockquote>\n<p style=\"text-align: center\"><span style=\"color: #333399\">Oplysningerne om produkterne er givet efter vores bedste viden og overbevisning. Alle dimensioner er omtrentlige. Brugen af de produkter, der tilbydes her i butikken, er p\u00e5 eget ansvar. Hver person reagerer forskelligt p\u00e5 ydre p\u00e5virkninger, p\u00e5 nydelse eller smerte osv. Derfor kan der ikke p\u00e5tages noget ansvar for forkert brug.  Hver bruger b\u00e6rer det fulde ansvar for brug eller korrekt brug af produkterne og dets uforudsigelige konsekvenser.<\/span><\/p>\n<\/blockquote>","protected":false},"excerpt":{"rendered":"<p>Leveringstid: 5-7 dage*<\/p>","protected":false},"featured_media":16272,"template":"","meta":[],"product_brand":[],"product_cat":[233,234],"product_tag":[236,240],"class_list":{"0":"post-2924","1":"product","2":"type-product","3":"status-publish","4":"has-post-thumbnail","6":"product_cat-bondage-zubehoer","7":"product_cat-ringe","8":"product_tag-bondagering","9":"product_tag-edelstahl","11":"first","12":"instock","13":"taxable","14":"shipping-taxable","15":"purchasable","16":"product-type-variable"},"_links":{"self":[{"href":"https:\/\/bavarian-bondage.de\/da\/wp-json\/wp\/v2\/product\/2924","targetHints":{"allow":["GET"]}}],"collection":[{"href":"https:\/\/bavarian-bondage.de\/da\/wp-json\/wp\/v2\/product"}],"about":[{"href":"https:\/\/bavarian-bondage.de\/da\/wp-json\/wp\/v2\/types\/product"}],"version-history":[{"count":4,"href":"https:\/\/bavarian-bondage.de\/da\/wp-json\/wp\/v2\/product\/2924\/revisions"}],"predecessor-version":[{"id":16276,"href":"https:\/\/bavarian-bondage.de\/da\/wp-json\/wp\/v2\/product\/2924\/revisions\/16276"}],"wp:featuredmedia":[{"embeddable":true,"href":"https:\/\/bavarian-bondage.de\/da\/wp-json\/wp\/v2\/media\/16272"}],"wp:attachment":[{"href":"https:\/\/bavarian-bondage.de\/da\/wp-json\/wp\/v2\/media?parent=2924"}],"wp:term":[{"taxonomy":"product_brand","embeddable":true,"href":"https:\/\/bavarian-bondage.de\/da\/wp-json\/wp\/v2\/product_brand?post=2924"},{"taxonomy":"product_cat","embeddable":true,"href":"https:\/\/bavarian-bondage.de\/da\/wp-json\/wp\/v2\/product_cat?post=2924"},{"taxonomy":"product_tag","embeddable":true,"href":"https:\/\/bavarian-bondage.de\/da\/wp-json\/wp\/v2\/product_tag?post=2924"}],"curies":[{"name":"wp","href":"https:\/\/api.w.org\/{rel}","templated":true}]}}