{"id":2930,"date":"2020-10-17T12:51:21","date_gmt":"2020-10-17T10:51:21","guid":{"rendered":"https:\/\/bavarian-bondage.tivendo.com\/produkt\/import-placeholder-for-368\/"},"modified":"2026-01-25T22:39:03","modified_gmt":"2026-01-25T21:39:03","slug":"kloverklemmer","status":"publish","type":"product","link":"https:\/\/bavarian-bondage.de\/da\/produkt\/clover-clamps\/","title":{"rendered":"Kl\u00f8verklemmer"},"content":{"rendered":"<h3 style=\"text-align: center\">Kl\u00f8verklemmer<\/h3>\n<p style=\"text-align: center\">Sandsynligvis de mest ber\u00f8mte klemmer inden for BDSM-omr\u00e5det. Disse klemmer er designet p\u00e5 en s\u00e5dan m\u00e5de, at n\u00e5r de tr\u00e6kkes, stiger trykket endnu mere. Udstyret med en robust 30 cm lang k\u00e6de og en gummipude ved sp\u00e6ndepunktet.<\/p>\n<p>&nbsp;<\/p>\n<p><strong>Detaljer:<\/strong><\/p>\n<p>Materiale: metal, gummipude<br \/>\nK\u00e6del\u00e6ngde: 30 cm<br \/>\nKlipst\u00f8rrelse: 9 cm<\/p>\n<p>&nbsp;<\/p>\n<p><strong>Leveringsomfang:<\/strong> Kl\u00f8verklemmer med k\u00e6de<\/p>\n<p>&nbsp;<\/p>\n<hr \/>\n<blockquote>\n<p style=\"text-align: center\"><span style=\"color: #333399\">Oplysningerne om produkterne er givet efter vores bedste viden og overbevisning. Alle dimensioner er omtrentlige. Brugen af de produkter, der tilbydes her i butikken, er p\u00e5 eget ansvar. Hver person reagerer forskelligt p\u00e5 ydre p\u00e5virkninger, p\u00e5 nydelse eller smerte osv. Derfor kan der ikke p\u00e5tages noget ansvar for forkert brug.  Hver bruger b\u00e6rer det fulde ansvar for brug eller korrekt brug af produkterne og dets uforudsigelige konsekvenser.<\/span><\/p>\n<\/blockquote>","protected":false},"excerpt":{"rendered":"<p>Leveringstid: 5-7 dage*<\/p>","protected":false},"featured_media":8568,"template":"","meta":[],"product_brand":[],"product_cat":[248],"product_tag":[249,250,251],"class_list":{"0":"post-2930","1":"product","2":"type-product","3":"status-publish","4":"has-post-thumbnail","6":"product_cat-klammern","7":"product_tag-brustwarzenklammern","8":"product_tag-clover-clamps","9":"product_tag-klammern","11":"first","12":"instock","13":"taxable","14":"shipping-taxable","15":"purchasable","16":"product-type-simple"},"_links":{"self":[{"href":"https:\/\/bavarian-bondage.de\/da\/wp-json\/wp\/v2\/product\/2930","targetHints":{"allow":["GET"]}}],"collection":[{"href":"https:\/\/bavarian-bondage.de\/da\/wp-json\/wp\/v2\/product"}],"about":[{"href":"https:\/\/bavarian-bondage.de\/da\/wp-json\/wp\/v2\/types\/product"}],"version-history":[{"count":5,"href":"https:\/\/bavarian-bondage.de\/da\/wp-json\/wp\/v2\/product\/2930\/revisions"}],"predecessor-version":[{"id":13962,"href":"https:\/\/bavarian-bondage.de\/da\/wp-json\/wp\/v2\/product\/2930\/revisions\/13962"}],"wp:featuredmedia":[{"embeddable":true,"href":"https:\/\/bavarian-bondage.de\/da\/wp-json\/wp\/v2\/media\/8568"}],"wp:attachment":[{"href":"https:\/\/bavarian-bondage.de\/da\/wp-json\/wp\/v2\/media?parent=2930"}],"wp:term":[{"taxonomy":"product_brand","embeddable":true,"href":"https:\/\/bavarian-bondage.de\/da\/wp-json\/wp\/v2\/product_brand?post=2930"},{"taxonomy":"product_cat","embeddable":true,"href":"https:\/\/bavarian-bondage.de\/da\/wp-json\/wp\/v2\/product_cat?post=2930"},{"taxonomy":"product_tag","embeddable":true,"href":"https:\/\/bavarian-bondage.de\/da\/wp-json\/wp\/v2\/product_tag?post=2930"}],"curies":[{"name":"wp","href":"https:\/\/api.w.org\/{rel}","templated":true}]}}