{"id":2931,"date":"2020-10-17T12:56:21","date_gmt":"2020-10-17T10:56:21","guid":{"rendered":"https:\/\/bavarian-bondage.tivendo.com\/produkt\/import-placeholder-for-373\/"},"modified":"2026-04-16T10:38:34","modified_gmt":"2026-04-16T08:38:34","slug":"dobbelt-pagaj","status":"publish","type":"product","link":"https:\/\/bavarian-bondage.de\/da\/produkt\/doppelpaddel\/","title":{"rendered":"Dobbelt pagaj"},"content":{"rendered":"<h3 style=\"text-align: center\">Dobbelt pagaj<\/h3>\n<p style=\"text-align: center\">En meget robust pagaj lavet af oksel\u00e6der, der best\u00e5r af to sider. Den ene side er klassisk, den anden er sk\u00e5ret flere gange for at skabe lidt variation. Den dobbelte pagaj er udelukkende lavet af l\u00e6der, er blevet forst\u00e6rket p\u00e5 h\u00e5ndtaget og har en b\u00e6rerem.<\/p>\n<p style=\"text-align: center\">En meget vellavet og bev\u00e6gelig \u00e6gte l\u00e6derpagaj, der lover variation.<\/p>\n<p>&nbsp;<\/p>\n<p><strong>Detaljer:<\/strong><\/p>\n<p>Materiale: oksel\u00e6der<br \/>\nFarve: Sort<br \/>\nSamlet l\u00e6ngde: 45 cm<br \/>\nBredde: 14 cm<\/p>\n<p>&nbsp;<\/p>\n<p><strong>Leveringsomfang:<\/strong> 1 dobbelt pagaj<\/p>\n<p>&nbsp;<\/p>\n<hr \/>\n<blockquote>\n<p style=\"text-align: center\"><span style=\"color: #333399\">Oplysningerne om produkterne er givet efter vores bedste viden og overbevisning. Alle dimensioner er omtrentlige. Brugen af de produkter, der tilbydes her i butikken, er p\u00e5 eget ansvar. Hver person reagerer forskelligt p\u00e5 ydre p\u00e5virkninger, p\u00e5 nydelse eller smerte osv. Derfor kan der ikke p\u00e5tages noget ansvar for forkert brug.  Hver bruger b\u00e6rer det fulde ansvar for brug eller korrekt brug af produkterne og dets uforudsigelige konsekvenser.<\/span><\/p>\n<\/blockquote>","protected":false},"excerpt":{"rendered":"<p>Leveringstid: 5-7 dage*<\/p>","protected":false},"featured_media":8638,"template":"","meta":[],"product_brand":[],"product_cat":[224,252],"product_tag":[253,254,255],"class_list":{"0":"post-2931","1":"product","2":"type-product","3":"status-publish","4":"has-post-thumbnail","6":"product_cat-lustschmerz","7":"product_cat-peitschen-gerten","8":"product_tag-doppelpaddel","9":"product_tag-echtleder","10":"product_tag-paddel","12":"first","13":"instock","14":"taxable","15":"shipping-taxable","16":"purchasable","17":"product-type-simple"},"_links":{"self":[{"href":"https:\/\/bavarian-bondage.de\/da\/wp-json\/wp\/v2\/product\/2931","targetHints":{"allow":["GET"]}}],"collection":[{"href":"https:\/\/bavarian-bondage.de\/da\/wp-json\/wp\/v2\/product"}],"about":[{"href":"https:\/\/bavarian-bondage.de\/da\/wp-json\/wp\/v2\/types\/product"}],"version-history":[{"count":3,"href":"https:\/\/bavarian-bondage.de\/da\/wp-json\/wp\/v2\/product\/2931\/revisions"}],"predecessor-version":[{"id":13978,"href":"https:\/\/bavarian-bondage.de\/da\/wp-json\/wp\/v2\/product\/2931\/revisions\/13978"}],"wp:featuredmedia":[{"embeddable":true,"href":"https:\/\/bavarian-bondage.de\/da\/wp-json\/wp\/v2\/media\/8638"}],"wp:attachment":[{"href":"https:\/\/bavarian-bondage.de\/da\/wp-json\/wp\/v2\/media?parent=2931"}],"wp:term":[{"taxonomy":"product_brand","embeddable":true,"href":"https:\/\/bavarian-bondage.de\/da\/wp-json\/wp\/v2\/product_brand?post=2931"},{"taxonomy":"product_cat","embeddable":true,"href":"https:\/\/bavarian-bondage.de\/da\/wp-json\/wp\/v2\/product_cat?post=2931"},{"taxonomy":"product_tag","embeddable":true,"href":"https:\/\/bavarian-bondage.de\/da\/wp-json\/wp\/v2\/product_tag?post=2931"}],"curies":[{"name":"wp","href":"https:\/\/api.w.org\/{rel}","templated":true}]}}