{"id":2945,"date":"2020-10-17T12:56:29","date_gmt":"2020-10-17T10:56:29","guid":{"rendered":"https:\/\/bavarian-bondage.tivendo.com\/produkt\/import-placeholder-for-409\/"},"modified":"2026-01-28T17:22:51","modified_gmt":"2026-01-28T16:22:51","slug":"hampreb-af-hor-benzin-5mm-eksklusivt-enkeltreb-8m","status":"publish","type":"product","link":"https:\/\/bavarian-bondage.de\/da\/produkt\/leinenhanfseil-petrol-5mm-exklusiv-einzelseil-8m\/","title":{"rendered":"Linned hamp reb benzin 5mm eksklusivt; Enkelt reb 8m"},"content":{"rendered":"<h3 style=\"text-align: center\">Hampreb af h\u00f8r 5mm benzin EKSKLUSIVT<\/h3>\n<p style=\"text-align: center\">Hamprebet 5mm EXCLUSIVE har en st\u00e6rk m\u00f8rkegr\u00f8n farve og er meget bl\u00f8d og smidig! Den er blevet behandlet flere gange for at bevare den bedste kvalitet. Rebet imponerer med sin runde, j\u00e6vne og knudel\u00f8se struktur i hele sin l\u00e6ngde. Ydermere bindes enderne med sm\u00e5 knuder. Da rebene blev farvet som helhed, er de ikke helt farvede. De tynde 5 mm reb er ideelle til kunstnerisk bondage og kombinationer med flere farver.<\/p>\n<p>&nbsp;<\/p>\n<p><strong>Detaljer:<\/strong><\/p>\n<p>Hampreb af h\u00f8r 5mm benzin EKSKLUSIVT<br \/>\n3-akslet drejet<br \/>\nFarve: benzin<br \/>\nTrisk knude<br \/>\nL\u00e6ngde: 1x8m<br \/>\n(Tovl\u00e6ngden kan afvige fra den specificerede l\u00e6ngde med op til 3%)<\/p>\n<p>&nbsp;<\/p>\n<p><span style=\"color: #ff0000\"><strong>En meddelelse:<\/strong><\/span><\/p>\n<p>Tjek reb regelm\u00e6ssigt for slitage og skader! Hvis reb bliver sl\u00e5et eller snoet, kan de blive l\u00f8s under brug!<br \/>\nRebene er farvet som helhed og har ikke samme farve helt ned til midten.<\/p>\n<p>&nbsp;<\/p>\n<p><strong>Leveringsomfang:<\/strong> 1x8m h\u00f8r hamp reb 5mm benzin EKSKLUSIVT<\/p>\n<p>&nbsp;<\/p>\n<hr \/>\n<blockquote>\n<p style=\"text-align: center\"><span style=\"color: #333399\">Oplysningerne om produkterne er givet efter vores bedste viden og overbevisning. Alle dimensioner er omtrentlige. Brugen af de produkter, der tilbydes her i butikken, er p\u00e5 eget ansvar. Hver person reagerer forskelligt p\u00e5 ydre p\u00e5virkninger, p\u00e5 nydelse eller smerte osv. Derfor kan der ikke p\u00e5tages noget ansvar for forkert brug.  Hver bruger b\u00e6rer det fulde ansvar for brug eller korrekt brug af produkterne og dets uforudsigelige konsekvenser.<\/span><\/p>\n<\/blockquote>","protected":false},"excerpt":{"rendered":"<p>Grundpris: 2,81 \u20ac\/m<\/p>\n<p>Leveringstid: 5-7 dage*<\/p>","protected":false},"featured_media":9108,"template":"","meta":[],"product_brand":[],"product_cat":[266,216,217,262],"product_tag":[268,528,261],"class_list":{"0":"post-2945","1":"product","2":"type-product","3":"status-publish","4":"has-post-thumbnail","6":"product_cat-petrol-edition","7":"product_cat-bondageseile","8":"product_cat-leinenhanfseil","9":"product_cat-leinenhanfseil-farbig","10":"product_tag-hanfseil-5mm","11":"product_tag-leinenhanfseil","12":"product_tag-bondageseil","14":"first","15":"instock","16":"taxable","17":"shipping-taxable","18":"purchasable","19":"product-type-simple"},"_links":{"self":[{"href":"https:\/\/bavarian-bondage.de\/da\/wp-json\/wp\/v2\/product\/2945","targetHints":{"allow":["GET"]}}],"collection":[{"href":"https:\/\/bavarian-bondage.de\/da\/wp-json\/wp\/v2\/product"}],"about":[{"href":"https:\/\/bavarian-bondage.de\/da\/wp-json\/wp\/v2\/types\/product"}],"version-history":[{"count":4,"href":"https:\/\/bavarian-bondage.de\/da\/wp-json\/wp\/v2\/product\/2945\/revisions"}],"predecessor-version":[{"id":13692,"href":"https:\/\/bavarian-bondage.de\/da\/wp-json\/wp\/v2\/product\/2945\/revisions\/13692"}],"wp:featuredmedia":[{"embeddable":true,"href":"https:\/\/bavarian-bondage.de\/da\/wp-json\/wp\/v2\/media\/9108"}],"wp:attachment":[{"href":"https:\/\/bavarian-bondage.de\/da\/wp-json\/wp\/v2\/media?parent=2945"}],"wp:term":[{"taxonomy":"product_brand","embeddable":true,"href":"https:\/\/bavarian-bondage.de\/da\/wp-json\/wp\/v2\/product_brand?post=2945"},{"taxonomy":"product_cat","embeddable":true,"href":"https:\/\/bavarian-bondage.de\/da\/wp-json\/wp\/v2\/product_cat?post=2945"},{"taxonomy":"product_tag","embeddable":true,"href":"https:\/\/bavarian-bondage.de\/da\/wp-json\/wp\/v2\/product_tag?post=2945"}],"curies":[{"name":"wp","href":"https:\/\/api.w.org\/{rel}","templated":true}]}}