{"id":2955,"date":"2020-10-17T12:56:30","date_gmt":"2020-10-17T10:56:30","guid":{"rendered":"https:\/\/bavarian-bondage.tivendo.com\/produkt\/import-placeholder-for-433\/"},"modified":"2026-03-24T08:23:10","modified_gmt":"2026-03-24T07:23:10","slug":"hampreb-af-hor-benzin-6mm-eksklusivt-enkeltreb-8m","status":"publish","type":"product","link":"https:\/\/bavarian-bondage.de\/da\/produkt\/leinenhanfseil-petrol-6mm-exklusiv-einzelseil-8m\/","title":{"rendered":"Linned hamp reb benzin 6mm eksklusivt; Enkelt reb 8m"},"content":{"rendered":"<h3 style=\"text-align: center\">Hampreb af h\u00f8r 6mm benzin EKSKLUSIVT<\/h3>\n<p style=\"text-align: center\">St\u00e6rk og j\u00e6vn benzinfarve.<\/p>\n<p style=\"text-align: center\">Hamprebet 6 mm EXCLUSIVE er meget bl\u00f8dt og smidigt! Den er blevet behandlet flere gange for at bevare den bedste kvalitet. Rebet imponerer med sin runde, j\u00e6vne og knudefri struktur i hele sin l\u00e6ngde. Endvidere bindes enderne med sm\u00e5 knuder og rebet er markeret med et sort midterm\u00e6rke.<\/p>\n<p>&nbsp;<\/p>\n<p><strong>Detaljer:<\/strong><\/p>\n<p>Hampreb af h\u00f8r 6mm benzin EKSKLUSIVT<br \/>\n3-akslet drejet<br \/>\nFarve: benzin<br \/>\nTrisk knude<br \/>\nL\u00e6ngde: 1x8m<br \/>\n(Tovl\u00e6ngden kan afvige fra den specificerede l\u00e6ngde med op til 3%)<\/p>\n<p>&nbsp;<\/p>\n<p><span style=\"color: #ff0000\"><strong>En meddelelse:<\/strong><\/span><\/p>\n<p>Tjek reb regelm\u00e6ssigt for slitage og skader! Hvis reb bliver sl\u00e5et eller snoet, kan de blive l\u00f8s under brug!<br \/>\nRebene er farvet som helhed og har ikke samme farve helt ned til midten.<\/p>\n<p>&nbsp;<\/p>\n<p><strong>Leveringsomfang:<\/strong> 1x8m h\u00f8r hamp reb 6mm benzin EKSKLUSIVT<\/p>\n<p>&nbsp;<\/p>\n<hr \/>\n<blockquote>\n<p style=\"text-align: center\"><span style=\"color: #333399\">Oplysningerne om produkterne er givet efter vores bedste viden og overbevisning. Alle dimensioner er omtrentlige. Brugen af de produkter, der tilbydes her i butikken, er p\u00e5 eget ansvar. Hver person reagerer forskelligt p\u00e5 ydre p\u00e5virkninger, p\u00e5 nydelse eller smerte osv. Derfor kan der ikke p\u00e5tages noget ansvar for forkert brug.  Hver bruger b\u00e6rer det fulde ansvar for brug eller korrekt brug af produkterne og dets uforudsigelige konsekvenser.<\/span><\/p>\n<\/blockquote>","protected":false},"excerpt":{"rendered":"<p>Grundpris: 3,00 \u20ac\/m<\/p>\n<p>Leveringstid: 5-7 dage*<\/p>","protected":false},"featured_media":9701,"template":"","meta":[],"product_brand":[],"product_cat":[216,217,262,266],"product_tag":[530,261,284,285],"class_list":{"0":"post-2955","1":"product","2":"type-product","3":"status-publish","4":"has-post-thumbnail","6":"product_cat-bondageseile","7":"product_cat-leinenhanfseil","8":"product_cat-leinenhanfseil-farbig","9":"product_cat-petrol-edition","10":"product_tag-leinenhafseil","11":"product_tag-bondageseil","12":"product_tag-6mm","13":"product_tag-hanfseil-exklusiv","15":"first","16":"instock","17":"taxable","18":"shipping-taxable","19":"purchasable","20":"product-type-simple"},"_links":{"self":[{"href":"https:\/\/bavarian-bondage.de\/da\/wp-json\/wp\/v2\/product\/2955","targetHints":{"allow":["GET"]}}],"collection":[{"href":"https:\/\/bavarian-bondage.de\/da\/wp-json\/wp\/v2\/product"}],"about":[{"href":"https:\/\/bavarian-bondage.de\/da\/wp-json\/wp\/v2\/types\/product"}],"version-history":[{"count":3,"href":"https:\/\/bavarian-bondage.de\/da\/wp-json\/wp\/v2\/product\/2955\/revisions"}],"predecessor-version":[{"id":13695,"href":"https:\/\/bavarian-bondage.de\/da\/wp-json\/wp\/v2\/product\/2955\/revisions\/13695"}],"wp:featuredmedia":[{"embeddable":true,"href":"https:\/\/bavarian-bondage.de\/da\/wp-json\/wp\/v2\/media\/9701"}],"wp:attachment":[{"href":"https:\/\/bavarian-bondage.de\/da\/wp-json\/wp\/v2\/media?parent=2955"}],"wp:term":[{"taxonomy":"product_brand","embeddable":true,"href":"https:\/\/bavarian-bondage.de\/da\/wp-json\/wp\/v2\/product_brand?post=2955"},{"taxonomy":"product_cat","embeddable":true,"href":"https:\/\/bavarian-bondage.de\/da\/wp-json\/wp\/v2\/product_cat?post=2955"},{"taxonomy":"product_tag","embeddable":true,"href":"https:\/\/bavarian-bondage.de\/da\/wp-json\/wp\/v2\/product_tag?post=2955"}],"curies":[{"name":"wp","href":"https:\/\/api.w.org\/{rel}","templated":true}]}}