{"id":2956,"date":"2020-10-17T12:56:30","date_gmt":"2020-10-17T10:56:30","guid":{"rendered":"https:\/\/bavarian-bondage.tivendo.com\/produkt\/import-placeholder-for-435\/"},"modified":"2026-03-06T06:37:45","modified_gmt":"2026-03-06T05:37:45","slug":"hampreb-mork-rod-6mm-eksklusiv-enkeltreb-8m","status":"publish","type":"product","link":"https:\/\/bavarian-bondage.de\/da\/produkt\/leinenhanfseil-dunkelrot-6mm-exklusiv-einzelseil-8m\/","title":{"rendered":"Hampreb m\u00f8rk r\u00f8d 6 mm eksklusivt; Enkelt reb 8m"},"content":{"rendered":"<h3 style=\"text-align: center\">Hampreb af h\u00f8r 6mm m\u00f8rker\u00f8d EKSKLUSIVT<\/h3>\n<p style=\"text-align: center\">St\u00e6rk og j\u00e6vn, m\u00f8rker\u00f8d farve.<\/p>\n<p style=\"text-align: center\">Hamprebet 6 mm EXCLUSIVE er meget bl\u00f8dt og smidigt! Den er blevet behandlet flere gange for at bevare den bedste kvalitet. Rebet imponerer med sin runde, j\u00e6vne og knudefri struktur i hele sin l\u00e6ngde. Endvidere bindes enderne med sm\u00e5 knuder og rebet er markeret med et sort midterm\u00e6rke.<\/p>\n<p>&nbsp;<\/p>\n<p><strong>Detaljer:<\/strong><\/p>\n<p>Hampreb af h\u00f8r 6mm m\u00f8rker\u00f8d EKSKLUSIVT<br \/>\n3-akslet drejet<br \/>\nFarve: M\u00f8rker\u00f8d<br \/>\nTrisk knude<br \/>\nL\u00e6ngde: 1x8m<br \/>\n(Rebl\u00e6ngden kan afvige med op til 3% fra den angivne l\u00e6ngde.)<\/p>\n<p>&nbsp;<\/p>\n<p><span style=\"color: #ff0000\"><strong>En meddelelse:<\/strong><\/span><\/p>\n<p>Kontroll\u00e9r regelm\u00e6ssigt reb for slid og skader! Ved snoede eller udlagte reb kan det ske, at de l\u00f8sner sig under brug.<br \/>\nRebene er farvet som helhed og har ikke samme farve helt ned til midten.<\/p>\n<p><strong>Leveringsomfang:<\/strong> 1x8m h\u00f8r hamp reb 6mm m\u00f8rker\u00f8d EKSKLUSIVT<\/p>\n<p>&nbsp;<\/p>\n<blockquote>\n<hr \/>\n<p style=\"text-align: center\"><span style=\"color: #333399\">Oplysningerne om produkterne er givet efter vores bedste viden og overbevisning. Alle dimensioner er omtrentlige. Brugen af de produkter, der tilbydes her i butikken, er p\u00e5 eget ansvar. Hver person reagerer forskelligt p\u00e5 ydre p\u00e5virkninger, p\u00e5 nydelse eller smerte osv. Derfor kan der ikke p\u00e5tages noget ansvar for forkert brug.  Hver bruger b\u00e6rer det fulde ansvar for brug eller korrekt brug af produkterne og dets uforudsigelige konsekvenser.<\/span><\/p>\n<\/blockquote>","protected":false},"excerpt":{"rendered":"<p>Grundpris: 3,00 \u20ac\/m<\/p>\n<p>Leveringstid: 5-7 dage*<\/p>","protected":false},"featured_media":9752,"template":"","meta":[],"product_brand":[],"product_cat":[216,217,262,269],"product_tag":[221,261,284,286,529],"class_list":{"0":"post-2956","1":"product","2":"type-product","3":"status-publish","4":"has-post-thumbnail","6":"product_cat-bondageseile","7":"product_cat-leinenhanfseil","8":"product_cat-leinenhanfseil-farbig","9":"product_cat-dark-red-edition","10":"product_tag-seilset","11":"product_tag-bondageseil","12":"product_tag-6mm","13":"product_tag-hanfseil-dunkelrot","14":"product_tag-leinenhanf","16":"first","17":"instock","18":"taxable","19":"shipping-taxable","20":"purchasable","21":"product-type-simple"},"_links":{"self":[{"href":"https:\/\/bavarian-bondage.de\/da\/wp-json\/wp\/v2\/product\/2956","targetHints":{"allow":["GET"]}}],"collection":[{"href":"https:\/\/bavarian-bondage.de\/da\/wp-json\/wp\/v2\/product"}],"about":[{"href":"https:\/\/bavarian-bondage.de\/da\/wp-json\/wp\/v2\/types\/product"}],"version-history":[{"count":5,"href":"https:\/\/bavarian-bondage.de\/da\/wp-json\/wp\/v2\/product\/2956\/revisions"}],"predecessor-version":[{"id":16503,"href":"https:\/\/bavarian-bondage.de\/da\/wp-json\/wp\/v2\/product\/2956\/revisions\/16503"}],"wp:featuredmedia":[{"embeddable":true,"href":"https:\/\/bavarian-bondage.de\/da\/wp-json\/wp\/v2\/media\/9752"}],"wp:attachment":[{"href":"https:\/\/bavarian-bondage.de\/da\/wp-json\/wp\/v2\/media?parent=2956"}],"wp:term":[{"taxonomy":"product_brand","embeddable":true,"href":"https:\/\/bavarian-bondage.de\/da\/wp-json\/wp\/v2\/product_brand?post=2956"},{"taxonomy":"product_cat","embeddable":true,"href":"https:\/\/bavarian-bondage.de\/da\/wp-json\/wp\/v2\/product_cat?post=2956"},{"taxonomy":"product_tag","embeddable":true,"href":"https:\/\/bavarian-bondage.de\/da\/wp-json\/wp\/v2\/product_tag?post=2956"}],"curies":[{"name":"wp","href":"https:\/\/api.w.org\/{rel}","templated":true}]}}