{"id":2990,"date":"2020-10-17T12:56:41","date_gmt":"2020-10-17T10:56:41","guid":{"rendered":"https:\/\/bavarian-bondage.tivendo.com\/produkt\/import-placeholder-for-519\/"},"modified":"2026-02-10T09:21:59","modified_gmt":"2026-02-10T08:21:59","slug":"fingerpisk-laeder","status":"publish","type":"product","link":"https:\/\/bavarian-bondage.de\/da\/produkt\/fingerpeitsche-leder\/","title":{"rendered":"Fingerpisk l\u00e6der"},"content":{"rendered":"<h3 style=\"text-align: center\">Fingerpisk - l\u00e6der<\/h3>\n<p style=\"text-align: center\">Lille, men kraftfuld opsummerer det nok bedst. Denne lillefingerpisk er udelukkende lavet af okseskind og en 30 mm st\u00e5lring.  16 ca. 4 mm brede stropper sikrer den korrekte kraftoverf\u00f8rsel fra blid til h\u00e5rd.<\/p>\n<p style=\"text-align: center\">Et middel, lille leget\u00f8j, der med en samlet l\u00e6ngde p\u00e5 kun 25 cm kan passe n\u00e6sten overalt.<\/p>\n<p>&nbsp;<\/p>\n<p><strong>Detaljer:<\/strong><\/p>\n<p>Materiale: oksel\u00e6der<br \/>\nRingens diameter: 3 cm<br \/>\nSamlet l\u00e6ngde: 25 cm<br \/>\nH\u00e5ndtagsl\u00e6ngde: 6 cm<br \/>\nFarve: Sort<\/p>\n<p>&nbsp;<\/p>\n<p><strong>Leveringsomfang:<\/strong> 1 l\u00e6der fingerpisk<\/p>\n<p>&nbsp;<\/p>\n<blockquote>\n<hr \/>\n<p style=\"text-align: center\"><span style=\"color: #333399\">Oplysningerne om produkterne er givet efter vores bedste viden og overbevisning. Alle dimensioner er omtrentlige. Brugen af de produkter, der tilbydes her i butikken, er p\u00e5 eget ansvar. Hver person reagerer forskelligt p\u00e5 ydre p\u00e5virkninger, p\u00e5 nydelse eller smerte osv. Derfor kan der ikke p\u00e5tages noget ansvar for forkert brug.  Hver bruger b\u00e6rer det fulde ansvar for brug eller korrekt brug af produkterne og dets uforudsigelige konsekvenser.<\/span><\/p>\n<\/blockquote>","protected":false},"excerpt":{"rendered":"<p>Leveringstid: 5-7 dage*<\/p>","protected":false},"featured_media":8643,"template":"","meta":[],"product_brand":[],"product_cat":[252,224],"product_tag":[305,306,307],"class_list":{"0":"post-2990","1":"product","2":"type-product","3":"status-publish","4":"has-post-thumbnail","6":"product_cat-peitschen-gerten","7":"product_cat-lustschmerz","8":"product_tag-fingerpeitsche","9":"product_tag-leder","10":"product_tag-peitsche","12":"first","13":"instock","14":"taxable","15":"shipping-taxable","16":"purchasable","17":"product-type-simple"},"_links":{"self":[{"href":"https:\/\/bavarian-bondage.de\/da\/wp-json\/wp\/v2\/product\/2990","targetHints":{"allow":["GET"]}}],"collection":[{"href":"https:\/\/bavarian-bondage.de\/da\/wp-json\/wp\/v2\/product"}],"about":[{"href":"https:\/\/bavarian-bondage.de\/da\/wp-json\/wp\/v2\/types\/product"}],"version-history":[{"count":2,"href":"https:\/\/bavarian-bondage.de\/da\/wp-json\/wp\/v2\/product\/2990\/revisions"}],"predecessor-version":[{"id":13987,"href":"https:\/\/bavarian-bondage.de\/da\/wp-json\/wp\/v2\/product\/2990\/revisions\/13987"}],"wp:featuredmedia":[{"embeddable":true,"href":"https:\/\/bavarian-bondage.de\/da\/wp-json\/wp\/v2\/media\/8643"}],"wp:attachment":[{"href":"https:\/\/bavarian-bondage.de\/da\/wp-json\/wp\/v2\/media?parent=2990"}],"wp:term":[{"taxonomy":"product_brand","embeddable":true,"href":"https:\/\/bavarian-bondage.de\/da\/wp-json\/wp\/v2\/product_brand?post=2990"},{"taxonomy":"product_cat","embeddable":true,"href":"https:\/\/bavarian-bondage.de\/da\/wp-json\/wp\/v2\/product_cat?post=2990"},{"taxonomy":"product_tag","embeddable":true,"href":"https:\/\/bavarian-bondage.de\/da\/wp-json\/wp\/v2\/product_tag?post=2990"}],"curies":[{"name":"wp","href":"https:\/\/api.w.org\/{rel}","templated":true}]}}