{"id":2991,"date":"2020-10-17T12:57:41","date_gmt":"2020-10-17T10:57:41","guid":{"rendered":"https:\/\/bavarian-bondage.tivendo.com\/produkt\/import-placeholder-for-524\/"},"modified":"2026-03-15T08:48:48","modified_gmt":"2026-03-15T07:48:48","slug":"fleksibel-stok","status":"publish","type":"product","link":"https:\/\/bavarian-bondage.de\/da\/produkt\/flexibler-rohrstock\/","title":{"rendered":"Fleksibel stok"},"content":{"rendered":"<h3 style=\"text-align: center\">Fleksibel stok<\/h3>\n<p style=\"text-align: center\">Denne stok er lavet af fleksibel PVC, bekl\u00e6dt med bl\u00f8dt nappal\u00e6der og udstyret med en l\u00e6derstrop. Sammenlignet med tr\u00e6stokke, meget hygiejnisk og super holdbar. Takket v\u00e6re den fleksible kerne kan den b\u00f8jes helt, og dens effektivitet er p\u00e5 ingen m\u00e5de ringere end en tr\u00e6stok.<\/p>\n<p style=\"text-align: center\">Meget hygiejnisk og uforg\u00e6ngelig ved normal brug.<\/p>\n<p>&nbsp;<\/p>\n<p><strong>Detaljer:<\/strong><\/p>\n<p>Materiale: PVC kerne, nappa l\u00e6der<br \/>\nFarve: Sort:<br \/>\nL\u00e6ngde: 65 cm<br \/>\nBredde: 14 mm<\/p>\n<p>&nbsp;<\/p>\n<p><strong>Leveringsomfang:<\/strong> 1 fleksibel stok<\/p>\n<p>&nbsp;<\/p>\n<hr \/>\n<blockquote>\n<p style=\"text-align: center\"><span style=\"color: #333399\">Oplysningerne om produkterne er givet efter vores bedste viden og overbevisning. Alle dimensioner er omtrentlige. Brugen af de produkter, der tilbydes her i butikken, er p\u00e5 eget ansvar. Hver person reagerer forskelligt p\u00e5 ydre p\u00e5virkninger, p\u00e5 nydelse eller smerte osv. Derfor kan der ikke p\u00e5tages noget ansvar for forkert brug.  Hver bruger b\u00e6rer det fulde ansvar for brug eller korrekt brug af produkterne og dets uforudsigelige konsekvenser.<\/span><\/p>\n<\/blockquote>","protected":false},"excerpt":{"rendered":"<p>Leveringstid: 5-7 dage*<\/p>","protected":false},"featured_media":8629,"template":"","meta":[],"product_brand":[],"product_cat":[224,252],"product_tag":[254,308],"class_list":{"0":"post-2991","1":"product","2":"type-product","3":"status-publish","4":"has-post-thumbnail","6":"product_cat-lustschmerz","7":"product_cat-peitschen-gerten","8":"product_tag-echtleder","9":"product_tag-rohrstock","11":"first","12":"instock","13":"taxable","14":"shipping-taxable","15":"purchasable","16":"product-type-simple"},"_links":{"self":[{"href":"https:\/\/bavarian-bondage.de\/da\/wp-json\/wp\/v2\/product\/2991","targetHints":{"allow":["GET"]}}],"collection":[{"href":"https:\/\/bavarian-bondage.de\/da\/wp-json\/wp\/v2\/product"}],"about":[{"href":"https:\/\/bavarian-bondage.de\/da\/wp-json\/wp\/v2\/types\/product"}],"version-history":[{"count":2,"href":"https:\/\/bavarian-bondage.de\/da\/wp-json\/wp\/v2\/product\/2991\/revisions"}],"predecessor-version":[{"id":13986,"href":"https:\/\/bavarian-bondage.de\/da\/wp-json\/wp\/v2\/product\/2991\/revisions\/13986"}],"wp:featuredmedia":[{"embeddable":true,"href":"https:\/\/bavarian-bondage.de\/da\/wp-json\/wp\/v2\/media\/8629"}],"wp:attachment":[{"href":"https:\/\/bavarian-bondage.de\/da\/wp-json\/wp\/v2\/media?parent=2991"}],"wp:term":[{"taxonomy":"product_brand","embeddable":true,"href":"https:\/\/bavarian-bondage.de\/da\/wp-json\/wp\/v2\/product_brand?post=2991"},{"taxonomy":"product_cat","embeddable":true,"href":"https:\/\/bavarian-bondage.de\/da\/wp-json\/wp\/v2\/product_cat?post=2991"},{"taxonomy":"product_tag","embeddable":true,"href":"https:\/\/bavarian-bondage.de\/da\/wp-json\/wp\/v2\/product_tag?post=2991"}],"curies":[{"name":"wp","href":"https:\/\/api.w.org\/{rel}","templated":true}]}}