{"id":2994,"date":"2020-10-17T12:50:41","date_gmt":"2020-10-17T10:50:41","guid":{"rendered":"https:\/\/bavarian-bondage.tivendo.com\/produkt\/import-placeholder-for-545\/"},"modified":"2025-05-04T16:50:20","modified_gmt":"2025-05-04T14:50:20","slug":"clips-med-kroge","status":"publish","type":"product","link":"https:\/\/bavarian-bondage.de\/da\/produkt\/klammern-mit-haken\/","title":{"rendered":"Clips med kroge"},"content":{"rendered":"<h3 style=\"text-align: center\">Clips med kroge<\/h3>\n<p style=\"text-align: center\">Disse klassiske clips lavet af metal er behagelige at have p\u00e5 takket v\u00e6re deres store, gummibelagte pude.  Alle mulige ting kan h\u00e6nges og fastg\u00f8res til de praktiske og flytbare kroge.<\/p>\n<p>&nbsp;<\/p>\n<p style=\"text-align: left\"><strong>Detaljer:<\/strong><\/p>\n<p>Materiale: metal, gummipude<br \/>\nL\u00e6ngde: 7 cm<br \/>\nBredde: 3 cm<\/p>\n<p>&nbsp;<\/p>\n<p><strong>Leveringsomfang:<\/strong> 2 styk beslag med kroge<\/p>\n<p>&nbsp;<\/p>\n<hr \/>\n<blockquote>\n<p style=\"text-align: center\"><span style=\"color: #333399\">\u00a0Oplysningerne om produkterne er givet efter vores bedste viden og overbevisning. Alle dimensioner er omtrentlige. Brugen af de produkter, der tilbydes her i butikken, er p\u00e5 eget ansvar. Hver person reagerer forskelligt p\u00e5 ydre p\u00e5virkninger, p\u00e5 nydelse eller smerte osv. Derfor kan der ikke p\u00e5tages noget ansvar for forkert brug.  Hver bruger b\u00e6rer det fulde ansvar for brug eller korrekt brug af produkterne og dets uforudsigelige konsekvenser.<\/span><\/p>\n<\/blockquote>","protected":false},"excerpt":{"rendered":"<p>Leveringstid: 5-7 dage*<\/p>","protected":false},"featured_media":8565,"template":"","meta":[],"product_brand":[],"product_cat":[248],"product_tag":[309,310,311],"class_list":{"0":"post-2994","1":"product","2":"type-product","3":"status-publish","4":"has-post-thumbnail","6":"product_cat-klammern","7":"product_tag-haken","8":"product_tag-klammer","9":"product_tag-nippelklammern","11":"first","12":"instock","13":"taxable","14":"shipping-taxable","15":"purchasable","16":"product-type-simple"},"_links":{"self":[{"href":"https:\/\/bavarian-bondage.de\/da\/wp-json\/wp\/v2\/product\/2994","targetHints":{"allow":["GET"]}}],"collection":[{"href":"https:\/\/bavarian-bondage.de\/da\/wp-json\/wp\/v2\/product"}],"about":[{"href":"https:\/\/bavarian-bondage.de\/da\/wp-json\/wp\/v2\/types\/product"}],"version-history":[{"count":3,"href":"https:\/\/bavarian-bondage.de\/da\/wp-json\/wp\/v2\/product\/2994\/revisions"}],"predecessor-version":[{"id":13963,"href":"https:\/\/bavarian-bondage.de\/da\/wp-json\/wp\/v2\/product\/2994\/revisions\/13963"}],"wp:featuredmedia":[{"embeddable":true,"href":"https:\/\/bavarian-bondage.de\/da\/wp-json\/wp\/v2\/media\/8565"}],"wp:attachment":[{"href":"https:\/\/bavarian-bondage.de\/da\/wp-json\/wp\/v2\/media?parent=2994"}],"wp:term":[{"taxonomy":"product_brand","embeddable":true,"href":"https:\/\/bavarian-bondage.de\/da\/wp-json\/wp\/v2\/product_brand?post=2994"},{"taxonomy":"product_cat","embeddable":true,"href":"https:\/\/bavarian-bondage.de\/da\/wp-json\/wp\/v2\/product_cat?post=2994"},{"taxonomy":"product_tag","embeddable":true,"href":"https:\/\/bavarian-bondage.de\/da\/wp-json\/wp\/v2\/product_tag?post=2994"}],"curies":[{"name":"wp","href":"https:\/\/api.w.org\/{rel}","templated":true}]}}