{"id":2995,"date":"2020-10-17T12:58:41","date_gmt":"2020-10-17T10:58:41","guid":{"rendered":"https:\/\/bavarian-bondage.tivendo.com\/produkt\/import-placeholder-for-550\/"},"modified":"2025-11-14T12:27:49","modified_gmt":"2025-11-14T11:27:49","slug":"laeder-bind-for-ojnene","status":"publish","type":"product","link":"https:\/\/bavarian-bondage.de\/da\/produkt\/leder-augenbinde\/","title":{"rendered":"L\u00e6der bind for \u00f8jnene"},"content":{"rendered":"<h3 style=\"text-align: center\">L\u00e6der bind for \u00f8jnene<\/h3>\n<p style=\"text-align: center\">Dette bind for \u00f8jnene er polstret p\u00e5 indersiden for en behagelig pasform. Denne er fastgjort med en 15 mm bred velcrolukning.<\/p>\n<p>&nbsp;<\/p>\n<p><strong>Detalje:<\/strong><\/p>\n<p>Materiale: l\u00e6der, velcro<br \/>\nL\u00e6ngde for bind for \u00f8jnene: 40 cm<br \/>\nBredde blindfold: 7,5 cm<br \/>\nFarve: Sort<\/p>\n<p>&nbsp;<\/p>\n<p><strong>Leveringsomfang:<\/strong> 1 x Polstret l\u00e6der bindfold med velcro<\/p>\n<p>&nbsp;<\/p>\n<hr \/>\n<blockquote>\n<p style=\"text-align: center\"><span style=\"color: #333399\">Oplysningerne om produkterne er givet efter vores bedste viden og overbevisning. Alle dimensioner er omtrentlige. Brugen af de produkter, der tilbydes her i butikken, er p\u00e5 eget ansvar. Hver person reagerer forskelligt p\u00e5 ydre p\u00e5virkninger, p\u00e5 nydelse eller smerte osv. Derfor kan der ikke p\u00e5tages noget ansvar for forkert brug.  Hver bruger b\u00e6rer det fulde ansvar for brug eller korrekt brug af produkterne og dets uforudsigelige konsekvenser.<\/span><\/p>\n<\/blockquote>","protected":false},"excerpt":{"rendered":"<p>Leveringstid: 5-7 dage*<\/p>","protected":false},"featured_media":8586,"template":"","meta":[],"product_brand":[],"product_cat":[224,245],"product_tag":[246,306],"class_list":{"0":"post-2995","1":"product","2":"type-product","3":"status-publish","4":"has-post-thumbnail","6":"product_cat-lustschmerz","7":"product_cat-augenbinden","8":"product_tag-augenbinde","9":"product_tag-leder","11":"first","12":"instock","13":"taxable","14":"shipping-taxable","15":"purchasable","16":"product-type-simple"},"_links":{"self":[{"href":"https:\/\/bavarian-bondage.de\/da\/wp-json\/wp\/v2\/product\/2995","targetHints":{"allow":["GET"]}}],"collection":[{"href":"https:\/\/bavarian-bondage.de\/da\/wp-json\/wp\/v2\/product"}],"about":[{"href":"https:\/\/bavarian-bondage.de\/da\/wp-json\/wp\/v2\/types\/product"}],"version-history":[{"count":4,"href":"https:\/\/bavarian-bondage.de\/da\/wp-json\/wp\/v2\/product\/2995\/revisions"}],"predecessor-version":[{"id":13956,"href":"https:\/\/bavarian-bondage.de\/da\/wp-json\/wp\/v2\/product\/2995\/revisions\/13956"}],"wp:featuredmedia":[{"embeddable":true,"href":"https:\/\/bavarian-bondage.de\/da\/wp-json\/wp\/v2\/media\/8586"}],"wp:attachment":[{"href":"https:\/\/bavarian-bondage.de\/da\/wp-json\/wp\/v2\/media?parent=2995"}],"wp:term":[{"taxonomy":"product_brand","embeddable":true,"href":"https:\/\/bavarian-bondage.de\/da\/wp-json\/wp\/v2\/product_brand?post=2995"},{"taxonomy":"product_cat","embeddable":true,"href":"https:\/\/bavarian-bondage.de\/da\/wp-json\/wp\/v2\/product_cat?post=2995"},{"taxonomy":"product_tag","embeddable":true,"href":"https:\/\/bavarian-bondage.de\/da\/wp-json\/wp\/v2\/product_tag?post=2995"}],"curies":[{"name":"wp","href":"https:\/\/api.w.org\/{rel}","templated":true}]}}