{"id":2996,"date":"2020-10-17T12:58:41","date_gmt":"2020-10-17T10:58:41","guid":{"rendered":"https:\/\/bavarian-bondage.tivendo.com\/produkt\/import-placeholder-for-555\/"},"modified":"2026-01-04T22:56:07","modified_gmt":"2026-01-04T21:56:07","slug":"laeder-crop-brun","status":"publish","type":"product","link":"https:\/\/bavarian-bondage.de\/da\/produkt\/ledergerte-braun\/","title":{"rendered":"Brun l\u00e6der afgr\u00f8de"},"content":{"rendered":"<h3 style=\"text-align: center\">Brun l\u00e6der afgr\u00f8de<\/h3>\n<p style=\"text-align: center\">En elegant afgr\u00f8de med et stort, bl\u00f8dt \u00e6gte l\u00e6derslag lover spanking p\u00e5 h\u00f8jeste niveau. H\u00e5ndtaget pakket ind i kunstl\u00e6der og det store endestykke sikrer et godt greb. Selve enheden er lavet af nylonbelagt plast. Sammenlignet med andre enheder er denne lidt sv\u00e6rere og mindre fleksibel.<\/p>\n<p>&nbsp;<\/p>\n<p><strong>Detaljer:<\/strong><\/p>\n<p>Materiale: \u00e6gte l\u00e6der, kunstl\u00e6der, plastik, nylon<br \/>\nSamlet l\u00e6ngde: 60 cm<br \/>\nL\u00e6dersm\u00e6kker: ca. 7 cm lang og 6 cm bred<br \/>\nFarve: Sort, Krom<\/p>\n<p>&nbsp;<\/p>\n<p><strong>Leveringsomfang:<\/strong> 1 brun l\u00e6derpisk<\/p>\n<p>&nbsp;<\/p>\n<hr \/>\n<blockquote>\n<p style=\"text-align: center\"><span style=\"color: #333399\">Oplysningerne om produkterne er givet efter vores bedste viden og overbevisning. Alle dimensioner er omtrentlige. Brugen af de produkter, der tilbydes her i butikken, er p\u00e5 eget ansvar. Hver person reagerer forskelligt p\u00e5 ydre p\u00e5virkninger, p\u00e5 nydelse eller smerte osv. Derfor kan der ikke p\u00e5tages noget ansvar for forkert brug.  Hver bruger b\u00e6rer det fulde ansvar for brug eller korrekt brug af produkterne og dets uforudsigelige konsekvenser.<\/span><\/p>\n<\/blockquote>","protected":false},"excerpt":{"rendered":"<p>Leveringstid: 5-7 dage*<\/p>","protected":false},"featured_media":8625,"template":"","meta":[],"product_brand":[],"product_cat":[252,224],"product_tag":[],"class_list":{"0":"post-2996","1":"product","2":"type-product","3":"status-publish","4":"has-post-thumbnail","6":"product_cat-peitschen-gerten","7":"product_cat-lustschmerz","9":"first","10":"instock","11":"taxable","12":"shipping-taxable","13":"purchasable","14":"product-type-simple"},"_links":{"self":[{"href":"https:\/\/bavarian-bondage.de\/da\/wp-json\/wp\/v2\/product\/2996","targetHints":{"allow":["GET"]}}],"collection":[{"href":"https:\/\/bavarian-bondage.de\/da\/wp-json\/wp\/v2\/product"}],"about":[{"href":"https:\/\/bavarian-bondage.de\/da\/wp-json\/wp\/v2\/types\/product"}],"version-history":[{"count":4,"href":"https:\/\/bavarian-bondage.de\/da\/wp-json\/wp\/v2\/product\/2996\/revisions"}],"predecessor-version":[{"id":13971,"href":"https:\/\/bavarian-bondage.de\/da\/wp-json\/wp\/v2\/product\/2996\/revisions\/13971"}],"wp:featuredmedia":[{"embeddable":true,"href":"https:\/\/bavarian-bondage.de\/da\/wp-json\/wp\/v2\/media\/8625"}],"wp:attachment":[{"href":"https:\/\/bavarian-bondage.de\/da\/wp-json\/wp\/v2\/media?parent=2996"}],"wp:term":[{"taxonomy":"product_brand","embeddable":true,"href":"https:\/\/bavarian-bondage.de\/da\/wp-json\/wp\/v2\/product_brand?post=2996"},{"taxonomy":"product_cat","embeddable":true,"href":"https:\/\/bavarian-bondage.de\/da\/wp-json\/wp\/v2\/product_cat?post=2996"},{"taxonomy":"product_tag","embeddable":true,"href":"https:\/\/bavarian-bondage.de\/da\/wp-json\/wp\/v2\/product_tag?post=2996"}],"curies":[{"name":"wp","href":"https:\/\/api.w.org\/{rel}","templated":true}]}}