{"id":2997,"date":"2020-10-17T12:55:41","date_gmt":"2020-10-17T10:55:41","guid":{"rendered":"https:\/\/bavarian-bondage.tivendo.com\/produkt\/import-placeholder-for-560\/"},"modified":"2026-03-15T21:54:29","modified_gmt":"2026-03-15T20:54:29","slug":"laeder-gag-med-indvendig-kugle","status":"publish","type":"product","link":"https:\/\/bavarian-bondage.de\/da\/produkt\/lederknebel-mit-innenball\/","title":{"rendered":"L\u00e6dergag med indvendig kugle"},"content":{"rendered":"<h3 style=\"text-align: center\">L\u00e6dergag med indvendig kugle<\/h3>\n<p style=\"text-align: center\">En meget effektiv gag i \u00e6gte l\u00e6der, der sikkert omslutter TPE-bolden i munden. Justerbar med centimeter gennem i alt 13 huller.<\/p>\n<p><strong>Detaljer:<\/strong><\/p>\n<p>Materiale: \u00e6gte l\u00e6der, TPE<br \/>\nSamlet l\u00e6ngde: 66 cm<br \/>\nKuglest\u00f8rrelse: 4 cm<br \/>\nL\u00e6derrem: 2 cm<br \/>\nFarve: Sort\/R\u00f8d<\/p>\n<p>&nbsp;<\/p>\n<p><strong>Leveringsomfang:<\/strong> 1 l\u00e6der gag med indvendig kugle<\/p>\n<p>&nbsp;<\/p>\n<hr \/>\n<blockquote>\n<p style=\"text-align: center\"><span style=\"color: #333399\">Oplysningerne om produkterne er givet efter vores bedste viden og overbevisning. Alle dimensioner er omtrentlige. Brugen af de produkter, der tilbydes her i butikken, er p\u00e5 eget ansvar. Hver person reagerer forskelligt p\u00e5 ydre p\u00e5virkninger, p\u00e5 nydelse eller smerte osv. Derfor kan der ikke p\u00e5tages noget ansvar for forkert brug.  Hver bruger b\u00e6rer det fulde ansvar for brug eller korrekt brug af produkterne og dets uforudsigelige konsekvenser.<\/span><\/p>\n<\/blockquote>","protected":false},"excerpt":{"rendered":"<p>Leveringstid: 5-7 dage*<\/p>","protected":false},"featured_media":8608,"template":"","meta":[],"product_brand":[],"product_cat":[229],"product_tag":[232,312,313],"class_list":{"0":"post-2997","1":"product","2":"type-product","3":"status-publish","4":"has-post-thumbnail","6":"product_cat-knebel","7":"product_tag-knebel","8":"product_tag-ringknebel","9":"product_tag-spidergag","11":"first","12":"instock","13":"taxable","14":"shipping-taxable","15":"purchasable","16":"product-type-simple"},"_links":{"self":[{"href":"https:\/\/bavarian-bondage.de\/da\/wp-json\/wp\/v2\/product\/2997","targetHints":{"allow":["GET"]}}],"collection":[{"href":"https:\/\/bavarian-bondage.de\/da\/wp-json\/wp\/v2\/product"}],"about":[{"href":"https:\/\/bavarian-bondage.de\/da\/wp-json\/wp\/v2\/types\/product"}],"version-history":[{"count":3,"href":"https:\/\/bavarian-bondage.de\/da\/wp-json\/wp\/v2\/product\/2997\/revisions"}],"predecessor-version":[{"id":13965,"href":"https:\/\/bavarian-bondage.de\/da\/wp-json\/wp\/v2\/product\/2997\/revisions\/13965"}],"wp:featuredmedia":[{"embeddable":true,"href":"https:\/\/bavarian-bondage.de\/da\/wp-json\/wp\/v2\/media\/8608"}],"wp:attachment":[{"href":"https:\/\/bavarian-bondage.de\/da\/wp-json\/wp\/v2\/media?parent=2997"}],"wp:term":[{"taxonomy":"product_brand","embeddable":true,"href":"https:\/\/bavarian-bondage.de\/da\/wp-json\/wp\/v2\/product_brand?post=2997"},{"taxonomy":"product_cat","embeddable":true,"href":"https:\/\/bavarian-bondage.de\/da\/wp-json\/wp\/v2\/product_cat?post=2997"},{"taxonomy":"product_tag","embeddable":true,"href":"https:\/\/bavarian-bondage.de\/da\/wp-json\/wp\/v2\/product_tag?post=2997"}],"curies":[{"name":"wp","href":"https:\/\/api.w.org\/{rel}","templated":true}]}}