{"id":2998,"date":"2020-10-17T12:57:41","date_gmt":"2020-10-17T10:57:41","guid":{"rendered":"https:\/\/bavarian-bondage.tivendo.com\/produkt\/import-placeholder-for-565\/"},"modified":"2026-04-17T16:27:20","modified_gmt":"2026-04-17T14:27:20","slug":"silikone-skifte-o-ring","status":"publish","type":"product","link":"https:\/\/bavarian-bondage.de\/da\/produkt\/silikonknebel-o-ring\/","title":{"rendered":"Silikone gag O-ring"},"content":{"rendered":"<h3 style=\"text-align: center\">Silikone gag O-ring<\/h3>\n<p style=\"text-align: center\">En lille, men stadig meget effektiv ring gag, der ville passe diskret i enhver bukselomme.  Gagen best\u00e5r af en metalring belagt med silikone og en tynd fastg\u00f8relsesstrop ogs\u00e5 lavet af silikone til fiksering og er derfor let og behagelig at have p\u00e5.<\/p>\n<p style=\"text-align: center\">Gagen er meget godt lavet, sk\u00e6rer ikke i og er behagelig at have p\u00e5.<\/p>\n<p>&nbsp;<\/p>\n<p><strong>Detalje:<\/strong><\/p>\n<p>Materiale: silikone, metal<br \/>\nRingdiameter: 5 cm, inderside 4 cm<br \/>\nSamlet l\u00e6ngde: 65 cm<br \/>\nB\u00e5ndbredde rem: 2 cm<\/p>\n<p>&nbsp;<\/p>\n<p><strong>Leveringsomfang:<\/strong> 1 silikone vippe O-ring<\/p>\n<p>&nbsp;<\/p>\n<hr \/>\n<blockquote>\n<p style=\"text-align: center\"><span style=\"color: #333399\">Oplysningerne om produkterne er givet efter vores bedste viden og overbevisning. Alle dimensioner er omtrentlige. Brugen af de produkter, der tilbydes her i butikken, er p\u00e5 eget ansvar. Hver person reagerer forskelligt p\u00e5 ydre p\u00e5virkninger, p\u00e5 nydelse eller smerte osv. Derfor kan der ikke p\u00e5tages noget ansvar for forkert brug.  Hver bruger b\u00e6rer det fulde ansvar for brug eller korrekt brug af produkterne og dets uforudsigelige konsekvenser.<\/span><\/p>\n<\/blockquote>","protected":false},"excerpt":{"rendered":"<p>Leveringstid: 5-7 dage*<\/p>","protected":false},"featured_media":8610,"template":"","meta":[],"product_brand":[],"product_cat":[229],"product_tag":[227,306,312],"class_list":{"0":"post-2998","1":"product","2":"type-product","3":"status-publish","4":"has-post-thumbnail","6":"product_cat-knebel","7":"product_tag-bondage","8":"product_tag-leder","9":"product_tag-ringknebel","11":"first","12":"instock","13":"taxable","14":"shipping-taxable","15":"purchasable","16":"product-type-simple"},"_links":{"self":[{"href":"https:\/\/bavarian-bondage.de\/da\/wp-json\/wp\/v2\/product\/2998","targetHints":{"allow":["GET"]}}],"collection":[{"href":"https:\/\/bavarian-bondage.de\/da\/wp-json\/wp\/v2\/product"}],"about":[{"href":"https:\/\/bavarian-bondage.de\/da\/wp-json\/wp\/v2\/types\/product"}],"version-history":[{"count":4,"href":"https:\/\/bavarian-bondage.de\/da\/wp-json\/wp\/v2\/product\/2998\/revisions"}],"predecessor-version":[{"id":13966,"href":"https:\/\/bavarian-bondage.de\/da\/wp-json\/wp\/v2\/product\/2998\/revisions\/13966"}],"wp:featuredmedia":[{"embeddable":true,"href":"https:\/\/bavarian-bondage.de\/da\/wp-json\/wp\/v2\/media\/8610"}],"wp:attachment":[{"href":"https:\/\/bavarian-bondage.de\/da\/wp-json\/wp\/v2\/media?parent=2998"}],"wp:term":[{"taxonomy":"product_brand","embeddable":true,"href":"https:\/\/bavarian-bondage.de\/da\/wp-json\/wp\/v2\/product_brand?post=2998"},{"taxonomy":"product_cat","embeddable":true,"href":"https:\/\/bavarian-bondage.de\/da\/wp-json\/wp\/v2\/product_cat?post=2998"},{"taxonomy":"product_tag","embeddable":true,"href":"https:\/\/bavarian-bondage.de\/da\/wp-json\/wp\/v2\/product_tag?post=2998"}],"curies":[{"name":"wp","href":"https:\/\/api.w.org\/{rel}","templated":true}]}}