{"id":2999,"date":"2020-10-17T12:56:42","date_gmt":"2020-10-17T10:56:42","guid":{"rendered":"https:\/\/bavarian-bondage.tivendo.com\/produkt\/import-placeholder-for-570\/"},"modified":"2025-08-05T22:52:35","modified_gmt":"2025-08-05T20:52:35","slug":"laeder-pagaj","status":"publish","type":"product","link":"https:\/\/bavarian-bondage.de\/da\/produkt\/lederpaddel\/","title":{"rendered":"L\u00e6derpagaj"},"content":{"rendered":"<h3 style=\"text-align: center\">L\u00e6derpagaj<\/h3>\n<p style=\"text-align: center\">En meget klassisk l\u00e6derpagaj med sort tr\u00e6h\u00e5ndtag, der ligger behageligt i h\u00e5nden og en b\u00e6rerem. Selve l\u00e6deret er ikke for tykt, behageligt bl\u00f8dt og fleksibelt.  Med en samlet l\u00e6ngde p\u00e5 46 cm og en bredde p\u00e5 9 cm er den stor nok til det bedst mulige resultat.<\/p>\n<p>&nbsp;<\/p>\n<p><strong>Detaljer:<\/strong><\/p>\n<p>Materiale: \u00e6gte l\u00e6der, tr\u00e6<br \/>\nFarve: Sort<br \/>\nSamlet l\u00e6ngde: 46 cm<br \/>\nH\u00e5ndtagsl\u00e6ngde: 24 cm<br \/>\nBredde: 9 cm<\/p>\n<p>&nbsp;<\/p>\n<p><strong>Leveringsomfang:<\/strong> 1 l\u00e6derpagaj<\/p>\n<p>&nbsp;<\/p>\n<hr \/>\n<blockquote>\n<p style=\"text-align: center\"><span style=\"color: #333399\">\u00a0Oplysningerne om produkterne er givet efter vores bedste viden og overbevisning. Alle dimensioner er omtrentlige. Brugen af de produkter, der tilbydes her i butikken, er p\u00e5 eget ansvar. Hver person reagerer forskelligt p\u00e5 ydre p\u00e5virkninger, p\u00e5 nydelse eller smerte osv. Derfor kan der ikke p\u00e5tages noget ansvar for forkert brug.  Hver bruger b\u00e6rer det fulde ansvar for brug eller korrekt brug af produkterne og dets uforudsigelige konsekvenser.<\/span><\/p>\n<\/blockquote>","protected":false},"excerpt":{"rendered":"<p>Leveringstid: 5-7 dage*<\/p>","protected":false},"featured_media":8636,"template":"","meta":[],"product_brand":[],"product_cat":[224,252],"product_tag":[254,314,315],"class_list":{"0":"post-2999","1":"product","2":"type-product","3":"status-publish","4":"has-post-thumbnail","6":"product_cat-lustschmerz","7":"product_cat-peitschen-gerten","8":"product_tag-echtleder","9":"product_tag-holzgriff","10":"product_tag-lederpaddel","12":"first","13":"instock","14":"taxable","15":"shipping-taxable","16":"purchasable","17":"product-type-simple"},"_links":{"self":[{"href":"https:\/\/bavarian-bondage.de\/da\/wp-json\/wp\/v2\/product\/2999","targetHints":{"allow":["GET"]}}],"collection":[{"href":"https:\/\/bavarian-bondage.de\/da\/wp-json\/wp\/v2\/product"}],"about":[{"href":"https:\/\/bavarian-bondage.de\/da\/wp-json\/wp\/v2\/types\/product"}],"version-history":[{"count":3,"href":"https:\/\/bavarian-bondage.de\/da\/wp-json\/wp\/v2\/product\/2999\/revisions"}],"predecessor-version":[{"id":13975,"href":"https:\/\/bavarian-bondage.de\/da\/wp-json\/wp\/v2\/product\/2999\/revisions\/13975"}],"wp:featuredmedia":[{"embeddable":true,"href":"https:\/\/bavarian-bondage.de\/da\/wp-json\/wp\/v2\/media\/8636"}],"wp:attachment":[{"href":"https:\/\/bavarian-bondage.de\/da\/wp-json\/wp\/v2\/media?parent=2999"}],"wp:term":[{"taxonomy":"product_brand","embeddable":true,"href":"https:\/\/bavarian-bondage.de\/da\/wp-json\/wp\/v2\/product_brand?post=2999"},{"taxonomy":"product_cat","embeddable":true,"href":"https:\/\/bavarian-bondage.de\/da\/wp-json\/wp\/v2\/product_cat?post=2999"},{"taxonomy":"product_tag","embeddable":true,"href":"https:\/\/bavarian-bondage.de\/da\/wp-json\/wp\/v2\/product_tag?post=2999"}],"curies":[{"name":"wp","href":"https:\/\/api.w.org\/{rel}","templated":true}]}}