{"id":3000,"date":"2020-10-17T12:58:42","date_gmt":"2020-10-17T10:58:42","guid":{"rendered":"https:\/\/bavarian-bondage.tivendo.com\/produkt\/import-placeholder-for-575\/"},"modified":"2025-11-16T02:03:50","modified_gmt":"2025-11-16T01:03:50","slug":"laederpisk-lilla","status":"publish","type":"product","link":"https:\/\/bavarian-bondage.de\/da\/produkt\/lederpeitsche-lila\/","title":{"rendered":"L\u00e6derpisk lilla"},"content":{"rendered":"<h3 style=\"text-align: center\">L\u00e6derpisk lilla<\/h3>\n<p style=\"text-align: center\">Denne lille og meget elegante pisk best\u00e5r af et l\u00e6derbekl\u00e6dt tr\u00e6h\u00e5ndtag, en b\u00e6rerem og 40 meget bl\u00f8de l\u00e6derstrimler. Den lille pisk er ideel til alt fra blide k\u00e6rtegn til st\u00e6rke afstraffelser.<\/p>\n<p style=\"text-align: center\">Lille, smukt udformet ruskindspisk.<\/p>\n<p><strong>Detaljer:<\/strong><\/p>\n<p>Materiale: l\u00e6der, tr\u00e6h\u00e5ndtag<br \/>\nFarve: Lilla\/Sort<br \/>\nL\u00e6ngde: 44 cm<br \/>\nH\u00e5ndtagsl\u00e6ngde: 16 cm<br \/>\nBredde: 35 mm<\/p>\n<p>&nbsp;<\/p>\n<p><strong>Leveringsomfang:<\/strong> 1 l\u00e6derpisk lilla<\/p>\n<p>&nbsp;<\/p>\n<hr \/>\n<blockquote>\n<p style=\"text-align: center\"><span style=\"color: #333399\">Oplysningerne om produkterne er givet efter vores bedste viden og overbevisning. Alle dimensioner er omtrentlige. Brugen af de produkter, der tilbydes her i butikken, er p\u00e5 eget ansvar. Hver person reagerer forskelligt p\u00e5 ydre p\u00e5virkninger, p\u00e5 nydelse eller smerte osv. Derfor kan der ikke p\u00e5tages noget ansvar for forkert brug.  Hver bruger b\u00e6rer det fulde ansvar for brug eller korrekt brug af produkterne og dets uforudsigelige konsekvenser.<\/span><\/p>\n<\/blockquote>","protected":false},"excerpt":{"rendered":"<p>Leveringstid: 5-7 dage*<\/p>","protected":false},"featured_media":8653,"template":"","meta":[],"product_brand":[],"product_cat":[224,252],"product_tag":[307,316],"class_list":{"0":"post-3000","1":"product","2":"type-product","3":"status-publish","4":"has-post-thumbnail","6":"product_cat-lustschmerz","7":"product_cat-peitschen-gerten","8":"product_tag-peitsche","9":"product_tag-wildleder","11":"first","12":"instock","13":"taxable","14":"shipping-taxable","15":"purchasable","16":"product-type-simple"},"_links":{"self":[{"href":"https:\/\/bavarian-bondage.de\/da\/wp-json\/wp\/v2\/product\/3000","targetHints":{"allow":["GET"]}}],"collection":[{"href":"https:\/\/bavarian-bondage.de\/da\/wp-json\/wp\/v2\/product"}],"about":[{"href":"https:\/\/bavarian-bondage.de\/da\/wp-json\/wp\/v2\/types\/product"}],"version-history":[{"count":4,"href":"https:\/\/bavarian-bondage.de\/da\/wp-json\/wp\/v2\/product\/3000\/revisions"}],"predecessor-version":[{"id":13970,"href":"https:\/\/bavarian-bondage.de\/da\/wp-json\/wp\/v2\/product\/3000\/revisions\/13970"}],"wp:featuredmedia":[{"embeddable":true,"href":"https:\/\/bavarian-bondage.de\/da\/wp-json\/wp\/v2\/media\/8653"}],"wp:attachment":[{"href":"https:\/\/bavarian-bondage.de\/da\/wp-json\/wp\/v2\/media?parent=3000"}],"wp:term":[{"taxonomy":"product_brand","embeddable":true,"href":"https:\/\/bavarian-bondage.de\/da\/wp-json\/wp\/v2\/product_brand?post=3000"},{"taxonomy":"product_cat","embeddable":true,"href":"https:\/\/bavarian-bondage.de\/da\/wp-json\/wp\/v2\/product_cat?post=3000"},{"taxonomy":"product_tag","embeddable":true,"href":"https:\/\/bavarian-bondage.de\/da\/wp-json\/wp\/v2\/product_tag?post=3000"}],"curies":[{"name":"wp","href":"https:\/\/api.w.org\/{rel}","templated":true}]}}