{"id":3003,"date":"2020-10-17T12:56:53","date_gmt":"2020-10-17T10:56:53","guid":{"rendered":"https:\/\/bavarian-bondage.tivendo.com\/produkt\/import-placeholder-for-592\/"},"modified":"2026-01-15T17:29:29","modified_gmt":"2026-01-15T16:29:29","slug":"padle-smal","status":"publish","type":"product","link":"https:\/\/bavarian-bondage.de\/da\/produkt\/paddel-schmal\/","title":{"rendered":"Padle smal"},"content":{"rendered":"<h3 style=\"text-align: center\">Padle smal<\/h3>\n<p style=\"text-align: center\">En padle, eller m\u00e5ske en stok? Under alle omst\u00e6ndigheder et smukt fremstillet og effektivt leget\u00f8j, der kan give masser af sjov. Den robuste padle best\u00e5r af et gummih\u00e5ndtag og en polstret, l\u00e6derbetrukket slagflade.<\/p>\n<p style=\"text-align: center\">Et nyt og genialt design.<\/p>\n<p>&nbsp;<\/p>\n<p><strong>Detaljer:<\/strong><\/p>\n<p>Materiale: l\u00e6der, gummi<br \/>\nFarve: Sort<br \/>\nL\u00e6ngde: 60 cm<br \/>\nBredde: 35 mm<\/p>\n<p>&nbsp;<\/p>\n<p><strong>Leveringsomfang:<\/strong> 1 pagaj smal<\/p>\n<p>&nbsp;<\/p>\n<hr \/>\n<blockquote>\n<p style=\"text-align: center\"><span style=\"color: #333399\">Oplysningerne om produkterne er givet efter vores bedste viden og overbevisning. Alle dimensioner er omtrentlige. Brugen af de produkter, der tilbydes her i butikken, er p\u00e5 eget ansvar. Hver person reagerer forskelligt p\u00e5 ydre p\u00e5virkninger, p\u00e5 nydelse eller smerte osv. Derfor kan der ikke p\u00e5tages noget ansvar for forkert brug.  Hver bruger b\u00e6rer det fulde ansvar for brug eller korrekt brug af produkterne og dets uforudsigelige konsekvenser.<\/span><\/p>\n<\/blockquote>","protected":false},"excerpt":{"rendered":"<p>Leveringstid: 5-7 dage*<\/p>","protected":false},"featured_media":8633,"template":"","meta":[],"product_brand":[],"product_cat":[224,252],"product_tag":[255,306,308],"class_list":{"0":"post-3003","1":"product","2":"type-product","3":"status-publish","4":"has-post-thumbnail","6":"product_cat-lustschmerz","7":"product_cat-peitschen-gerten","8":"product_tag-paddel","9":"product_tag-leder","10":"product_tag-rohrstock","12":"first","13":"instock","14":"taxable","15":"shipping-taxable","16":"purchasable","17":"product-type-simple"},"_links":{"self":[{"href":"https:\/\/bavarian-bondage.de\/da\/wp-json\/wp\/v2\/product\/3003","targetHints":{"allow":["GET"]}}],"collection":[{"href":"https:\/\/bavarian-bondage.de\/da\/wp-json\/wp\/v2\/product"}],"about":[{"href":"https:\/\/bavarian-bondage.de\/da\/wp-json\/wp\/v2\/types\/product"}],"version-history":[{"count":3,"href":"https:\/\/bavarian-bondage.de\/da\/wp-json\/wp\/v2\/product\/3003\/revisions"}],"predecessor-version":[{"id":16497,"href":"https:\/\/bavarian-bondage.de\/da\/wp-json\/wp\/v2\/product\/3003\/revisions\/16497"}],"wp:featuredmedia":[{"embeddable":true,"href":"https:\/\/bavarian-bondage.de\/da\/wp-json\/wp\/v2\/media\/8633"}],"wp:attachment":[{"href":"https:\/\/bavarian-bondage.de\/da\/wp-json\/wp\/v2\/media?parent=3003"}],"wp:term":[{"taxonomy":"product_brand","embeddable":true,"href":"https:\/\/bavarian-bondage.de\/da\/wp-json\/wp\/v2\/product_brand?post=3003"},{"taxonomy":"product_cat","embeddable":true,"href":"https:\/\/bavarian-bondage.de\/da\/wp-json\/wp\/v2\/product_cat?post=3003"},{"taxonomy":"product_tag","embeddable":true,"href":"https:\/\/bavarian-bondage.de\/da\/wp-json\/wp\/v2\/product_tag?post=3003"}],"curies":[{"name":"wp","href":"https:\/\/api.w.org\/{rel}","templated":true}]}}