{"id":3004,"date":"2020-10-17T12:59:53","date_gmt":"2020-10-17T10:59:53","guid":{"rendered":"https:\/\/bavarian-bondage.tivendo.com\/produkt\/import-placeholder-for-602\/"},"modified":"2025-11-16T02:03:50","modified_gmt":"2025-11-16T01:03:50","slug":"piskeboldhandtag","status":"publish","type":"product","link":"https:\/\/bavarian-bondage.de\/da\/produkt\/peitsche-kugelgriff\/","title":{"rendered":"Pisk kugleh\u00e5ndtag"},"content":{"rendered":"<h3 style=\"text-align: center\">piskeboldh\u00e5ndtag<\/h3>\n<p style=\"text-align: center\">Denne pisk er lavet af robust l\u00e6der og har et solidt aluminiumsh\u00e5ndtag, der ogs\u00e5 kan bruges som dildo, hvis det kr\u00e6ves.<\/p>\n<p style=\"text-align: center\">Uanset om man straffer eller fork\u00e6ler, er alt muligt med denne pisk.<\/p>\n<p>&nbsp;<\/p>\n<p><strong>Detaljer:<\/strong><\/p>\n<p>Materiale: \u00e6gte l\u00e6der, aluminium<br \/>\nFarve: Sort, S\u00f8lv<br \/>\nSamlet l\u00e6ngde: 56 cm<br \/>\nL\u00e6ngde p\u00e5 aluminiumsh\u00e5ndtag: 19,5 cm<br \/>\nBredde h\u00e5ndtag: ca 2,5 cm<\/p>\n<p>&nbsp;<\/p>\n<p><strong>Leveringsomfang:\u00a0<\/strong> piskeboldh\u00e5ndtag<\/p>\n<p>&nbsp;<\/p>\n<hr \/>\n<blockquote>\n<p style=\"text-align: center\"><span style=\"color: #333399\">Oplysningerne om produkterne er givet efter vores bedste viden og overbevisning. Alle dimensioner er omtrentlige. Brugen af de produkter, der tilbydes her i butikken, er p\u00e5 eget ansvar. Hver person reagerer forskelligt p\u00e5 ydre p\u00e5virkninger, p\u00e5 nydelse eller smerte osv. Derfor kan der ikke p\u00e5tages noget ansvar for forkert brug.  Hver bruger b\u00e6rer det fulde ansvar for brug eller korrekt brug af produkterne og dets uforudsigelige konsekvenser.<\/span><\/p>\n<\/blockquote>","protected":false},"excerpt":{"rendered":"<p>Leveringstid: 5-7 dage*<\/p>","protected":false},"featured_media":8641,"template":"","meta":[],"product_brand":[],"product_cat":[224,252],"product_tag":[307,320,321],"class_list":{"0":"post-3004","1":"product","2":"type-product","3":"status-publish","4":"has-post-thumbnail","6":"product_cat-lustschmerz","7":"product_cat-peitschen-gerten","8":"product_tag-peitsche","9":"product_tag-dildo","10":"product_tag-flogger","12":"first","13":"instock","14":"taxable","15":"shipping-taxable","16":"purchasable","17":"product-type-simple"},"_links":{"self":[{"href":"https:\/\/bavarian-bondage.de\/da\/wp-json\/wp\/v2\/product\/3004","targetHints":{"allow":["GET"]}}],"collection":[{"href":"https:\/\/bavarian-bondage.de\/da\/wp-json\/wp\/v2\/product"}],"about":[{"href":"https:\/\/bavarian-bondage.de\/da\/wp-json\/wp\/v2\/types\/product"}],"version-history":[{"count":3,"href":"https:\/\/bavarian-bondage.de\/da\/wp-json\/wp\/v2\/product\/3004\/revisions"}],"predecessor-version":[{"id":13968,"href":"https:\/\/bavarian-bondage.de\/da\/wp-json\/wp\/v2\/product\/3004\/revisions\/13968"}],"wp:featuredmedia":[{"embeddable":true,"href":"https:\/\/bavarian-bondage.de\/da\/wp-json\/wp\/v2\/media\/8641"}],"wp:attachment":[{"href":"https:\/\/bavarian-bondage.de\/da\/wp-json\/wp\/v2\/media?parent=3004"}],"wp:term":[{"taxonomy":"product_brand","embeddable":true,"href":"https:\/\/bavarian-bondage.de\/da\/wp-json\/wp\/v2\/product_brand?post=3004"},{"taxonomy":"product_cat","embeddable":true,"href":"https:\/\/bavarian-bondage.de\/da\/wp-json\/wp\/v2\/product_cat?post=3004"},{"taxonomy":"product_tag","embeddable":true,"href":"https:\/\/bavarian-bondage.de\/da\/wp-json\/wp\/v2\/product_tag?post=3004"}],"curies":[{"name":"wp","href":"https:\/\/api.w.org\/{rel}","templated":true}]}}