{"id":3005,"date":"2020-10-17T12:56:54","date_gmt":"2020-10-17T10:56:54","guid":{"rendered":"https:\/\/bavarian-bondage.tivendo.com\/produkt\/import-placeholder-for-605\/"},"modified":"2026-04-11T23:55:55","modified_gmt":"2026-04-11T21:55:55","slug":"rebplejecreme-100ml","status":"publish","type":"product","link":"https:\/\/bavarian-bondage.de\/da\/produkt\/rope-care-cream-100ml\/","title":{"rendered":"Rebplejecreme 100ml"},"content":{"rendered":"<h3 style=\"text-align: center\">Rebplejecreme<\/h3>\n<p style=\"text-align: center\">(Egen produktion)<\/p>\n<p style=\"text-align: center\">Som navnet antyder, har Rope Care Cream en forholdsvis fast konsistens og masseres ind i rebet i mods\u00e6tning til olie. Normalt er en m\u00e6ngde p\u00e5 st\u00f8rrelse med hasseln\u00f8d nok til et otte meter langt reb.<\/p>\n<p style=\"text-align: center\">100% naturlige rebpleje er velegnet til b\u00e5de hamp og jute reb.<\/p>\n<p style=\"text-align: center\">Efter brug skal rebene t\u00f8rre i et par dage.<\/p>\n<p style=\"text-align: center\">Du kan finde tips om rebpleje og brug <a href=\"https:\/\/bavarian-bondage.de\/da\/plejetips-til-rebene\/\">her.<\/a><\/p>\n<p style=\"text-align: center\"><span style=\"color: #ff0000\">Ikke en kosmetisk genstand<\/span><\/p>\n<p style=\"text-align: center\"><span style=\"color: #ff0000\">Ikke egnet til forbrug<\/span><\/p>\n<p><strong>Sammens\u00e6tning:<\/strong><\/p>\n<p>Bivoks<br \/>\nJojoba olie<\/p>\n<p>&nbsp;<\/p>\n<p><strong>Leveringsomfang:<\/strong> 100 ml rebplejecreme<\/p>\n<p>&nbsp;<\/p>\n<hr \/>\n<blockquote>\n<p style=\"text-align: center\"><span style=\"color: #333399\">Oplysningerne om produkterne er givet efter vores bedste viden og overbevisning. Alle dimensioner er omtrentlige. Brugen af de produkter, der tilbydes her i butikken, er p\u00e5 eget ansvar. Hver person reagerer forskelligt p\u00e5 ydre p\u00e5virkninger, p\u00e5 nydelse eller smerte osv. Derfor kan der ikke p\u00e5tages noget ansvar for ukorrekt brug.  Hver bruger b\u00e6rer det fulde ansvar for brug eller korrekt brug af produkterne og dets uforudsigelige konsekvenser.<\/span><\/p>\n<\/blockquote>\n<p>&nbsp;<\/p>","protected":false},"excerpt":{"rendered":"<p>Grundpris: 119,00 \u20ac\/l<\/p>\n<p>Leveringstid: 5-7 dage*<\/p>","protected":false},"featured_media":8548,"template":"","meta":[],"product_brand":[],"product_cat":[322],"product_tag":[323,324],"class_list":{"0":"post-3005","1":"product","2":"type-product","3":"status-publish","4":"has-post-thumbnail","6":"product_cat-seilpflege","7":"product_tag-rope-wachs","8":"product_tag-seilpflege","10":"first","11":"instock","12":"taxable","13":"shipping-taxable","14":"purchasable","15":"product-type-simple"},"_links":{"self":[{"href":"https:\/\/bavarian-bondage.de\/da\/wp-json\/wp\/v2\/product\/3005","targetHints":{"allow":["GET"]}}],"collection":[{"href":"https:\/\/bavarian-bondage.de\/da\/wp-json\/wp\/v2\/product"}],"about":[{"href":"https:\/\/bavarian-bondage.de\/da\/wp-json\/wp\/v2\/types\/product"}],"version-history":[{"count":6,"href":"https:\/\/bavarian-bondage.de\/da\/wp-json\/wp\/v2\/product\/3005\/revisions"}],"predecessor-version":[{"id":13914,"href":"https:\/\/bavarian-bondage.de\/da\/wp-json\/wp\/v2\/product\/3005\/revisions\/13914"}],"wp:featuredmedia":[{"embeddable":true,"href":"https:\/\/bavarian-bondage.de\/da\/wp-json\/wp\/v2\/media\/8548"}],"wp:attachment":[{"href":"https:\/\/bavarian-bondage.de\/da\/wp-json\/wp\/v2\/media?parent=3005"}],"wp:term":[{"taxonomy":"product_brand","embeddable":true,"href":"https:\/\/bavarian-bondage.de\/da\/wp-json\/wp\/v2\/product_brand?post=3005"},{"taxonomy":"product_cat","embeddable":true,"href":"https:\/\/bavarian-bondage.de\/da\/wp-json\/wp\/v2\/product_cat?post=3005"},{"taxonomy":"product_tag","embeddable":true,"href":"https:\/\/bavarian-bondage.de\/da\/wp-json\/wp\/v2\/product_tag?post=3005"}],"curies":[{"name":"wp","href":"https:\/\/api.w.org\/{rel}","templated":true}]}}